{"id":2472,"date":"2024-05-13T09:26:55","date_gmt":"2024-05-13T07:26:55","guid":{"rendered":"https:\/\/modest-cartwright.45-82-188-209.plesk.page\/?post_type=product&#038;p=2472"},"modified":"2024-08-20T12:42:45","modified_gmt":"2024-08-20T10:42:45","slug":"1-4-20-adapter-voor-gopro-camera","status":"publish","type":"product","link":"https:\/\/sealife-cameras.eu\/fr\/produit\/1-4-20-adapter-voor-gopro-camera\/","title":{"rendered":"Adaptateur 1\/4-20 pour cam\u00e9ra GoPro"},"content":{"rendered":"<p><em>Adaptateur 1\/4-20 pour cam\u00e9ra GoPro<br \/>\nNum\u00e9ro de produit SL9817<\/p>\n<p>L'adaptateur GoPro\u00ae ajoute une monture de tr\u00e9pied standard 1 \/ 4-20 \u00e0 votre cam\u00e9ra GoPro, pour un montage rapide et facile sur les lumi\u00e8res sous-marines et autres accessoires.<br \/>\nSe fixe \u00e0 l'aide de la molette et du boulon de la monture d'origine de l'appareil photo. Un \u00e9crou est inclus.<\/p>","protected":false},"excerpt":{"rendered":"<p>1\/4-20 Adapter voor GoPro\u00ae Camera Product Nr. SL9817 De GoPro\u00ae-adapter voegt een standaard 1 \/ 4-20-statiefbevestiging toe aan uw GoPro-camera, voor snelle [&hellip;]<\/p>\n","protected":false},"featured_media":2502,"comment_status":"closed","ping_status":"closed","template":"","meta":{"_acf_changed":false},"product_brand":[],"product_cat":[419,418],"product_tag":[251,421,152,282,417,168,252,377,379,237],"class_list":{"0":"post-2472","1":"product","2":"type-product","3":"status-publish","4":"has-post-thumbnail","6":"product_cat-accessoires","7":"product_cat-camera-accessoires","8":"product_tag-accessoires","9":"product_tag-adapter-fotografie","10":"product_tag-camera","11":"product_tag-diving","12":"product_tag-go-pro","13":"product_tag-onderwater","14":"product_tag-onderwaterwereld","15":"product_tag-photography","16":"product_tag-sealife","17":"product_tag-underwater","18":"product_shipping_class-pakket","20":"first","21":"instock","22":"product-type-simple"},"acf":[],"_links":{"self":[{"href":"https:\/\/sealife-cameras.eu\/fr\/wp-json\/wp\/v2\/product\/2472","targetHints":{"allow":["GET"]}}],"collection":[{"href":"https:\/\/sealife-cameras.eu\/fr\/wp-json\/wp\/v2\/product"}],"about":[{"href":"https:\/\/sealife-cameras.eu\/fr\/wp-json\/wp\/v2\/types\/product"}],"replies":[{"embeddable":true,"href":"https:\/\/sealife-cameras.eu\/fr\/wp-json\/wp\/v2\/comments?post=2472"}],"wp:featuredmedia":[{"embeddable":true,"href":"https:\/\/sealife-cameras.eu\/fr\/wp-json\/wp\/v2\/media\/2502"}],"wp:attachment":[{"href":"https:\/\/sealife-cameras.eu\/fr\/wp-json\/wp\/v2\/media?parent=2472"}],"wp:term":[{"taxonomy":"product_brand","embeddable":true,"href":"https:\/\/sealife-cameras.eu\/fr\/wp-json\/wp\/v2\/product_brand?post=2472"},{"taxonomy":"product_cat","embeddable":true,"href":"https:\/\/sealife-cameras.eu\/fr\/wp-json\/wp\/v2\/product_cat?post=2472"},{"taxonomy":"product_tag","embeddable":true,"href":"https:\/\/sealife-cameras.eu\/fr\/wp-json\/wp\/v2\/product_tag?post=2472"}],"curies":[{"name":"wp","href":"https:\/\/api.w.org\/{rel}","templated":true}]}}