{"id":2474,"date":"2024-05-13T09:26:55","date_gmt":"2024-05-13T07:26:55","guid":{"rendered":"https:\/\/modest-cartwright.45-82-188-209.plesk.page\/?post_type=product&#038;p=2474"},"modified":"2024-08-20T12:42:45","modified_gmt":"2024-08-20T10:42:45","slug":"moisture-muncher-capsules","status":"publish","type":"product","link":"https:\/\/sealife-cameras.eu\/fr\/produit\/moisture-muncher-capsules\/","title":{"rendered":"Capsules Moisture Muncher"},"content":{"rendered":"<p><em>Capsules Moisture Muncher<br \/>\nNum\u00e9ro de produit SL911<\/em><\/p>\n<p>Les sachets Moisture Muncher absorbent l'humidit\u00e9 pour \u00e9viter la formation de bu\u00e9e et la corrosion de vos appareils \u00e9lectroniques et photographiques de valeur. Utilisez-les dans une mallette ou un conteneur herm\u00e9tique pour cr\u00e9er un environnement parfaitement sec pour vos objets de valeur.<br \/>\nChaque paquet contient dix (10) capsules de 1,5 g contenant du gel de silice color\u00e9. Chaque capsule est emball\u00e9e s\u00e9par\u00e9ment. Lorsque le gel passe du bleu au rose, l'absorption est compl\u00e8te.<\/p>","protected":false},"excerpt":{"rendered":"<p>Moisture Muncher Capsules Product Nr. SL911 Moisture Muncher Packs absorberen vocht om beslaan en corrosie van uw waardevolle elektronica en camera&#8217;s te [&hellip;]<\/p>\n","protected":false},"featured_media":2863,"comment_status":"closed","ping_status":"closed","template":"","meta":{"_acf_changed":false},"product_brand":[],"product_cat":[419,418],"product_tag":[251,152,282,146,423,168,252,377,379,237],"class_list":{"0":"post-2474","1":"product","2":"type-product","3":"status-publish","4":"has-post-thumbnail","6":"product_cat-accessoires","7":"product_cat-camera-accessoires","8":"product_tag-accessoires","9":"product_tag-camera","10":"product_tag-diving","11":"product_tag-fotografie","12":"product_tag-moisture-muncher-capsules","13":"product_tag-onderwater","14":"product_tag-onderwaterwereld","15":"product_tag-photography","16":"product_tag-sealife","17":"product_tag-underwater","18":"product_shipping_class-pakket","20":"first","21":"instock","22":"product-type-simple"},"acf":[],"_links":{"self":[{"href":"https:\/\/sealife-cameras.eu\/fr\/wp-json\/wp\/v2\/product\/2474","targetHints":{"allow":["GET"]}}],"collection":[{"href":"https:\/\/sealife-cameras.eu\/fr\/wp-json\/wp\/v2\/product"}],"about":[{"href":"https:\/\/sealife-cameras.eu\/fr\/wp-json\/wp\/v2\/types\/product"}],"replies":[{"embeddable":true,"href":"https:\/\/sealife-cameras.eu\/fr\/wp-json\/wp\/v2\/comments?post=2474"}],"wp:featuredmedia":[{"embeddable":true,"href":"https:\/\/sealife-cameras.eu\/fr\/wp-json\/wp\/v2\/media\/2863"}],"wp:attachment":[{"href":"https:\/\/sealife-cameras.eu\/fr\/wp-json\/wp\/v2\/media?parent=2474"}],"wp:term":[{"taxonomy":"product_brand","embeddable":true,"href":"https:\/\/sealife-cameras.eu\/fr\/wp-json\/wp\/v2\/product_brand?post=2474"},{"taxonomy":"product_cat","embeddable":true,"href":"https:\/\/sealife-cameras.eu\/fr\/wp-json\/wp\/v2\/product_cat?post=2474"},{"taxonomy":"product_tag","embeddable":true,"href":"https:\/\/sealife-cameras.eu\/fr\/wp-json\/wp\/v2\/product_tag?post=2474"}],"curies":[{"name":"wp","href":"https:\/\/api.w.org\/{rel}","templated":true}]}}