{"id":2479,"date":"2024-05-13T09:26:55","date_gmt":"2024-05-13T07:26:55","guid":{"rendered":"https:\/\/modest-cartwright.45-82-188-209.plesk.page\/?post_type=product&#038;p=2479"},"modified":"2024-08-20T12:42:45","modified_gmt":"2024-08-20T10:42:45","slug":"luxe-polsband-met-clip","status":"publish","type":"product","link":"https:\/\/sealife-cameras.eu\/fr\/produit\/luxe-polsband-met-clip\/","title":{"rendered":"Bracelet de luxe avec clip"},"content":{"rendered":"<p><em>Bracelet de luxe avec clip<br \/>\nNum\u00e9ro de produit SL7202<br \/>\nLe bracelet SeaLife peut \u00eatre facilement attach\u00e9 aux appareils photo, aux lumi\u00e8res et \u00e0 d'autres \u00e9quipements, et se fixe \u00e0 votre poignet pendant l'utilisation.<br \/>\nLa sangle en n\u00e9opr\u00e8ne, confortable et de haute qualit\u00e9, s'ajuste \u00e0 tous les poignets et comporte un clip pour l'attacher \u00e0 votre sac.<\/p>","protected":false},"excerpt":{"rendered":"<p>Luxe polsband met clip Product Nr. SL7202 De SeaLife-polsband kan eenvoudig worden bevestigd aan camera&#8217;s, verlichting en andere uitrusting, en wordt tijdens [&hellip;]<\/p>\n","protected":false},"featured_media":2512,"comment_status":"closed","ping_status":"closed","template":"","meta":{"_acf_changed":false},"product_brand":[],"product_cat":[419,418],"product_tag":[251,152,428,282,146,168,252,377,379,237],"class_list":{"0":"post-2479","1":"product","2":"type-product","3":"status-publish","4":"has-post-thumbnail","6":"product_cat-accessoires","7":"product_cat-camera-accessoires","8":"product_tag-accessoires","9":"product_tag-camera","10":"product_tag-deluxe","11":"product_tag-diving","12":"product_tag-fotografie","13":"product_tag-onderwater","14":"product_tag-onderwaterwereld","15":"product_tag-photography","16":"product_tag-sealife","17":"product_tag-underwater","18":"product_shipping_class-pakket","20":"first","21":"instock","22":"product-type-simple"},"acf":[],"_links":{"self":[{"href":"https:\/\/sealife-cameras.eu\/fr\/wp-json\/wp\/v2\/product\/2479","targetHints":{"allow":["GET"]}}],"collection":[{"href":"https:\/\/sealife-cameras.eu\/fr\/wp-json\/wp\/v2\/product"}],"about":[{"href":"https:\/\/sealife-cameras.eu\/fr\/wp-json\/wp\/v2\/types\/product"}],"replies":[{"embeddable":true,"href":"https:\/\/sealife-cameras.eu\/fr\/wp-json\/wp\/v2\/comments?post=2479"}],"wp:featuredmedia":[{"embeddable":true,"href":"https:\/\/sealife-cameras.eu\/fr\/wp-json\/wp\/v2\/media\/2512"}],"wp:attachment":[{"href":"https:\/\/sealife-cameras.eu\/fr\/wp-json\/wp\/v2\/media?parent=2479"}],"wp:term":[{"taxonomy":"product_brand","embeddable":true,"href":"https:\/\/sealife-cameras.eu\/fr\/wp-json\/wp\/v2\/product_brand?post=2479"},{"taxonomy":"product_cat","embeddable":true,"href":"https:\/\/sealife-cameras.eu\/fr\/wp-json\/wp\/v2\/product_cat?post=2479"},{"taxonomy":"product_tag","embeddable":true,"href":"https:\/\/sealife-cameras.eu\/fr\/wp-json\/wp\/v2\/product_tag?post=2479"}],"curies":[{"name":"wp","href":"https:\/\/api.w.org\/{rel}","templated":true}]}}