{"id":2486,"date":"2024-05-13T09:26:55","date_gmt":"2024-05-13T07:26:55","guid":{"rendered":"https:\/\/modest-cartwright.45-82-188-209.plesk.page\/?post_type=product&#038;p=2486"},"modified":"2024-08-20T12:42:46","modified_gmt":"2024-08-20T10:42:46","slug":"xtar-18650-batterij","status":"publish","type":"product","link":"https:\/\/sealife-cameras.eu\/fr\/produit\/xtar-18650-batterij\/","title":{"rendered":"Batterie XTAR 18650"},"content":{"rendered":"<p><em>Batterie XTAR 18650<br \/>\nNum\u00e9ro de produit SL9828<\/em><\/p>\n<p>Batterie rechargeable 18600 3500 mAh 3,6 V con\u00e7ue pour les lampes Sea Dragon Mini 600, 650S \/ F, 900S, 1000F, 1300S et Mini Fluoro, ainsi que pour d'autres marques de lampes. La batterie a une capacit\u00e9 r\u00e9elle de 3500 mAh et est tr\u00e8s durable. La cellule est une Panasonic-Sanyo NCR18650GA. Protection interne du circuit imprim\u00e9 et conception innovante r\u00e9sistante aux chocs.<\/p>","protected":false},"excerpt":{"rendered":"<p>XTAR 18650 batterij Product Nr. SL9828 Oplaadbare 18600 3500 mAh 3,6 V-batterij, ontworpen voor Sea Dragon Mini 600, 650S \/ F, 900S, [&hellip;]<\/p>\n","protected":false},"featured_media":2888,"comment_status":"closed","ping_status":"closed","template":"","meta":{"_acf_changed":false},"product_brand":[],"product_cat":[156],"product_tag":[251,429,430,152,282,146,168,252,377,379,237],"class_list":{"0":"post-2486","1":"product","2":"type-product","3":"status-publish","4":"has-post-thumbnail","6":"product_cat-seadragon-accessoires","7":"product_tag-accessoires","8":"product_tag-accu","9":"product_tag-batterij","10":"product_tag-camera","11":"product_tag-diving","12":"product_tag-fotografie","13":"product_tag-onderwater","14":"product_tag-onderwaterwereld","15":"product_tag-photography","16":"product_tag-sealife","17":"product_tag-underwater","18":"product_shipping_class-pakket","20":"first","21":"instock","22":"product-type-simple"},"acf":[],"_links":{"self":[{"href":"https:\/\/sealife-cameras.eu\/fr\/wp-json\/wp\/v2\/product\/2486","targetHints":{"allow":["GET"]}}],"collection":[{"href":"https:\/\/sealife-cameras.eu\/fr\/wp-json\/wp\/v2\/product"}],"about":[{"href":"https:\/\/sealife-cameras.eu\/fr\/wp-json\/wp\/v2\/types\/product"}],"replies":[{"embeddable":true,"href":"https:\/\/sealife-cameras.eu\/fr\/wp-json\/wp\/v2\/comments?post=2486"}],"wp:featuredmedia":[{"embeddable":true,"href":"https:\/\/sealife-cameras.eu\/fr\/wp-json\/wp\/v2\/media\/2888"}],"wp:attachment":[{"href":"https:\/\/sealife-cameras.eu\/fr\/wp-json\/wp\/v2\/media?parent=2486"}],"wp:term":[{"taxonomy":"product_brand","embeddable":true,"href":"https:\/\/sealife-cameras.eu\/fr\/wp-json\/wp\/v2\/product_brand?post=2486"},{"taxonomy":"product_cat","embeddable":true,"href":"https:\/\/sealife-cameras.eu\/fr\/wp-json\/wp\/v2\/product_cat?post=2486"},{"taxonomy":"product_tag","embeddable":true,"href":"https:\/\/sealife-cameras.eu\/fr\/wp-json\/wp\/v2\/product_tag?post=2486"}],"curies":[{"name":"wp","href":"https:\/\/api.w.org\/{rel}","templated":true}]}}