{"id":2487,"date":"2024-05-13T09:26:55","date_gmt":"2024-05-13T07:26:55","guid":{"rendered":"https:\/\/modest-cartwright.45-82-188-209.plesk.page\/?post_type=product&#038;p=2487"},"modified":"2024-08-20T12:42:46","modified_gmt":"2024-08-20T10:42:46","slug":"xtar-mini-oplader-voor-18650-batterij","status":"publish","type":"product","link":"https:\/\/sealife-cameras.eu\/fr\/produit\/xtar-mini-oplader-voor-18650-batterij\/","title":{"rendered":"Mini chargeur XTAR pour batterie 18650"},"content":{"rendered":"<p><em>Mini chargeur XTAR pour batterie 18650<br \/>\nNum\u00e9ro de produit SL9825<\/em><\/p>\n<p>Le mini chargeur XTAR charge les batteries 18650 et peut \u00eatre connect\u00e9 \u00e0 tous les chargeurs muraux USB (comprend le chargeur, le c\u00e2ble USB, la pochette de rangement et le manuel). Les piles ne sont pas incluses.<\/p>","protected":false},"excerpt":{"rendered":"<p>XTAR Mini Oplader voor 18650 batterij Product Nr. SL9825 De XTAR mini-oplader laadt 18650 batterijen op en kan worden aangesloten op alle [&hellip;]<\/p>\n","protected":false},"featured_media":2867,"comment_status":"closed","ping_status":"closed","template":"","meta":{"_acf_changed":false},"product_brand":[],"product_cat":[156],"product_tag":[251,429,430,152,431,282,146,168,252,432,377,379,237],"class_list":{"0":"post-2487","1":"product","2":"type-product","3":"status-publish","4":"has-post-thumbnail","6":"product_cat-seadragon-accessoires","7":"product_tag-accessoires","8":"product_tag-accu","9":"product_tag-batterij","10":"product_tag-camera","11":"product_tag-charger","12":"product_tag-diving","13":"product_tag-fotografie","14":"product_tag-onderwater","15":"product_tag-onderwaterwereld","16":"product_tag-oplader","17":"product_tag-photography","18":"product_tag-sealife","19":"product_tag-underwater","20":"product_shipping_class-pakket","22":"first","23":"instock","24":"product-type-simple"},"acf":[],"_links":{"self":[{"href":"https:\/\/sealife-cameras.eu\/fr\/wp-json\/wp\/v2\/product\/2487","targetHints":{"allow":["GET"]}}],"collection":[{"href":"https:\/\/sealife-cameras.eu\/fr\/wp-json\/wp\/v2\/product"}],"about":[{"href":"https:\/\/sealife-cameras.eu\/fr\/wp-json\/wp\/v2\/types\/product"}],"replies":[{"embeddable":true,"href":"https:\/\/sealife-cameras.eu\/fr\/wp-json\/wp\/v2\/comments?post=2487"}],"wp:featuredmedia":[{"embeddable":true,"href":"https:\/\/sealife-cameras.eu\/fr\/wp-json\/wp\/v2\/media\/2867"}],"wp:attachment":[{"href":"https:\/\/sealife-cameras.eu\/fr\/wp-json\/wp\/v2\/media?parent=2487"}],"wp:term":[{"taxonomy":"product_brand","embeddable":true,"href":"https:\/\/sealife-cameras.eu\/fr\/wp-json\/wp\/v2\/product_brand?post=2487"},{"taxonomy":"product_cat","embeddable":true,"href":"https:\/\/sealife-cameras.eu\/fr\/wp-json\/wp\/v2\/product_cat?post=2487"},{"taxonomy":"product_tag","embeddable":true,"href":"https:\/\/sealife-cameras.eu\/fr\/wp-json\/wp\/v2\/product_tag?post=2487"}],"curies":[{"name":"wp","href":"https:\/\/api.w.org\/{rel}","templated":true}]}}