{"id":2489,"date":"2024-05-13T09:26:55","date_gmt":"2024-05-13T07:26:55","guid":{"rendered":"https:\/\/modest-cartwright.45-82-188-209.plesk.page\/?post_type=product&#038;p=2489"},"modified":"2024-08-20T12:42:46","modified_gmt":"2024-08-20T10:42:46","slug":"sea-dragon-4500f-5000f-batterij","status":"publish","type":"product","link":"https:\/\/sealife-cameras.eu\/fr\/produit\/sea-dragon-4500f-5000f-batterij\/","title":{"rendered":"Batterie Sea Dragon 4500F &amp; 5000F"},"content":{"rendered":"<p><em>Batterie Sea Dragon 4500F &amp; 5000F<br \/>\nNum\u00e9ro de produit SL67510<br \/>\nLa puissante batterie lithium-ion rechargeable 14,8V 50 Wh 3400 mAh alimente les impressionnantes lampes photo\/vid\u00e9o Sea Dragon 4500F et 5000F Pro. Cette batterie maintient la lumi\u00e8re en pleine luminosit\u00e9 pendant 60 minutes et 4 heures en luminosit\u00e9 25%. Convient aux lampes photo\/vid\u00e9o Sea Dragon 4500F et 5000F.<\/em><\/p>","protected":false},"excerpt":{"rendered":"<p>Sea Dragon 4500F &amp; 5000F batterij Product Nr. SL67510 De krachtige 14,8 V 50 Wh 3400 mAh oplaadbare lithium-ionbatterij voedt de indrukwekkende [&hellip;]<\/p>\n","protected":false},"featured_media":2869,"comment_status":"closed","ping_status":"closed","template":"","meta":{"_acf_changed":false},"product_brand":[],"product_cat":[156],"product_tag":[251,429,430,152,282,146,168,252,377,439,379,237],"class_list":{"0":"post-2489","1":"product","2":"type-product","3":"status-publish","4":"has-post-thumbnail","6":"product_cat-seadragon-accessoires","7":"product_tag-accessoires","8":"product_tag-accu","9":"product_tag-batterij","10":"product_tag-camera","11":"product_tag-diving","12":"product_tag-fotografie","13":"product_tag-onderwater","14":"product_tag-onderwaterwereld","15":"product_tag-photography","16":"product_tag-sea-dragon-lampen","17":"product_tag-sealife","18":"product_tag-underwater","19":"product_shipping_class-pakket","21":"first","22":"instock","23":"product-type-simple"},"acf":[],"_links":{"self":[{"href":"https:\/\/sealife-cameras.eu\/fr\/wp-json\/wp\/v2\/product\/2489","targetHints":{"allow":["GET"]}}],"collection":[{"href":"https:\/\/sealife-cameras.eu\/fr\/wp-json\/wp\/v2\/product"}],"about":[{"href":"https:\/\/sealife-cameras.eu\/fr\/wp-json\/wp\/v2\/types\/product"}],"replies":[{"embeddable":true,"href":"https:\/\/sealife-cameras.eu\/fr\/wp-json\/wp\/v2\/comments?post=2489"}],"wp:featuredmedia":[{"embeddable":true,"href":"https:\/\/sealife-cameras.eu\/fr\/wp-json\/wp\/v2\/media\/2869"}],"wp:attachment":[{"href":"https:\/\/sealife-cameras.eu\/fr\/wp-json\/wp\/v2\/media?parent=2489"}],"wp:term":[{"taxonomy":"product_brand","embeddable":true,"href":"https:\/\/sealife-cameras.eu\/fr\/wp-json\/wp\/v2\/product_brand?post=2489"},{"taxonomy":"product_cat","embeddable":true,"href":"https:\/\/sealife-cameras.eu\/fr\/wp-json\/wp\/v2\/product_cat?post=2489"},{"taxonomy":"product_tag","embeddable":true,"href":"https:\/\/sealife-cameras.eu\/fr\/wp-json\/wp\/v2\/product_tag?post=2489"}],"curies":[{"name":"wp","href":"https:\/\/api.w.org\/{rel}","templated":true}]}}