{"id":2529,"date":"2024-05-13T09:27:27","date_gmt":"2024-05-13T07:27:27","guid":{"rendered":"https:\/\/modest-cartwright.45-82-188-209.plesk.page\/?post_type=product&#038;p=2529"},"modified":"2024-08-20T12:42:44","modified_gmt":"2024-08-20T10:42:44","slug":"lined-neoprene-gear-pouch","status":"publish","type":"product","link":"https:\/\/sealife-cameras.eu\/fr\/produit\/lined-neoprene-gear-pouch\/","title":{"rendered":"Pochette en n\u00e9opr\u00e8ne doubl\u00e9e"},"content":{"rendered":"<p><em>Pochette en n\u00e9opr\u00e8ne doubl\u00e9e<br \/>\nNum\u00e9ro de produit SL933<br \/>\nLa pochette protectrice SeaLife est une pochette souple et matelass\u00e9e qui prot\u00e8ge les appareils photo, les objectifs, les lampes ou tout autre \u00e9quipement de plong\u00e9e de pr\u00e9cision. L'int\u00e9rieur en velours doux de la pochette emp\u00eache les rayures sur les optiques et l'\u00e9lectronique sensibles, sp\u00e9cialement con\u00e7u pour les lentilles.<\/em><\/p>","protected":false},"excerpt":{"rendered":"<p>Lined Neoprene Gear Pouch Product Nr. SL933 De SeaLife Protective Gear Pouch is een zacht gevoerde tas die camera&#8217;s, lenzen, verlichting of [&hellip;]<\/p>\n","protected":false},"featured_media":2559,"comment_status":"closed","ping_status":"closed","template":"","meta":{"_acf_changed":false},"product_brand":[],"product_cat":[385],"product_tag":[251,152,451,282,146,168,252,377,379,237],"class_list":{"0":"post-2529","1":"product","2":"type-product","3":"status-publish","4":"has-post-thumbnail","6":"product_cat-overige-accessoires","7":"product_tag-accessoires","8":"product_tag-camera","9":"product_tag-cases","10":"product_tag-diving","11":"product_tag-fotografie","12":"product_tag-onderwater","13":"product_tag-onderwaterwereld","14":"product_tag-photography","15":"product_tag-sealife","16":"product_tag-underwater","17":"product_shipping_class-pakket","19":"first","20":"instock","21":"product-type-simple"},"acf":[],"_links":{"self":[{"href":"https:\/\/sealife-cameras.eu\/fr\/wp-json\/wp\/v2\/product\/2529","targetHints":{"allow":["GET"]}}],"collection":[{"href":"https:\/\/sealife-cameras.eu\/fr\/wp-json\/wp\/v2\/product"}],"about":[{"href":"https:\/\/sealife-cameras.eu\/fr\/wp-json\/wp\/v2\/types\/product"}],"replies":[{"embeddable":true,"href":"https:\/\/sealife-cameras.eu\/fr\/wp-json\/wp\/v2\/comments?post=2529"}],"wp:featuredmedia":[{"embeddable":true,"href":"https:\/\/sealife-cameras.eu\/fr\/wp-json\/wp\/v2\/media\/2559"}],"wp:attachment":[{"href":"https:\/\/sealife-cameras.eu\/fr\/wp-json\/wp\/v2\/media?parent=2529"}],"wp:term":[{"taxonomy":"product_brand","embeddable":true,"href":"https:\/\/sealife-cameras.eu\/fr\/wp-json\/wp\/v2\/product_brand?post=2529"},{"taxonomy":"product_cat","embeddable":true,"href":"https:\/\/sealife-cameras.eu\/fr\/wp-json\/wp\/v2\/product_cat?post=2529"},{"taxonomy":"product_tag","embeddable":true,"href":"https:\/\/sealife-cameras.eu\/fr\/wp-json\/wp\/v2\/product_tag?post=2529"}],"curies":[{"name":"wp","href":"https:\/\/api.w.org\/{rel}","templated":true}]}}