{"id":2534,"date":"2024-05-13T09:27:27","date_gmt":"2024-05-13T07:27:27","guid":{"rendered":"https:\/\/modest-cartwright.45-82-188-209.plesk.page\/?post_type=product&#038;p=2534"},"modified":"2024-08-20T12:42:44","modified_gmt":"2024-08-20T10:42:44","slug":"sealife-compact-gear-retractor","status":"publish","type":"product","link":"https:\/\/sealife-cameras.eu\/fr\/produit\/sealife-compact-gear-retractor\/","title":{"rendered":"R\u00e9tracteur d'engrenage compact Sealife"},"content":{"rendered":"<p>R\u00e9tracteur d'engrenage Sealife<br \/>\nArticle no. SL925<\/p>\n<p>Le SeaLife Gear Retractor est parfait pour les appareils photo compacts jusqu'\u00e0 la taille Micro 3.0 et les petites lampes compactes telles que le Sea Dragon Mini 900 ou 1300. Le r\u00e9tracteur offre une fonction d'attache rapide qui vous permet de vous d\u00e9tacher rapidement de l'appareil attach\u00e9, s'\u00e9tend sur 81cm et a une force de r\u00e9traction de 255g. Le cordon r\u00e9tractable a une r\u00e9sistance \u00e0 la rupture de 27,2 kg (60 lb). Le syst\u00e8me de r\u00e9traction se rince automatiquement ; le seul entretien n\u00e9cessaire est un lavage minutieux \u00e0 l'eau douce.<\/p>\n<p>La partie sup\u00e9rieure de l'enrouleur est munie d'un grand \"clip BC\" qui permet de l'attacher \u00e0 votre BC, \u00e0 votre ceinture ou \u00e0 votre gilet.<\/p>","protected":false},"excerpt":{"rendered":"<p>Sealife Gear Retractor Artikel nr. SL925 De SeaLife Gear Retractor is perfect voor compactcamera&#8217;s tot de grootte van Micro 3.0 en kleine [&hellip;]<\/p>\n","protected":false},"featured_media":2564,"comment_status":"closed","ping_status":"closed","template":"","meta":{"_acf_changed":false},"product_brand":[],"product_cat":[385],"product_tag":[251,152,282,146,168,252,377,379,237,380],"class_list":{"0":"post-2534","1":"product","2":"type-product","3":"status-publish","4":"has-post-thumbnail","6":"product_cat-overige-accessoires","7":"product_tag-accessoires","8":"product_tag-camera","9":"product_tag-diving","10":"product_tag-fotografie","11":"product_tag-onderwater","12":"product_tag-onderwaterwereld","13":"product_tag-photography","14":"product_tag-sealife","15":"product_tag-underwater","16":"product_tag-universal","17":"product_shipping_class-pakket","19":"first","20":"instock","21":"shipping-taxable","22":"product-type-simple"},"acf":[],"_links":{"self":[{"href":"https:\/\/sealife-cameras.eu\/fr\/wp-json\/wp\/v2\/product\/2534","targetHints":{"allow":["GET"]}}],"collection":[{"href":"https:\/\/sealife-cameras.eu\/fr\/wp-json\/wp\/v2\/product"}],"about":[{"href":"https:\/\/sealife-cameras.eu\/fr\/wp-json\/wp\/v2\/types\/product"}],"replies":[{"embeddable":true,"href":"https:\/\/sealife-cameras.eu\/fr\/wp-json\/wp\/v2\/comments?post=2534"}],"wp:featuredmedia":[{"embeddable":true,"href":"https:\/\/sealife-cameras.eu\/fr\/wp-json\/wp\/v2\/media\/2564"}],"wp:attachment":[{"href":"https:\/\/sealife-cameras.eu\/fr\/wp-json\/wp\/v2\/media?parent=2534"}],"wp:term":[{"taxonomy":"product_brand","embeddable":true,"href":"https:\/\/sealife-cameras.eu\/fr\/wp-json\/wp\/v2\/product_brand?post=2534"},{"taxonomy":"product_cat","embeddable":true,"href":"https:\/\/sealife-cameras.eu\/fr\/wp-json\/wp\/v2\/product_cat?post=2534"},{"taxonomy":"product_tag","embeddable":true,"href":"https:\/\/sealife-cameras.eu\/fr\/wp-json\/wp\/v2\/product_tag?post=2534"}],"curies":[{"name":"wp","href":"https:\/\/api.w.org\/{rel}","templated":true}]}}