{"id":2535,"date":"2024-05-13T09:27:28","date_gmt":"2024-05-13T07:27:28","guid":{"rendered":"https:\/\/modest-cartwright.45-82-188-209.plesk.page\/?post_type=product&#038;p=2535"},"modified":"2024-08-20T12:42:43","modified_gmt":"2024-08-20T10:42:43","slug":"sealife-close-up-lens-voor-micro-series-rm-4k","status":"publish","type":"product","link":"https:\/\/sealife-cameras.eu\/fr\/produit\/sealife-close-up-lens-voor-micro-series-rm-4k\/","title":{"rendered":"Objectif de proximit\u00e9 Sealife pour Micro-Series et RM-4K"},"content":{"rendered":"<p>Objectif de proximit\u00e9 Sealife pour Micro-Series et RM-4K<br \/>\nNum\u00e9ro de produit SL572<\/p>\n<p>Capturez des images et des vid\u00e9os en gros plan avec les Micro HD, Micro 2.0, Micro 3.0 et RM-4K<\/p>\n<p>L'objectif Close Up +10 donne aux cam\u00e9ras Micro HD, HD+, 2.0, 3.0 ou RM-4K une plage de mise au point de 15 \u00e0 60 cm sous l'eau et de 8 \u00e0 15 cm sur terre, ce qui permet \u00e0 la cam\u00e9ra de capturer des photos et des vid\u00e9os sous-marines \u00e0 courte distance. Vous pourrez ainsi r\u00e9v\u00e9ler les d\u00e9tails d'une minuscule crevette de corail ou d'un minuscule poisson an\u00e9mone.<\/p>\n<p>L'objectif est dot\u00e9 d'une fixation en caoutchouc durable pour une fixation rapide et pr\u00e9cise. Il peut \u00eatre facilement fix\u00e9 et retir\u00e9 de l'appareil photo sous l'eau, et dispose d'un petit cordon pour le fixer \u00e0 l'appareil photo pendant l'utilisation.<\/p>\n<p>Convient \u00e0 tous les mod\u00e8les de la s\u00e9rie Micro et aux cam\u00e9ras RM-4K.<\/p>","protected":false},"excerpt":{"rendered":"<p>Sealife Close Up Lens voor Micro-Series &amp; RM-4K Product nr. SL572 Leg close-up afbeeldingen en video vast met de Micro HD, Micro [&hellip;]<\/p>\n","protected":false},"featured_media":2837,"comment_status":"closed","ping_status":"closed","template":"","meta":{"_acf_changed":false},"product_brand":[],"product_cat":[171],"product_tag":[251,152,282,146,400,53,389,168,252,377,379,237,380,170],"class_list":{"0":"post-2535","1":"product","2":"type-product","3":"status-publish","4":"has-post-thumbnail","6":"product_cat-lenzen","7":"product_tag-accessoires","8":"product_tag-camera","9":"product_tag-diving","10":"product_tag-fotografie","11":"product_tag-lenses","12":"product_tag-macro","13":"product_tag-micro","14":"product_tag-onderwater","15":"product_tag-onderwaterwereld","16":"product_tag-photography","17":"product_tag-sealife","18":"product_tag-underwater","19":"product_tag-universal","20":"product_tag-wide-angle","21":"product_shipping_class-pakket","23":"first","24":"instock","25":"shipping-taxable","26":"product-type-simple"},"acf":[],"_links":{"self":[{"href":"https:\/\/sealife-cameras.eu\/fr\/wp-json\/wp\/v2\/product\/2535","targetHints":{"allow":["GET"]}}],"collection":[{"href":"https:\/\/sealife-cameras.eu\/fr\/wp-json\/wp\/v2\/product"}],"about":[{"href":"https:\/\/sealife-cameras.eu\/fr\/wp-json\/wp\/v2\/types\/product"}],"replies":[{"embeddable":true,"href":"https:\/\/sealife-cameras.eu\/fr\/wp-json\/wp\/v2\/comments?post=2535"}],"wp:featuredmedia":[{"embeddable":true,"href":"https:\/\/sealife-cameras.eu\/fr\/wp-json\/wp\/v2\/media\/2837"}],"wp:attachment":[{"href":"https:\/\/sealife-cameras.eu\/fr\/wp-json\/wp\/v2\/media?parent=2535"}],"wp:term":[{"taxonomy":"product_brand","embeddable":true,"href":"https:\/\/sealife-cameras.eu\/fr\/wp-json\/wp\/v2\/product_brand?post=2535"},{"taxonomy":"product_cat","embeddable":true,"href":"https:\/\/sealife-cameras.eu\/fr\/wp-json\/wp\/v2\/product_cat?post=2535"},{"taxonomy":"product_tag","embeddable":true,"href":"https:\/\/sealife-cameras.eu\/fr\/wp-json\/wp\/v2\/product_tag?post=2535"}],"curies":[{"name":"wp","href":"https:\/\/api.w.org\/{rel}","templated":true}]}}