{"id":2546,"date":"2024-05-13T09:27:28","date_gmt":"2024-05-13T07:27:28","guid":{"rendered":"https:\/\/modest-cartwright.45-82-188-209.plesk.page\/?post_type=product&#038;p=2546"},"modified":"2024-08-20T12:42:43","modified_gmt":"2024-08-20T10:42:43","slug":"sea-dragon-3000-pro-dual-beam","status":"publish","type":"product","link":"https:\/\/sealife-cameras.eu\/fr\/produit\/sea-dragon-3000-pro-dual-beam\/","title":{"rendered":"Sea Dragon 3000 Pro Dual Beam"},"content":{"rendered":"<p><em>Sea Dragon Pro Dual Beam<\/em><br \/>\n<em>Num\u00e9ro de produit SL679<\/em><\/p>\n<p><strong>Une lumi\u00e8re, deux faisceaux puissants et plus encore !<\/strong><\/p>\n<p>La lampe photo-vid\u00e9o compacte Sea Dragon 3000SF Pro Dual Beam est la lampe photo, vid\u00e9o et plong\u00e9e id\u00e9ale. D'une simple pression sur un bouton, vous pouvez passer d'un faisceau large de 3000 lumens \u00e0 120\u00b0 \u00e0 un faisceau \u00e9troit de 1500 lumens \u00e0 15\u00b0. Pour l'imagerie, le faisceau ponctuel offre de nombreuses possibilit\u00e9s cr\u00e9atives, telles que la cr\u00e9ation d'un effet snoot ou spot \u00e9troit et focalis\u00e9. Le faisceau sert \u00e9galement de projecteur de plong\u00e9e principal ou secondaire pour la plupart des applications de plong\u00e9e. Deux LED rouges en font la combinaison parfaite pour la plong\u00e9e de jour comme de nuit.<br \/>\nLa fonction de faisceau \u00e9troit a une large port\u00e9e efficace, ce qui la rend utile pour observer les zones sombres et d\u00e9couvrir les poissons cach\u00e9s. Le Sea Dragon Pro Dual Beam dispose \u00e9galement de deux LED rouges de 180 lumens \u00e0 88\u00b0. La lumi\u00e8re rouge n'affecte pas la vision nocturne de vos propres yeux et n'effraie pas les animaux marins sensibles \u00e0 la lumi\u00e8re. Une simple pression sur le bouton de fonction fait passer la lumi\u00e8re du rouge au faisceau large de 3000 lumens. Vous \u00eates pr\u00eat \u00e0 capturer des images fixes ou vid\u00e9o en un instant.<\/p>\n<p>Le bouton de contr\u00f4le des fonctions permet de passer facilement aux fonctions les plus courantes :<br \/>\n3000 (Lumen) Flood &gt; 1500 Flood &gt; 750 Flood &gt; 1500 Spot &gt; 750 Spot &gt; 180 RED Flood &gt; Repeat<\/p>\n<p>La lampe Sea Dragon Pro Dual Beam comprend un Flex-Connect\u00ae Single-Tray, une Flex-Connect\u00ae Grip, un \u00e9tui de voyage Sea Dragon EVA, un adaptateur pour les cam\u00e9ras GoPro\u00ae, une batterie Li-ion, un chargeur CA et des adaptateurs de prise internationaux.<br \/>\nLes performances impressionnantes de la Sea Dragon sont en partie dues \u00e0 la puissante batterie rechargeable Li-ion 25Wh 3400mAh, qui permet \u00e0 la lampe de rester allum\u00e9e pendant 60 minutes \u00e0 pleine puissance (3000 lumens).<\/p>\n<p><strong>Caract\u00e9ristiques<\/strong><\/p>\n<p>- Puissantes LED COB \u00e0 faisceau large de 3000 lumens (BridgeLux V18 COB LED) et LED \u00e0 faisceau \u00e9troit de 1500 lumens (Luminus SST-40-W LED)<br \/>\n- 90 Indice de rendu des couleurs (IRC) imitant la lumi\u00e8re du jour<br \/>\n- Commande \u00e0 bouton unique pour une utilisation facile. Un seul bouton pour allumer\/\u00e9teindre la lumi\u00e8re et s\u00e9lectionner la luminosit\u00e9<br \/>\n- 6 modes d'\u00e9clairage : Flood 100%, 50%, 25% ; Spot 100%, 50% ; Un mode de lumi\u00e8re rouge<br \/>\n- 60 minutes d'autonomie \u00e0 pleine puissance<br \/>\n- Luminosit\u00e9 constante - Circuits r\u00e9gul\u00e9s pour que la lumi\u00e8re ne s'affaiblisse pas en cas de fonctionnement sur batterie<br \/>\n- Facilement extensible avec les plateaux Flex-Connect\u2122, les poign\u00e9es et les bras flexibles.<br \/>\n- Bouton d'ouverture rapide permettant de lib\u00e9rer et d'orienter la lampe dans les crevasses et les endroits difficiles d'acc\u00e8s<br \/>\n- Le faisceau large de 120\u00b0 \u00e9claire uniform\u00e9ment le sujet sans points chauds (90\u00b0 sous l'eau)<br \/>\n- Faisceau \u00e9troit de 15\u00b0 pour une longue port\u00e9e et un effet snoot cr\u00e9atif (11\u00b0 sous l'eau)<br \/>\n- Le mode d'urgence \u00e9met une lumi\u00e8re clignotante ou un signal SOS pour alerter les autres en cas d'urgence. Activ\u00e9 en appuyant sur le bouton marche\/arr\u00eat et en le maintenant enfonc\u00e9 pendant 5 secondes \u00e0 partir de l'\u00e9tat \u00e9teint.<br \/>\n- Profondeur estim\u00e9e jusqu'\u00e0 100 m\u00e8tres (330 ft)<br \/>\n- T\u00eate de lampe en m\u00e9tal r\u00e9sistant \u00e0 la corrosion pour la dissipation de la chaleur et la durabilit\u00e9<br \/>\n- Batterie amovible 25Wh 3400 mAh Li-Ion avec chargeur et adaptateurs internationaux inclus<br \/>\n- Le compartiment \u00e0 piles \u00e9tanche prot\u00e8ge les composants \u00e9lectroniques internes m\u00eame en cas de l\u00e9g\u00e8re inondation accidentelle.<br \/>\n- Comprend un plateau unique standard, une poign\u00e9e et une mallette de transport compacte.<br \/>\n- La plaque de montage avec vis universelle \u00bc-20 convient \u00e0 toutes les marques SeaLife et autres.<\/p>","protected":false},"excerpt":{"rendered":"<p>Sea Dragon Pro Dual Beam Product Nr. SL679 E\u00e9n licht, twee krachtige stralen en meer! De compacte Sea Dragon 3000SF Pro Dual [&hellip;]<\/p>\n","protected":false},"featured_media":2593,"comment_status":"open","ping_status":"closed","template":"","meta":{"_acf_changed":false},"product_brand":[],"product_cat":[142],"product_tag":[],"class_list":{"0":"post-2546","1":"product","2":"type-product","3":"status-publish","4":"has-post-thumbnail","6":"product_cat-foto-en-videolampen","7":"product_shipping_class-pakket","9":"first","10":"instock","11":"shipping-taxable","12":"product-type-simple"},"acf":[],"_links":{"self":[{"href":"https:\/\/sealife-cameras.eu\/fr\/wp-json\/wp\/v2\/product\/2546","targetHints":{"allow":["GET"]}}],"collection":[{"href":"https:\/\/sealife-cameras.eu\/fr\/wp-json\/wp\/v2\/product"}],"about":[{"href":"https:\/\/sealife-cameras.eu\/fr\/wp-json\/wp\/v2\/types\/product"}],"replies":[{"embeddable":true,"href":"https:\/\/sealife-cameras.eu\/fr\/wp-json\/wp\/v2\/comments?post=2546"}],"wp:featuredmedia":[{"embeddable":true,"href":"https:\/\/sealife-cameras.eu\/fr\/wp-json\/wp\/v2\/media\/2593"}],"wp:attachment":[{"href":"https:\/\/sealife-cameras.eu\/fr\/wp-json\/wp\/v2\/media?parent=2546"}],"wp:term":[{"taxonomy":"product_brand","embeddable":true,"href":"https:\/\/sealife-cameras.eu\/fr\/wp-json\/wp\/v2\/product_brand?post=2546"},{"taxonomy":"product_cat","embeddable":true,"href":"https:\/\/sealife-cameras.eu\/fr\/wp-json\/wp\/v2\/product_cat?post=2546"},{"taxonomy":"product_tag","embeddable":true,"href":"https:\/\/sealife-cameras.eu\/fr\/wp-json\/wp\/v2\/product_tag?post=2546"}],"curies":[{"name":"wp","href":"https:\/\/api.w.org\/{rel}","templated":true}]}}