{"id":2548,"date":"2024-05-13T09:27:28","date_gmt":"2024-05-13T07:27:28","guid":{"rendered":"https:\/\/modest-cartwright.45-82-188-209.plesk.page\/?post_type=product&#038;p=2548"},"modified":"2024-08-20T12:42:43","modified_gmt":"2024-08-20T10:42:43","slug":"micro-3-0-pro-dual-beam-set","status":"publish","type":"product","link":"https:\/\/sealife-cameras.eu\/fr\/produit\/micro-3-0-pro-dual-beam-set\/","title":{"rendered":"Micro 3.0 Pro Dual Beam Set"},"content":{"rendered":"<p><em>Micro 3.0 Pro Dual Beam Set <\/em><br \/>\n<em>Num\u00e9ro de produit SL554<\/em><\/p>\n<p>La cam\u00e9ra SeaLife Micro 3.0 est la derni\u00e8re et troisi\u00e8me g\u00e9n\u00e9ration de la s\u00e9rie de cam\u00e9ras Micro \u00e0 \u00e9tanch\u00e9it\u00e9 permanente. Elle est \u00e9tanche et n'a pas de joints toriques \u00e0 lubrifier ou \u00e0 entretenir, vous n'aurez donc jamais \u00e0 vous soucier de l'immersion de la cam\u00e9ra dans l'eau. Comme ses pr\u00e9d\u00e9cesseurs, la Micro 3.0 pr\u00e9sente un design ergonomique et compact, avec des commandes et des menus conviviaux. La cam\u00e9ra Micro 3.0 offre des images fixes impressionnantes gr\u00e2ce \u00e0 son grand capteur CMOS SONY\u00ae de 16 MP et des vid\u00e9os 4K Ultra HD \u00e9clatantes. Vous pouvez m\u00eame prendre des photos de 8 MP pendant l'enregistrement d'une vid\u00e9o. Scell\u00e9 en permanence, le Micro 3.0 dispose d'une grande batterie de plus de 3 heures, suffisante pour une journ\u00e9e enti\u00e8re de plong\u00e9e, et d'une m\u00e9moire int\u00e9gr\u00e9e de 64 Go pour stocker des milliers de photos et des heures de vid\u00e9o.<\/p>\n<p>La grande LED COB du Sea Dragon 3000SF Pro Dual Beam d\u00e9livre 3000 lumens dans un faisceau large de 120\u00b0. La lampe offre un IRC (indice de rendu des couleurs) impressionnant de 90 gr\u00e2ce \u00e0 une matrice de LED COB brevet\u00e9e qui reproduit la lumi\u00e8re naturelle du soleil (un IRC de 100 correspondrait \u00e0 la lumi\u00e8re naturelle du soleil). Le faisceau ponctuel de 15\u00b0 a un IRC de 70. La lampe est \u00e9galement \u00e9quip\u00e9e de deux LED rouges de 88\u00b0 et de 180 lumens pour la plong\u00e9e de nuit.<\/p>\n<p>La facilit\u00e9 d'utilisation de l'appareil photo commence par les trois larges boutons \"Piano key\" qui sont faciles \u00e0 trouver et \u00e0 utiliser, m\u00eame avec des gants de plong\u00e9e. La fonction intuitive Easy Setup du Micro 3.0 vous guide rapidement vers les bons r\u00e9glages en fonction de l'environnement de prise de vue, de la profondeur et des accessoires d'\u00e9clairage utilis\u00e9s.<\/p>\n<p>Les utilisateurs de Micro 3.0 peuvent affiner leurs images sous-marines gr\u00e2ce \u00e0 un nouveau r\u00e9glage manuel de la balance des blancs et \u00e0 la possibilit\u00e9 de capturer des images au format RAW, pour ceux qui souhaitent les retoucher ult\u00e9rieurement. L'objectif grand angle int\u00e9gr\u00e9 de 100\u00b0 permet aux plongeurs de s'approcher de leurs sujets tout en conservant la mise au point.<\/p>\n<p>L'\u00e9clairage est simple, utilisez le Micro 3.0 avec les lampes photo\/vid\u00e9o DEL sous-marines Sea Dragon (ou d'autres sources de lumi\u00e8re DEL constante). Il n'y a pas de flash ou de c\u00e2ble pour se synchroniser avec un flash externe. Allumez simplement votre lumi\u00e8re et r\u00e9glez l'intensit\u00e9 en fonction du sujet, des conditions et de la distance.<\/p>\n<p>Le Micro 3.0 offre un partage Wi-Fi qui vous permet de visualiser, de t\u00e9l\u00e9charger et de partager des photos et des vid\u00e9os sur un smartphone ou une tablette avec l'application gratuite SeaLife Micro 3+ disponible sur Google Play ou Apple App Stores.<\/p>\n<p>Le grand \u00e9cran LCD couleur TFT de 2,4 pouces et d'une r\u00e9solution de 260K facilite la capture et la visualisation de photos et de vid\u00e9os sur ce petit appareil.<\/p>","protected":false},"excerpt":{"rendered":"<p>Micro 3.0 Pro Dual Beam Set Product\u00a0 Nr. SL554 De SeaLife Micro 3.0-camera is de nieuwste en derde generatie van de populaire [&hellip;]<\/p>\n","protected":false},"featured_media":2595,"comment_status":"open","ping_status":"closed","template":"","meta":{"_acf_changed":false},"product_brand":[],"product_cat":[387],"product_tag":[152,213,390,404,377,378,237,466],"class_list":{"0":"post-2548","1":"product","2":"type-product","3":"status-publish","4":"has-post-thumbnail","6":"product_cat-cameras-en-behuizing","7":"product_tag-camera","8":"product_tag-light","9":"product_tag-micro-3-0","10":"product_tag-micro-series","11":"product_tag-photography","12":"product_tag-sea-dragon","13":"product_tag-underwater","14":"product_tag-underwaterphotography","15":"product_shipping_class-pakket","17":"first","18":"instock","19":"shipping-taxable","20":"product-type-simple"},"acf":[],"_links":{"self":[{"href":"https:\/\/sealife-cameras.eu\/fr\/wp-json\/wp\/v2\/product\/2548","targetHints":{"allow":["GET"]}}],"collection":[{"href":"https:\/\/sealife-cameras.eu\/fr\/wp-json\/wp\/v2\/product"}],"about":[{"href":"https:\/\/sealife-cameras.eu\/fr\/wp-json\/wp\/v2\/types\/product"}],"replies":[{"embeddable":true,"href":"https:\/\/sealife-cameras.eu\/fr\/wp-json\/wp\/v2\/comments?post=2548"}],"wp:featuredmedia":[{"embeddable":true,"href":"https:\/\/sealife-cameras.eu\/fr\/wp-json\/wp\/v2\/media\/2595"}],"wp:attachment":[{"href":"https:\/\/sealife-cameras.eu\/fr\/wp-json\/wp\/v2\/media?parent=2548"}],"wp:term":[{"taxonomy":"product_brand","embeddable":true,"href":"https:\/\/sealife-cameras.eu\/fr\/wp-json\/wp\/v2\/product_brand?post=2548"},{"taxonomy":"product_cat","embeddable":true,"href":"https:\/\/sealife-cameras.eu\/fr\/wp-json\/wp\/v2\/product_cat?post=2548"},{"taxonomy":"product_tag","embeddable":true,"href":"https:\/\/sealife-cameras.eu\/fr\/wp-json\/wp\/v2\/product_tag?post=2548"}],"curies":[{"name":"wp","href":"https:\/\/api.w.org\/{rel}","templated":true}]}}