{"id":2582,"date":"2024-05-13T09:27:56","date_gmt":"2024-05-13T07:27:56","guid":{"rendered":"https:\/\/modest-cartwright.45-82-188-209.plesk.page\/?post_type=product&#038;p=2582"},"modified":"2024-08-20T12:42:42","modified_gmt":"2024-08-20T10:42:42","slug":"flex-connect-ultra-dual-tray","status":"publish","type":"product","link":"https:\/\/sealife-cameras.eu\/fr\/produit\/flex-connect-ultra-dual-tray\/","title":{"rendered":"Flex-Connect\u00ae Ultra Dual Tray"},"content":{"rendered":"<p>Flex-Connect Ultra Dual Tray<br \/>\nNum\u00e9ro de produit : SL9908<\/p>\n<p>Le Dual Tray en forme d'arc s'adapte parfaitement au SeaLife SportDiver et \u00e0 d'autres caissons de cam\u00e9ra sous-marine larges. Montez deux stroboscopes ou lumi\u00e8res sur votre cam\u00e9ra sous-marine pour doubler la luminosit\u00e9 et r\u00e9duire les ombres. Le Dual Tray peut \u00eatre plac\u00e9 avec les poign\u00e9es et les lumi\u00e8res derri\u00e8re le bo\u00eetier ou devant le bo\u00eetier. Le fait de tenir l'appareil photo \u00e0 l'aide de deux poign\u00e9es augmente la stabilit\u00e9. Construction robuste en polycarbonate pour une r\u00e9sistance et une rigidit\u00e9 fiables. Peut \u00eatre mont\u00e9 sur n'importe quel appareil photo \u00e0 l'aide d'une vis de tr\u00e9pied \u00bc-20 standard. Deux filetages femelles \u00bc-20 pour tr\u00e9pieds sont situ\u00e9s sous le plateau pour ajouter une station d'accueil pour objectif ou d'autres accessoires.<\/p>","protected":false},"excerpt":{"rendered":"<p>Flex-Connect Ultra Dual Tray Product nr: SL9908 De boogvormige Dual Tray biedt een ideale pasvorm voor de SeaLife SportDiver en andere brede [&hellip;]<\/p>\n","protected":false},"featured_media":2841,"comment_status":"open","ping_status":"closed","template":"","meta":{"_acf_changed":false},"product_brand":[],"product_cat":[406],"product_tag":[251,282,407,146,168,252,377,379,408,237,380],"class_list":{"0":"post-2582","1":"product","2":"type-product","3":"status-publish","4":"has-post-thumbnail","6":"product_cat-flex-connect-accessoires","7":"product_tag-accessoires","8":"product_tag-diving","9":"product_tag-flex-connect","10":"product_tag-fotografie","11":"product_tag-onderwater","12":"product_tag-onderwaterwereld","13":"product_tag-photography","14":"product_tag-sealife","15":"product_tag-tray","16":"product_tag-underwater","17":"product_tag-universal","18":"product_shipping_class-pakket","20":"first","21":"instock","22":"shipping-taxable","23":"product-type-simple"},"acf":[],"_links":{"self":[{"href":"https:\/\/sealife-cameras.eu\/fr\/wp-json\/wp\/v2\/product\/2582","targetHints":{"allow":["GET"]}}],"collection":[{"href":"https:\/\/sealife-cameras.eu\/fr\/wp-json\/wp\/v2\/product"}],"about":[{"href":"https:\/\/sealife-cameras.eu\/fr\/wp-json\/wp\/v2\/types\/product"}],"replies":[{"embeddable":true,"href":"https:\/\/sealife-cameras.eu\/fr\/wp-json\/wp\/v2\/comments?post=2582"}],"wp:featuredmedia":[{"embeddable":true,"href":"https:\/\/sealife-cameras.eu\/fr\/wp-json\/wp\/v2\/media\/2841"}],"wp:attachment":[{"href":"https:\/\/sealife-cameras.eu\/fr\/wp-json\/wp\/v2\/media?parent=2582"}],"wp:term":[{"taxonomy":"product_brand","embeddable":true,"href":"https:\/\/sealife-cameras.eu\/fr\/wp-json\/wp\/v2\/product_brand?post=2582"},{"taxonomy":"product_cat","embeddable":true,"href":"https:\/\/sealife-cameras.eu\/fr\/wp-json\/wp\/v2\/product_cat?post=2582"},{"taxonomy":"product_tag","embeddable":true,"href":"https:\/\/sealife-cameras.eu\/fr\/wp-json\/wp\/v2\/product_tag?post=2582"}],"curies":[{"name":"wp","href":"https:\/\/api.w.org\/{rel}","templated":true}]}}