{"id":2583,"date":"2024-05-13T09:27:56","date_gmt":"2024-05-13T07:27:56","guid":{"rendered":"https:\/\/modest-cartwright.45-82-188-209.plesk.page\/?post_type=product&#038;p=2583"},"modified":"2024-08-20T12:42:42","modified_gmt":"2024-08-20T10:42:42","slug":"sportdiver-52mm-wide-angle-dome-lens","status":"publish","type":"product","link":"https:\/\/sealife-cameras.eu\/fr\/produit\/sportdiver-52mm-wide-angle-dome-lens\/","title":{"rendered":"Objectif d\u00f4me grand angle SportDiver 52mm"},"content":{"rendered":"<p>Num\u00e9ro de s\u00e9rie : SL054<\/p>\n<p>L'objectif d\u00f4me grand angle pour le SportDiver se fixe au bo\u00eetier du smartphone \u00e0 l'aide de sa monture filet\u00e9e de 52 mm et de l'adaptateur d'objectif SportDiver SL081. L'objectif peut \u00e9galement \u00eatre mont\u00e9 sur d'autres cam\u00e9ras et bo\u00eetiers sous-marins \u00e0 l'aide d'une fixation filet\u00e9e de 52 mm. Cela augmente le champ de vision du t\u00e9l\u00e9phone ou de l'appareil photo avec 43%, permettant aux photographes de se rapprocher deux fois plus du sujet.<\/p>\n<p>La conception de l'objectif grand angle SportDiver \u00e0 tourelle fait appel \u00e0 des optiques de haute qualit\u00e9 dispos\u00e9es en un r\u00e9seau de 4 \u00e9l\u00e9ments\/4 groupes, offrant une nettet\u00e9 d'un bord \u00e0 l'autre. Les \u00e9l\u00e9ments internes sont en verre optique enti\u00e8rement multicouche. L'objectif d\u00f4me grand angle est fabriqu\u00e9 en polycarbonate optique avec un rev\u00eatement dur et anti-rayures.<\/p>\n<p>L'objectif a une longueur focale effective de 18,2 mm \u00e9quivalent film lorsqu'il est utilis\u00e9 avec un objectif de t\u00e9l\u00e9phone ou d'appareil photo de 26 mm. L'objectif est \u00e9tanche jusqu'\u00e0 60 m.<\/p>\n<p>Caract\u00e9ristiques :<\/p>\n<ul>\n<li>Rapprochez-vous 3 fois plus et \u00e9largissez votre champ de vision 43%<\/li>\n<li>La conception optique corrige la distorsion en barillet et am\u00e9liore la nettet\u00e9 d'un bord \u00e0 l'autre.<\/li>\n<li>Fonctionne avec l'adaptateur d'objectif SportDiver (SL081), SeaLife DC2000, Olympus et d'autres caissons sous-marins avec un port d'objectif de 52 mm.<\/li>\n<li>Conversion grand angle 7x<\/li>\n<li>Optique enti\u00e8rement multicouche pour une transmission maximale de la lumi\u00e8re<\/li>\n<li>L'objectif peut \u00eatre fix\u00e9\/retir\u00e9 sous l'eau<\/li>\n<li>Optique de pr\u00e9cision de haute qualit\u00e9 avec 4 \u00e9l\u00e9ments\/4 groupes (verre optique interne)<\/li>\n<li>Lentille d\u00f4me en polycarbonate avec rev\u00eatement dur r\u00e9sistant aux rayures<\/li>\n<li>Comprend une protection de lentille en n\u00e9opr\u00e8ne.<\/li>\n<li>\u00c9tanch\u00e9it\u00e9 jusqu'\u00e0 60 m<\/li>\n<\/ul>","protected":false},"excerpt":{"rendered":"<p>Serienummer: SL054 De Wide Angle Dome Lens voor de SportDiver wordt aan de smartphonebehuizing bevestigd met zijn 52 mm schroefdraadbevestiging aan de [&hellip;]<\/p>\n","protected":false},"featured_media":2640,"comment_status":"open","ping_status":"closed","template":"","meta":{"_acf_changed":false},"product_brand":[],"product_cat":[171],"product_tag":[402,146,52,168,252,377,454,459,237,380,170],"class_list":{"0":"post-2583","1":"product","2":"type-product","3":"status-publish","4":"has-post-thumbnail","6":"product_cat-lenzen","7":"product_tag-adapter","8":"product_tag-fotografie","9":"product_tag-lens","10":"product_tag-onderwater","11":"product_tag-onderwaterwereld","12":"product_tag-photography","13":"product_tag-sportdiver","14":"product_tag-sportdiver-ultra","15":"product_tag-underwater","16":"product_tag-universal","17":"product_tag-wide-angle","18":"product_shipping_class-pakket","20":"first","21":"instock","22":"featured","23":"shipping-taxable","24":"product-type-simple"},"acf":[],"_links":{"self":[{"href":"https:\/\/sealife-cameras.eu\/fr\/wp-json\/wp\/v2\/product\/2583","targetHints":{"allow":["GET"]}}],"collection":[{"href":"https:\/\/sealife-cameras.eu\/fr\/wp-json\/wp\/v2\/product"}],"about":[{"href":"https:\/\/sealife-cameras.eu\/fr\/wp-json\/wp\/v2\/types\/product"}],"replies":[{"embeddable":true,"href":"https:\/\/sealife-cameras.eu\/fr\/wp-json\/wp\/v2\/comments?post=2583"}],"wp:featuredmedia":[{"embeddable":true,"href":"https:\/\/sealife-cameras.eu\/fr\/wp-json\/wp\/v2\/media\/2640"}],"wp:attachment":[{"href":"https:\/\/sealife-cameras.eu\/fr\/wp-json\/wp\/v2\/media?parent=2583"}],"wp:term":[{"taxonomy":"product_brand","embeddable":true,"href":"https:\/\/sealife-cameras.eu\/fr\/wp-json\/wp\/v2\/product_brand?post=2583"},{"taxonomy":"product_cat","embeddable":true,"href":"https:\/\/sealife-cameras.eu\/fr\/wp-json\/wp\/v2\/product_cat?post=2583"},{"taxonomy":"product_tag","embeddable":true,"href":"https:\/\/sealife-cameras.eu\/fr\/wp-json\/wp\/v2\/product_tag?post=2583"}],"curies":[{"name":"wp","href":"https:\/\/api.w.org\/{rel}","templated":true}]}}