{"id":2597,"date":"2024-05-13T09:28:20","date_gmt":"2024-05-13T07:28:20","guid":{"rendered":"https:\/\/modest-cartwright.45-82-188-209.plesk.page\/?post_type=product&#038;p=2597"},"modified":"2025-01-10T09:12:05","modified_gmt":"2025-01-10T08:12:05","slug":"sealife-sportdiver-ultra-2500-set","status":"publish","type":"product","link":"https:\/\/sealife-cameras.eu\/fr\/produit\/sealife-sportdiver-ultra-2500-set\/","title":{"rendered":"Set Sealife SportDiver Ultra 2500"},"content":{"rendered":"<p>Set SportDiver Ultra 2500<br \/>\nNum\u00e9ro de produit SL406<\/p>\n<p>Le kit SeaLife SportDiver Ultra Pro 2500 est un bo\u00eetier sous-marin compact et l\u00e9ger pour les smartphones avec la puissante lampe photo-vid\u00e9o Sea Dragon 2500 qui am\u00e9liore les couleurs. Le bo\u00eetier SportDiver Ultra permet aux plongeurs de prendre des photos et des vid\u00e9os avec leurs smartphones jusqu'\u00e0 une profondeur de 40 m\u00e8tres. Le SportDiver Ultra peut accueillir la plupart des mod\u00e8les Android, y compris tous les grands mod\u00e8les Samsung S Series Ultra et la gamme Pixel de Google, ainsi que la plupart des iPhone. Consultez notre guide de compatibilit\u00e9 et d'ajustement SportDiver : <a href=\"https:\/\/www.sealife-cameras.com\/sportdiver-compatibility\/\">https:\/\/www.sealife-cameras.com\/sportdiver-compatibility\/<\/a> pour voir si votre t\u00e9l\u00e9phone s'y ins\u00e8re. L'application gratuite SportDiver est disponible sur l'App Store ou le Play Store et fonctionne avec les syst\u00e8mes d'exploitation de la g\u00e9n\u00e9ration actuelle et des g\u00e9n\u00e9rations pr\u00e9c\u00e9dentes.<\/p>\n<p>Le bo\u00eetier robuste est fabriqu\u00e9 en polycarbonate, en acier inoxydable, en aluminium et en verre de qualit\u00e9 optique. Le bo\u00eetier SportDiver Ultra est \"robuste\", mais pas lourd. Avec un poids de 808 grammes, il est l\u00e9ger pour les voyages et offre une flottabilit\u00e9 presque neutre dans l'eau, en fonction du mod\u00e8le de smartphone utilis\u00e9. Le Sea Dragon 2500 ajoute 623 grammes, avec la batterie, la poign\u00e9e et le plateau. Il peut \u00eatre facilement attach\u00e9 ou retir\u00e9 en fonction des besoins d'\u00e9clairage.<\/p>\n<p>Facile \u00e0 tenir et \u00e0 utiliser, le SportDiver Ultra est dot\u00e9 d'un grand levier d'obturation et de boutons de commande \u00e0 l'arri\u00e8re pour une utilisation ais\u00e9e, m\u00eame avec des gants de plong\u00e9e. Les plongeurs avec tuba et les plongeurs peuvent \u00eatre plus cr\u00e9atifs avec leurs photos ou leurs enregistrements vid\u00e9o en utilisant les param\u00e8tres avanc\u00e9s de l'appareil photo*. R\u00e9glez le zoom, l'exposition (EV), la mise au point automatique\/manuelle, la balance des blancs, la teinte, la s\u00e9lection de l'objectif, le mode RAW+JPEG et la stabilisation vid\u00e9o (sur les mod\u00e8les de t\u00e9l\u00e9phone disponibles)*.<\/p>\n<p>Une lumi\u00e8re vive pour des couleurs \u00e9clatantes<br \/>\nLe Sea Dragon 2500 utilise la technologie LED COB \u00e0 panneau plat pour imiter avec pr\u00e9cision la lumi\u00e8re naturelle du soleil, faisant ressortir des couleurs \u00e9tonnantes dans les photos et vid\u00e9os sous-marines. Avec un indice de rendu des couleurs de 90, le Sea Dragon 2500 r\u00e9sout le probl\u00e8me des couleurs att\u00e9nu\u00e9es dans les photos et vid\u00e9os sous-marines.<\/p>\n<p>Le bo\u00eetier SportDiver Ultra comprend l'application gratuite SportDiver ; contrairement \u00e0 d'autres applications de bo\u00eetier pour smartphone, il n'y a pas d'achats in-app ou de publicit\u00e9s g\u00eanantes. Vous pouvez facilement passer du mode photo au mode vid\u00e9o. L'application SportDiver utilise la technologie de l'appareil photo de votre t\u00e9l\u00e9phone qui est sp\u00e9cifique \u00e0 chaque mod\u00e8le de t\u00e9l\u00e9phone*. L'application est compatible avec les versions actuelles et ant\u00e9rieures du syst\u00e8me d'exploitation. L'application est mise \u00e0 jour en fonction des nouvelles versions du syst\u00e8me d'exploitation.<\/p>\n<p>Le mode lecture de l'application affiche les photos et les vid\u00e9os en taille r\u00e9elle avec une bande verticale de vignettes, ce qui facilite la recherche des images. Les vid\u00e9os sont lues automatiquement lorsqu'elles sont s\u00e9lectionn\u00e9es. Tous les fichiers sont \u00e9galement enregistr\u00e9s dans la liste des vid\u00e9os du t\u00e9l\u00e9phone. Le bo\u00eetier SportDiver Ultra se connecte automatiquement \u00e0 votre smartphone et \u00e0 l'application SportDiver via la technologie sans fil Bluetooth\u00ae Low Energy (LE) 5. Aucun c\u00e2ble ni bouton ne touche le t\u00e9l\u00e9phone et la consommation d'\u00e9nergie est extr\u00eamement faible, tant pour le t\u00e9l\u00e9phone que pour le bo\u00eetier, qui est aliment\u00e9 par deux piles AAA d'une autonomie de plus de 50 heures en utilisation continue.<\/p>\n<p>Pour de meilleurs r\u00e9sultats d'image, le SportDiver Ultra est livr\u00e9 avec un filtre amovible de correction des couleurs sous l'eau, qui r\u00e9tablit les couleurs naturelles de l'eau. Le filtre rouge peut \u00eatre facilement fix\u00e9 ou retir\u00e9 sous l'eau et est dot\u00e9 d'une lani\u00e8re de s\u00e9curit\u00e9 pour \u00e9viter de le perdre.<\/p>\n<p>Le bo\u00eetier SportDiver Ultra comporte sept supports de tr\u00e9pieds 1\/4-20 qui peuvent \u00eatre mont\u00e9s sur n'importe quelle lampe avec un filetage de tr\u00e9pied standard, comme la gamme de lampes photo\/vid\u00e9o sous-marines Sea Dragon de SeaLife.<\/p>\n<p>Pour la s\u00e9curit\u00e9 et la protection du t\u00e9l\u00e9phone, le SportDiver Ultra est \u00e9quip\u00e9 d'un ressort robuste et de languettes de pr\u00e9hension en caoutchouc qui maintiennent le smartphone en place et le prot\u00e8gent des chocs. Le SportDiver Ultra est dot\u00e9 d'une \"double alarme de fuite\", comprenant une alarme d'humidit\u00e9 interne et une alarme de pression sous vide qui avertit le plongeur par des alertes \u00e0 l'\u00e9cran, des signaux audio et des signaux LED dans le cas improbable o\u00f9 le joint \u00e9tanche est compromis et qu'il y a une perte de pression dans la valise ou que de l'humidit\u00e9 est d\u00e9tect\u00e9e. La porte du SportDiver Ultra est scell\u00e9e par un joint torique en TPE et un robuste joint \u00e0 came qui verrouille facilement et en toute s\u00e9curit\u00e9 la porte \u00e9tanche. Pour \u00e9viter la formation de bu\u00e9e \u00e0 l'int\u00e9rieur en raison de l'humidit\u00e9 r\u00e9siduelle, le SportDiver Ultra utilise la capsule anti-bu\u00e9e \"Moisture Muncher\" qui emp\u00eache la formation de bu\u00e9e et la condensation interne.<\/p>\n<p>*Important : Certains param\u00e8tres peuvent ne pas \u00eatre disponibles en fonction de la marque ou du mod\u00e8le du t\u00e9l\u00e9phone. En fonction des r\u00e9glages conflictuels, certains r\u00e9glages peuvent \u00eatre bloqu\u00e9s ou inaccessibles. Par exemple, le r\u00e9glage Portrait (flou d'arri\u00e8re-plan) n'est disponible que sur les iPhones dot\u00e9s de plusieurs objectifs. Le param\u00e8tre de s\u00e9lection de l'objectif peut ne pas inclure tous les objectifs de t\u00e9l\u00e9phone disponibles ; le t\u00e9l\u00e9objectif n'est pas disponible pour les t\u00e9l\u00e9phones Android. Consultez l'App Store et le Play Store pour les mises \u00e0 jour de l'application SportDiver.<\/p>","protected":false},"excerpt":{"rendered":"<p>SportDiver Ultra 2500 Set Product Nr. SL406 De SeaLife SportDiver Ultra Pro 2500 Set is een compacte en lichtgewicht onderwaterbehuizing voor smartphones [&hellip;]<\/p>\n","protected":false},"featured_media":2780,"comment_status":"open","ping_status":"closed","template":"","meta":{"_acf_changed":false},"product_brand":[],"product_cat":[387],"product_tag":[152,146,168,252,377,378,439,379,454,459,461,460,237,380],"class_list":{"0":"post-2597","1":"product","2":"type-product","3":"status-publish","4":"has-post-thumbnail","6":"product_cat-cameras-en-behuizing","7":"product_tag-camera","8":"product_tag-fotografie","9":"product_tag-onderwater","10":"product_tag-onderwaterwereld","11":"product_tag-photography","12":"product_tag-sea-dragon","13":"product_tag-sea-dragon-lampen","14":"product_tag-sealife","15":"product_tag-sportdiver","16":"product_tag-sportdiver-ultra","17":"product_tag-sportdiver-ultra-2500-set","18":"product_tag-ultra","19":"product_tag-underwater","20":"product_tag-universal","21":"product_shipping_class-pakket","23":"first","24":"instock","25":"shipping-taxable","26":"product-type-simple"},"acf":[],"_links":{"self":[{"href":"https:\/\/sealife-cameras.eu\/fr\/wp-json\/wp\/v2\/product\/2597","targetHints":{"allow":["GET"]}}],"collection":[{"href":"https:\/\/sealife-cameras.eu\/fr\/wp-json\/wp\/v2\/product"}],"about":[{"href":"https:\/\/sealife-cameras.eu\/fr\/wp-json\/wp\/v2\/types\/product"}],"replies":[{"embeddable":true,"href":"https:\/\/sealife-cameras.eu\/fr\/wp-json\/wp\/v2\/comments?post=2597"}],"wp:featuredmedia":[{"embeddable":true,"href":"https:\/\/sealife-cameras.eu\/fr\/wp-json\/wp\/v2\/media\/2780"}],"wp:attachment":[{"href":"https:\/\/sealife-cameras.eu\/fr\/wp-json\/wp\/v2\/media?parent=2597"}],"wp:term":[{"taxonomy":"product_brand","embeddable":true,"href":"https:\/\/sealife-cameras.eu\/fr\/wp-json\/wp\/v2\/product_brand?post=2597"},{"taxonomy":"product_cat","embeddable":true,"href":"https:\/\/sealife-cameras.eu\/fr\/wp-json\/wp\/v2\/product_cat?post=2597"},{"taxonomy":"product_tag","embeddable":true,"href":"https:\/\/sealife-cameras.eu\/fr\/wp-json\/wp\/v2\/product_tag?post=2597"}],"curies":[{"name":"wp","href":"https:\/\/api.w.org\/{rel}","templated":true}]}}