{"id":2790,"date":"2024-06-28T11:55:02","date_gmt":"2024-06-28T09:55:02","guid":{"rendered":"https:\/\/sealife-cameras.eu\/?post_type=product&#038;p=2790"},"modified":"2024-08-20T12:42:41","modified_gmt":"2024-08-20T10:42:41","slug":"sea-dragon-5000-color-boost","status":"publish","type":"product","link":"https:\/\/sealife-cameras.eu\/fr\/produit\/sea-dragon-5000-color-boost\/","title":{"rendered":"Sea Dragon 5000+ Color Boost"},"content":{"rendered":"<p>Sea Dragon 5000+ Color Boost<br \/>\nNum\u00e9ro de produit SL680<\/p>\n<p>La lampe photo-vid\u00e9o Sea Dragon 5000+ SL680 est une puissante lampe d'imagerie sous-marine qui d\u00e9livre plus de 5000 lumens dans un faisceau large de 120\u00b0.<br \/>\nL'\u00e9clairage offre un IRC (indice de rendu des couleurs) de 90 avec une matrice de LED COB brevet\u00e9e qui imite la lumi\u00e8re naturelle du soleil.<\/p>\n<p>Le Sea Dragon 5000+ est dot\u00e9 du mode Color Boost\u2122 de SeaLife, la lumi\u00e8re photo-vid\u00e9o combine les fr\u00e9quences de la lumi\u00e8re rouge et blanche pour produire un effet de r\u00e9chauffement sous l'eau qui augmente la brillance et ajoute de la couleur aux photos et vid\u00e9os sous-marines. Le Sea Dragon 5000+ a \u00e9t\u00e9 test\u00e9 \u00e0 des profondeurs allant jusqu'\u00e0 100 m\u00e8tres. La nouvelle lampe dispose \u00e9galement d'un mode 6000 lumens, avec ou sans Color Boost, pour une p\u00e9riode de deux minutes - apr\u00e8s quoi la lampe revient au mode 5000 lumens pour \u00e9conomiser de l'\u00e9nergie.<\/p>\n<p>Il suffit d'appuyer sur un bouton pour passer en mode facile :<br \/>\n5000 (Lumen) Flood &gt; 5000 Colour Boost Flood &gt; 3000 Flood &gt; 1500 Flood &gt; Red LEDS &gt; Repeat<\/p>\n<p>En maintenant le bouton enfonc\u00e9 pendant 8 secondes, on passe en mode avanc\u00e9 :<br \/>\n5000 (Lumen) Flood &gt; 5000 Color Boost &gt; 6000 Flood &gt; 6000 Color Boost &gt; 3000 Flood &gt; 3000 Color Boost &gt; 1500 Flood &gt; Red LEDS &gt; Repeat<\/p>","protected":false},"excerpt":{"rendered":"<p>Sea Dragon 5000+ Color Boost Product nr. SL680 De Sea Dragon 5000+ foto-videolamp SL680\u00a0is een krachtige onderwaterbeeldlamp die meer dan 5000 lumen [&hellip;]<\/p>\n","protected":false},"featured_media":2791,"comment_status":"open","ping_status":"closed","template":"","meta":{"_acf_changed":false},"product_brand":[],"product_cat":[142],"product_tag":[392,462,282,146,168,252,377,378,439,379,237,380],"class_list":{"0":"post-2790","1":"product","2":"type-product","3":"status-publish","4":"has-post-thumbnail","6":"product_cat-foto-en-videolampen","7":"product_tag-392","8":"product_tag-color-boost","9":"product_tag-diving","10":"product_tag-fotografie","11":"product_tag-onderwater","12":"product_tag-onderwaterwereld","13":"product_tag-photography","14":"product_tag-sea-dragon","15":"product_tag-sea-dragon-lampen","16":"product_tag-sealife","17":"product_tag-underwater","18":"product_tag-universal","19":"product_shipping_class-pakket","21":"first","22":"instock","23":"shipping-taxable","24":"product-type-simple"},"acf":[],"_links":{"self":[{"href":"https:\/\/sealife-cameras.eu\/fr\/wp-json\/wp\/v2\/product\/2790","targetHints":{"allow":["GET"]}}],"collection":[{"href":"https:\/\/sealife-cameras.eu\/fr\/wp-json\/wp\/v2\/product"}],"about":[{"href":"https:\/\/sealife-cameras.eu\/fr\/wp-json\/wp\/v2\/types\/product"}],"replies":[{"embeddable":true,"href":"https:\/\/sealife-cameras.eu\/fr\/wp-json\/wp\/v2\/comments?post=2790"}],"wp:featuredmedia":[{"embeddable":true,"href":"https:\/\/sealife-cameras.eu\/fr\/wp-json\/wp\/v2\/media\/2791"}],"wp:attachment":[{"href":"https:\/\/sealife-cameras.eu\/fr\/wp-json\/wp\/v2\/media?parent=2790"}],"wp:term":[{"taxonomy":"product_brand","embeddable":true,"href":"https:\/\/sealife-cameras.eu\/fr\/wp-json\/wp\/v2\/product_brand?post=2790"},{"taxonomy":"product_cat","embeddable":true,"href":"https:\/\/sealife-cameras.eu\/fr\/wp-json\/wp\/v2\/product_cat?post=2790"},{"taxonomy":"product_tag","embeddable":true,"href":"https:\/\/sealife-cameras.eu\/fr\/wp-json\/wp\/v2\/product_tag?post=2790"}],"curies":[{"name":"wp","href":"https:\/\/api.w.org\/{rel}","templated":true}]}}