{"id":2811,"date":"2024-06-28T12:54:51","date_gmt":"2024-06-28T10:54:51","guid":{"rendered":"https:\/\/sealife-cameras.eu\/?post_type=product&#038;p=2811"},"modified":"2024-08-20T12:42:41","modified_gmt":"2024-08-20T10:42:41","slug":"sealife-large-underwater-retractor","status":"publish","type":"product","link":"https:\/\/sealife-cameras.eu\/fr\/produit\/sealife-large-underwater-retractor\/","title":{"rendered":"SeaLife Large Gear Retractor"},"content":{"rendered":"<p>Sealife Large Gear Retractor (R\u00e9tracteur \u00e0 grand engrenage)<br \/>\nNum\u00e9ro de produit SL926<\/p>\n<p>Le SeaLife Large Gear Retractor est con\u00e7u pour les appareils photo de taille moyenne et les bo\u00eetiers jusqu'\u00e0 la taille des appareils photo SeaLife SportDiver ou DC ou des mod\u00e8les similaires. Le grand r\u00e9tracteur est \u00e9galement parfait pour les lampes de plong\u00e9e portatives plus grandes. Le r\u00e9tracteur est dot\u00e9 d'un grand clip en acier inoxydable 316 qui peut \u00eatre attach\u00e9 \u00e0 votre BCD ou \u00e0 votre gilet. Le r\u00e9tracteur est \u00e9galement dot\u00e9 d'une fonction de lib\u00e9ration rapide qui vous permet de le retirer rapidement de l'appareil auquel il est attach\u00e9. Le grand r\u00e9tracteur s'\u00e9tend jusqu'\u00e0 107 cm et a une force de r\u00e9traction de 340 g. Le cordon de r\u00e9traction a une r\u00e9sistance \u00e0 la rupture de 36 kg. Le syst\u00e8me de r\u00e9traction se rince tout seul ; le seul entretien n\u00e9cessaire est un lavage complet \u00e0 l'eau douce.<\/p>","protected":false},"excerpt":{"rendered":"<p>Sealife Large Gear Retractor Product nr. SL926 De SeaLife Large Gear Retractor is ontworpen voor middelgrote camera&#8217;s en behuizingen tot de grootte [&hellip;]<\/p>\n","protected":false},"featured_media":2812,"comment_status":"open","ping_status":"closed","template":"","meta":{"_acf_changed":false},"product_brand":[],"product_cat":[385],"product_tag":[251,282,146,464,168,252,377,463,379,237,380],"class_list":{"0":"post-2811","1":"product","2":"type-product","3":"status-publish","4":"has-post-thumbnail","6":"product_cat-overige-accessoires","7":"product_tag-accessoires","8":"product_tag-diving","9":"product_tag-fotografie","10":"product_tag-gear-retractor","11":"product_tag-onderwater","12":"product_tag-onderwaterwereld","13":"product_tag-photography","14":"product_tag-retractor","15":"product_tag-sealife","16":"product_tag-underwater","17":"product_tag-universal","18":"product_shipping_class-pakket","20":"first","21":"instock","22":"shipping-taxable","23":"product-type-simple"},"acf":[],"_links":{"self":[{"href":"https:\/\/sealife-cameras.eu\/fr\/wp-json\/wp\/v2\/product\/2811","targetHints":{"allow":["GET"]}}],"collection":[{"href":"https:\/\/sealife-cameras.eu\/fr\/wp-json\/wp\/v2\/product"}],"about":[{"href":"https:\/\/sealife-cameras.eu\/fr\/wp-json\/wp\/v2\/types\/product"}],"replies":[{"embeddable":true,"href":"https:\/\/sealife-cameras.eu\/fr\/wp-json\/wp\/v2\/comments?post=2811"}],"wp:featuredmedia":[{"embeddable":true,"href":"https:\/\/sealife-cameras.eu\/fr\/wp-json\/wp\/v2\/media\/2812"}],"wp:attachment":[{"href":"https:\/\/sealife-cameras.eu\/fr\/wp-json\/wp\/v2\/media?parent=2811"}],"wp:term":[{"taxonomy":"product_brand","embeddable":true,"href":"https:\/\/sealife-cameras.eu\/fr\/wp-json\/wp\/v2\/product_brand?post=2811"},{"taxonomy":"product_cat","embeddable":true,"href":"https:\/\/sealife-cameras.eu\/fr\/wp-json\/wp\/v2\/product_cat?post=2811"},{"taxonomy":"product_tag","embeddable":true,"href":"https:\/\/sealife-cameras.eu\/fr\/wp-json\/wp\/v2\/product_tag?post=2811"}],"curies":[{"name":"wp","href":"https:\/\/api.w.org\/{rel}","templated":true}]}}