{"id":3197,"date":"2025-01-10T09:59:43","date_gmt":"2025-01-10T08:59:43","guid":{"rendered":"https:\/\/sealife-cameras.eu\/?post_type=product&#038;p=3197"},"modified":"2025-01-10T11:01:51","modified_gmt":"2025-01-10T10:01:51","slug":"sea-dragon-2300f","status":"publish","type":"product","link":"https:\/\/sealife-cameras.eu\/fr\/produit\/sea-dragon-2300f\/","title":{"rendered":"Dragon de mer 2300F"},"content":{"rendered":"<p>Dragon de mer 2300<br \/>\nNum\u00e9ro de produit SL682<\/p>\n<p>2300 lumens avec 80 minutes d'autonomie<\/p>\n<p>Le kit d'\u00e9clairage Sea Dragon 2300F offre une temp\u00e9rature de couleur tr\u00e8s favorable et une reproduction des couleurs sous l'eau. Con\u00e7u pour les cam\u00e9ras d'action, les smartphones et les appareils photo num\u00e9riques compacts qui ont besoin d'une bonne source de lumi\u00e8re pour produire des photos et des vid\u00e9os color\u00e9es sous l'eau. Particuli\u00e8rement utile pour les cam\u00e9ras d'action, le Sea Dragon 2300F comprend le Flex-Connect Grip, le Micro Tray et un support pour cam\u00e9ra d'action. La lampe a un CRI (Colour Rendering Index) impressionnant de 80 avec une temp\u00e9rature de couleur de 5000K, ce qui la rend id\u00e9ale pour la photographie et la vid\u00e9o sous-marines. Son autonomie de 80 minutes \u00e0 pleine puissance vous permet d'effectuer plusieurs plong\u00e9es sans avoir \u00e0 recharger la batterie.<\/p>\n<p>Grand angle de rayonnement<\/p>\n<p>La Sea Dragon 2300F (le \"F\" signifie Flood beam) a un angle de rayonnement de 120\u00b0 au-dessus du sol, 90\u00b0 sous l'eau et a trois niveaux de puissance de 100%, 50% et 25% de la puissance de sortie de 2300 lumens. Le grand angle de rayonnement est id\u00e9al pour les cam\u00e9ras d'action compactes, car il garantit que toute la zone enregistr\u00e9e est inond\u00e9e de lumi\u00e8re. Comme toutes les lampes SeaLife Sea Dragon, les performances et la puissance lumineuse sont fiables et test\u00e9es.<\/p>\n<p>Facilement extensible<\/p>\n<p>Le Sea Dragon 2300F est facilement extensible gr\u00e2ce au syst\u00e8me Flex-Connect de SeaLife qui comprend des plateaux, des poign\u00e9es, des bras et des adaptateurs. Le Sea Dragon 2300 peut \u00eatre connect\u00e9 \u00e0 n'importe quel syst\u00e8me de cam\u00e9ra sous-marine en utilisant un tr\u00e9pied standard \u00bc-20 ou des supports de cam\u00e9ra d'action. Les montures Flex-Connect ball joint, YS et cold shoe sont disponibles, rendant le 2300 compatible avec virtuellement n'importe quel syst\u00e8me de cam\u00e9ra sous-marine.<\/p>\n<p>Caract\u00e9ristiques :<\/p>\n<ul>\n<li>Puissante lampe LED de 2300 lumens. Derni\u00e8re technologie de r\u00e9seau de LED COB. Des lumens r\u00e9els, test\u00e9s en laboratoire, et non des lumens \"th\u00e9oriques\" sp\u00e9cifi\u00e9s par la plupart des autres fabricants.<\/li>\n<li>Commande \u00e0 bouton unique pour une utilisation facile. Un seul bouton permet d'allumer\/\u00e9teindre la lampe et de s\u00e9lectionner la luminosit\u00e9.<\/li>\n<li>Trois niveaux de luminosit\u00e9 : 100%, 50% et 25%.<\/li>\n<li>Mode signal de d\u00e9tresse cach\u00e9. Intervalle de clignotement d'une seconde et code morse SOS. Appuyez sur le bouton d'alimentation et maintenez-le enfonc\u00e9 pendant 4 secondes pour l'activer.<\/li>\n<li>60 minutes d'autonomie \u00e0 pleine puissance.<\/li>\n<li>Luminosit\u00e9 constante - Commutation r\u00e9gul\u00e9e pour que la lumi\u00e8re ne s'affaiblisse pas lorsqu'elle est aliment\u00e9e par des piles.<\/li>\n<li>Indice de rendu des couleurs (IRC) de 80 imitant la lumi\u00e8re du jour.<\/li>\n<li>Facilement extensible avec les plateaux Flex-Connect\u2122, les poign\u00e9es, les bras, les sabots froids, les rotules et les adaptateurs Y-S.<\/li>\n<li>L'angle de rayonnement large de 120\u00b0 \u00e9claire uniform\u00e9ment le sujet sans points chauds.<\/li>\n<li>Profondeur test\u00e9e jusqu'\u00e0 100 m (330 ft) - Garantie.<\/li>\n<li>T\u00eate de lampe en m\u00e9tal r\u00e9sistant \u00e0 la corrosion pour la dissipation de la chaleur et la durabilit\u00e9.<\/li>\n<li>Batterie Li-Ion amovible de 25 W avec chargeur et adaptateurs internationaux inclus.<\/li>\n<li>Compartiment \u00e0 piles \u00e9tanche - m\u00eame en cas de d\u00e9faillance du joint torique, le compartiment \u00e0 piles est isol\u00e9 de mani\u00e8re \u00e0 ce que l'eau ne puisse pas atteindre les composants \u00e9lectroniques internes.<\/li>\n<li>Circuit de protection - La lampe et la batterie sont dot\u00e9es de circuits de protection int\u00e9gr\u00e9s qui coupent l'alimentation dans le cas improbable d'une surchauffe ou d'un court-circuit de la lampe.<\/li>\n<li>Soupape de s\u00e9curit\u00e9 - soupape \u00e9tanche unidirectionnelle qui lib\u00e8re la pression dans le compartiment de la batterie dans le cas improbable d'une d\u00e9faillance de la batterie.<\/li>\n<\/ul>","protected":false},"excerpt":{"rendered":"<p>Sea Dragon 2300 Product Nr. SL682 2300 lumen met 80 minuten looptijd De Sea Dragon 2300F-lichtset biedt een zeer gunstige kleurtemperatuur en [&hellip;]<\/p>\n","protected":false},"featured_media":3211,"comment_status":"open","ping_status":"closed","template":"","meta":{"_acf_changed":false},"product_brand":[],"product_cat":[142],"product_tag":[282,146,213,168,252,377,378,439,237,380],"class_list":{"0":"post-3197","1":"product","2":"type-product","3":"status-publish","4":"has-post-thumbnail","6":"product_cat-foto-en-videolampen","7":"product_tag-diving","8":"product_tag-fotografie","9":"product_tag-light","10":"product_tag-onderwater","11":"product_tag-onderwaterwereld","12":"product_tag-photography","13":"product_tag-sea-dragon","14":"product_tag-sea-dragon-lampen","15":"product_tag-underwater","16":"product_tag-universal","18":"first","19":"instock","20":"featured","21":"shipping-taxable","22":"product-type-simple"},"acf":[],"_links":{"self":[{"href":"https:\/\/sealife-cameras.eu\/fr\/wp-json\/wp\/v2\/product\/3197","targetHints":{"allow":["GET"]}}],"collection":[{"href":"https:\/\/sealife-cameras.eu\/fr\/wp-json\/wp\/v2\/product"}],"about":[{"href":"https:\/\/sealife-cameras.eu\/fr\/wp-json\/wp\/v2\/types\/product"}],"replies":[{"embeddable":true,"href":"https:\/\/sealife-cameras.eu\/fr\/wp-json\/wp\/v2\/comments?post=3197"}],"wp:featuredmedia":[{"embeddable":true,"href":"https:\/\/sealife-cameras.eu\/fr\/wp-json\/wp\/v2\/media\/3211"}],"wp:attachment":[{"href":"https:\/\/sealife-cameras.eu\/fr\/wp-json\/wp\/v2\/media?parent=3197"}],"wp:term":[{"taxonomy":"product_brand","embeddable":true,"href":"https:\/\/sealife-cameras.eu\/fr\/wp-json\/wp\/v2\/product_brand?post=3197"},{"taxonomy":"product_cat","embeddable":true,"href":"https:\/\/sealife-cameras.eu\/fr\/wp-json\/wp\/v2\/product_cat?post=3197"},{"taxonomy":"product_tag","embeddable":true,"href":"https:\/\/sealife-cameras.eu\/fr\/wp-json\/wp\/v2\/product_tag?post=3197"}],"curies":[{"name":"wp","href":"https:\/\/api.w.org\/{rel}","templated":true}]}}