{"id":3292,"date":"2025-04-02T13:54:35","date_gmt":"2025-04-02T11:54:35","guid":{"rendered":"https:\/\/sealife-cameras.eu\/?post_type=product&#038;p=3292"},"modified":"2025-08-07T12:36:16","modified_gmt":"2025-08-07T10:36:16","slug":"micro-3-0-met-bijna-gratis-sea-dragon-2300-lamp","status":"publish","type":"product","link":"https:\/\/sealife-cameras.eu\/fr\/produit\/micro-3-0-met-bijna-gratis-sea-dragon-2300-lamp\/","title":{"rendered":"Micro 3.0 avec lampe Sea Dragon 2300 (presque) gratuite"},"content":{"rendered":"<p><em>Micro 3.0 avec lampe Sea Dragon 2300 (presque) gratuite<\/em><br \/>\n<em>Num\u00e9ro de produit SL556<\/em><\/p>\n<p>Pour une dur\u00e9e limit\u00e9e, SeaLife propose le coffret Micro 3.0 Camera &amp; Light Limited Edition, qui comprend la nouvelle lampe photo vid\u00e9o Sea Dragon 2300F. La nouvelle lampe a un rendu des couleurs exceptionnel de 80 (CRI) et une temp\u00e9rature de couleur de 5000K (Kelvin), avec une longue dur\u00e9e de fonctionnement de 80 minutes \u00e0 pleine puissance. L'appareil photo et la lampe sont pr\u00e9assembl\u00e9s et peuvent \u00eatre utilis\u00e9s presque imm\u00e9diatement apr\u00e8s avoir \u00e9t\u00e9 charg\u00e9s.<\/p>\n<p>L'appareil photo sous-marin Micro 3.0 est la derni\u00e8re et troisi\u00e8me g\u00e9n\u00e9ration de la populaire s\u00e9rie d'appareils photo Micro \u00e0 \u00e9tanch\u00e9it\u00e9 permanente. La cam\u00e9ra est compl\u00e8tement \u00e9tanche. Il n'y a pas de valves, de couvercles ou de joints toriques \u00e0 graisser ou \u00e0 entretenir. Il n'y a donc aucune inqui\u00e9tude \u00e0 avoir quant \u00e0 d'\u00e9ventuels dommages caus\u00e9s par l'eau ou \u00e0 l'inondation de la cam\u00e9ra. Comme ses pr\u00e9d\u00e9cesseurs, la Micro 3.0 a un design ergonomique, solide et compact, avec des commandes et des menus conviviaux.<\/p>\n<p>Le kit d'\u00e9clairage Sea Dragon 2300F offre une temp\u00e9rature de couleur tr\u00e8s favorable et une reproduction des couleurs sous l'eau. Con\u00e7u pour les cam\u00e9ras d'action, les smartphones et les appareils photo num\u00e9riques compacts qui ont besoin d'une bonne source de lumi\u00e8re pour produire des photos et des vid\u00e9os color\u00e9es sous l'eau. Particuli\u00e8rement utile pour les cam\u00e9ras d'action, le Sea Dragon 2300F comprend le Flex-Connect Grip, le Micro Tray et un support pour cam\u00e9ra d'action. La lampe a un CRI (Colour Rendering Index) impressionnant de 80 avec une temp\u00e9rature de couleur de 5000K, ce qui la rend id\u00e9ale pour la photographie et la vid\u00e9o sous-marines. Son autonomie de 80 minutes \u00e0 pleine puissance vous permet d'effectuer plusieurs plong\u00e9es sans avoir \u00e0 recharger la batterie.<\/p>","protected":false},"excerpt":{"rendered":"<p>Micro 3.0 met (bijna) gratis Sea Dragon 2300 lamp Product nr. SL556 Voor een beperkte tijd biedt SeaLife de Micro 3.0 Camera [&hellip;]<\/p>\n","protected":false},"featured_media":3485,"comment_status":"open","ping_status":"closed","template":"","meta":{"_acf_changed":false},"product_brand":[],"product_cat":[387],"product_tag":[],"class_list":{"0":"post-3292","1":"product","2":"type-product","3":"status-publish","4":"has-post-thumbnail","6":"product_cat-cameras-en-behuizing","8":"first","9":"instock","10":"featured","11":"shipping-taxable","12":"product-type-simple"},"acf":[],"_links":{"self":[{"href":"https:\/\/sealife-cameras.eu\/fr\/wp-json\/wp\/v2\/product\/3292","targetHints":{"allow":["GET"]}}],"collection":[{"href":"https:\/\/sealife-cameras.eu\/fr\/wp-json\/wp\/v2\/product"}],"about":[{"href":"https:\/\/sealife-cameras.eu\/fr\/wp-json\/wp\/v2\/types\/product"}],"replies":[{"embeddable":true,"href":"https:\/\/sealife-cameras.eu\/fr\/wp-json\/wp\/v2\/comments?post=3292"}],"wp:featuredmedia":[{"embeddable":true,"href":"https:\/\/sealife-cameras.eu\/fr\/wp-json\/wp\/v2\/media\/3485"}],"wp:attachment":[{"href":"https:\/\/sealife-cameras.eu\/fr\/wp-json\/wp\/v2\/media?parent=3292"}],"wp:term":[{"taxonomy":"product_brand","embeddable":true,"href":"https:\/\/sealife-cameras.eu\/fr\/wp-json\/wp\/v2\/product_brand?post=3292"},{"taxonomy":"product_cat","embeddable":true,"href":"https:\/\/sealife-cameras.eu\/fr\/wp-json\/wp\/v2\/product_cat?post=3292"},{"taxonomy":"product_tag","embeddable":true,"href":"https:\/\/sealife-cameras.eu\/fr\/wp-json\/wp\/v2\/product_tag?post=3292"}],"curies":[{"name":"wp","href":"https:\/\/api.w.org\/{rel}","templated":true}]}}