{"id":3467,"date":"2025-08-07T12:17:12","date_gmt":"2025-08-07T10:17:12","guid":{"rendered":"https:\/\/sealife-cameras.eu\/?post_type=product&#038;p=3467"},"modified":"2025-08-07T12:43:36","modified_gmt":"2025-08-07T10:43:36","slug":"sea-dragon-mini-1600","status":"publish","type":"product","link":"https:\/\/sealife-cameras.eu\/fr\/produit\/sea-dragon-mini-1600\/","title":{"rendered":"Dragon de mer Mini 1600"},"content":{"rendered":"<p data-start=\"73\" data-end=\"115\"><em>Dragon de mer Mini 1600<\/em><br \/>\n<em>Num\u00e9ro de produit SL658<\/em><\/p>\n<p data-start=\"73\" data-end=\"115\"><strong>Petit par la taille, grand par la performance ! Le nouveau SeaDragon Mini 1600<\/strong><strong> lampe de plong\u00e9e.\u00a0<\/strong><\/p>\n<p><strong>Ne manquez pas cela : <\/strong>Les lampes de plong\u00e9e compactes SeaDragon Mini 1600. Avec 1600 lumens, cette lampe de plong\u00e9e portable offre aux plongeurs un faisceau extr\u00eamement lumineux et centr\u00e9. En appuyant sur un bouton, vous pouvez choisir parmi 5 r\u00e9glages de lumi\u00e8re diff\u00e9rents.<br \/>\n<strong>Caract\u00e9ristiques du SeaDragon Mini : <\/strong>la nouvelle LED Luminus SFT-40 et des angles de rayonnement ultra serr\u00e9s de 6\u00b0 , 4,5\u00b0 sous l'eau, ce qui permet aux puissants projecteurs d'atteindre de longues distances avec une dispersion minimale.<\/p>\n<h3 data-start=\"73\" data-end=\"115\"><strong data-start=\"77\" data-end=\"115\">SeaDragon Mini 1600 Sp\u00e9cifications :<\/strong><\/h3>\n<ul data-start=\"117\" data-end=\"816\">\n<li data-start=\"117\" data-end=\"183\">\n<p data-start=\"119\" data-end=\"183\"><strong data-start=\"119\" data-end=\"129\">Lumen :<\/strong> 1600 lumens r\u00e9els avec la derni\u00e8re LED Luminus SFT-40<\/p>\n<\/li>\n<li data-start=\"184\" data-end=\"295\">\n<p data-start=\"186\" data-end=\"295\"><strong data-start=\"186\" data-end=\"202\">Faisceau lumineux :<\/strong> Faisceau ponctuel de 6\u00b0 (4,5\u00b0 sous l'eau) pour une visibilit\u00e9 \u00e0 longue distance et un rep\u00e9rage pr\u00e9cis de la faune et de la flore marines<\/p>\n<\/li>\n<li data-start=\"296\" data-end=\"527\">\n<p data-start=\"298\" data-end=\"322\"><strong data-start=\"298\" data-end=\"320\">Fonctionnement \u00e0 l'aide d'un seul bouton :<\/strong><\/p>\n<ul data-start=\"325\" data-end=\"527\">\n<li data-start=\"325\" data-end=\"368\">\n<p data-start=\"327\" data-end=\"368\">Appui long (1 sec) pour allumer\/\u00e9teindre<\/p>\n<\/li>\n<li data-start=\"371\" data-end=\"527\">\n<p data-start=\"373\" data-end=\"527\">Une courte pression permet de passer d'un mode de luminosit\u00e9 \u00e0 l'autre :<br data-start=\"425\" data-end=\"428\" \/>- Pleine puissance : 1600 lumens<br data-start=\"458\" data-end=\"461\" \/>- Demi-puissance : 800 lumens<br data-start=\"491\" data-end=\"494\" \/>- Puissance trimestrielle : 400 lumens<\/p>\n<\/li>\n<\/ul>\n<\/li>\n<li data-start=\"529\" data-end=\"639\">\n<p data-start=\"531\" data-end=\"639\"><strong data-start=\"531\" data-end=\"552\">Mode Instantan\u00e9 :<\/strong> Permet d'allumer ou d'\u00e9teindre la lampe directement en appuyant sur le bouton<\/p>\n<\/li>\n<li data-start=\"641\" data-end=\"698\">\n<p data-start=\"643\" data-end=\"698\"><strong data-start=\"643\" data-end=\"660\">Type de batterie :<\/strong> 1x 18650 batterie Li-ion rechargeable<\/p>\n<\/li>\n<li data-start=\"700\" data-end=\"816\">\n<p data-start=\"702\" data-end=\"816\"><strong data-start=\"702\" data-end=\"727\">Dur\u00e9e de combustion jusqu'\u00e0 7,2 heures<\/strong> Avec une batterie de 4000mAh au quart de la puissance. Sp\u00e9cifications d\u00e9taill\u00e9es par batterie :<\/p>\n<\/li>\n<\/ul>\n<p data-start=\"818\" data-end=\"866\"><strong data-start=\"818\" data-end=\"864\">Batterie rechargeable Xtar 18650 (4000 mAh) :<\/strong><\/p>\n<ul data-start=\"867\" data-end=\"991\">\n<li data-start=\"867\" data-end=\"894\">\n<p data-start=\"869\" data-end=\"894\">1,2 heure \u00e0 pleine puissance<\/p>\n<\/li>\n<li data-start=\"895\" data-end=\"923\">\n<p data-start=\"897\" data-end=\"923\">2,4 heures \u00e0 mi-puissance<\/p>\n<\/li>\n<li data-start=\"924\" data-end=\"953\">\n<p data-start=\"926\" data-end=\"953\">4,8 heures au quart de l'autonomie<\/p>\n<\/li>\n<li data-start=\"954\" data-end=\"991\">\n<p data-start=\"956\" data-end=\"991\">48+ heures en mode clignotant d'urgence\/SOS<\/p>\n<\/li>\n<\/ul>\n<p data-start=\"993\" data-end=\"1041\"><strong data-start=\"993\" data-end=\"1039\">Batterie rechargeable Xtar 18650 (3500 mAh) :<\/strong><\/p>\n<ul data-start=\"1042\" data-end=\"2062\">\n<li data-start=\"1042\" data-end=\"1067\">\n<p data-start=\"1044\" data-end=\"1067\">1 heure \u00e0 pleine puissance<\/p>\n<\/li>\n<li data-start=\"1068\" data-end=\"1094\">\n<p data-start=\"1070\" data-end=\"1094\">2 heures \u00e0 mi-puissance<\/p>\n<\/li>\n<li data-start=\"1095\" data-end=\"1122\">\n<p data-start=\"1097\" data-end=\"1122\">4 heures au quart de la puissance<\/p>\n<\/li>\n<li data-start=\"1123\" data-end=\"1160\">\n<p data-start=\"1125\" data-end=\"1160\">40+ heures en mode clignotant d'urgence\/SOS<\/p>\n<\/li>\n<li data-start=\"1162\" data-end=\"1284\">\n<p data-start=\"1164\" data-end=\"1284\"><strong data-start=\"1164\" data-end=\"1178\">Mode d'urgence :<\/strong> En mode arr\u00eat, appuyez sur le bouton et maintenez-le enfonc\u00e9 pendant 4 secondes pour activer le mode clignotant\/SOS.<\/p>\n<\/li>\n<li data-start=\"1286\" data-end=\"1392\">\n<p data-start=\"1288\" data-end=\"1327\"><strong data-start=\"1288\" data-end=\"1325\">Indicateur de batterie \u00e0 code couleur :<\/strong><\/p>\n<ul data-start=\"1330\" data-end=\"1392\">\n<li data-start=\"1330\" data-end=\"1345\">\n<p data-start=\"1332\" data-end=\"1345\">Vert = plein<\/p>\n<\/li>\n<li data-start=\"1348\" data-end=\"1368\">\n<p data-start=\"1350\" data-end=\"1368\">Jaune = moyenne<\/p>\n<\/li>\n<li data-start=\"1371\" data-end=\"1392\">\n<p data-start=\"1373\" data-end=\"1392\">Rouge = presque vide<\/p>\n<\/li>\n<\/ul>\n<\/li>\n<li data-start=\"1394\" data-end=\"1494\">\n<p data-start=\"1396\" data-end=\"1494\"><strong data-start=\"1396\" data-end=\"1419\">Soupape de s\u00e9curit\u00e9 :<\/strong> Pour la d\u00e9charge de pression en cas d'augmentation de la pression interne due \u00e0 une batterie endommag\u00e9e<\/p>\n<\/li>\n<li data-start=\"1496\" data-end=\"1562\">\n<p data-start=\"1498\" data-end=\"1562\"><strong data-start=\"1498\" data-end=\"1514\">Construction :<\/strong> Fabriqu\u00e9 en aluminium anodis\u00e9 (frais\u00e9)<\/p>\n<\/li>\n<li data-start=\"1564\" data-end=\"1630\">\n<p data-start=\"1566\" data-end=\"1630\"><strong data-start=\"1566\" data-end=\"1579\">Joints toriques :<\/strong> Joints toriques doubles en silicone (Part # SL65301)<\/p>\n<\/li>\n<li data-start=\"1632\" data-end=\"1666\">\n<p data-start=\"1634\" data-end=\"1666\"><strong data-start=\"1634\" data-end=\"1653\">Dur\u00e9e de vie de la LED :<\/strong> 30 000 heures<\/p>\n<\/li>\n<li data-start=\"1668\" data-end=\"1708\">\n<p data-start=\"1670\" data-end=\"1708\"><strong data-start=\"1670\" data-end=\"1691\">Temp\u00e9rature de couleur :<\/strong> 6000 \u00e0 7000K<\/p>\n<\/li>\n<li data-start=\"1710\" data-end=\"1747\">\n<p data-start=\"1712\" data-end=\"1747\"><strong data-start=\"1712\" data-end=\"1742\">Indice de rendu des couleurs (CRI) :<\/strong> 70<\/p>\n<\/li>\n<li data-start=\"1749\" data-end=\"1798\">\n<p data-start=\"1751\" data-end=\"1798\"><strong data-start=\"1751\" data-end=\"1777\">\u00c9tanch\u00e9it\u00e9 test\u00e9e jusqu'\u00e0 :<\/strong> 100 m\u00e8tres (330 ft)<\/p>\n<\/li>\n<li data-start=\"1800\" data-end=\"1857\">\n<p data-start=\"1802\" data-end=\"1857\"><strong data-start=\"1802\" data-end=\"1826\">Temp\u00e9rature de fonctionnement :<\/strong> 0\u00b0C \u00e0 45\u00b0C (0\u00b0F \u00e0 113\u00b0F)<\/p>\n<\/li>\n<li data-start=\"1859\" data-end=\"1917\">\n<p data-start=\"1861\" data-end=\"1917\"><strong data-start=\"1861\" data-end=\"1883\">Temp\u00e9rature de stockage :<\/strong> De -10\u00b0C \u00e0 60\u00b0C (14\u00b0F \u00e0 140\u00b0F)<\/p>\n<\/li>\n<li data-start=\"1919\" data-end=\"1976\">\n<p data-start=\"1921\" data-end=\"1976\"><strong data-start=\"1921\" data-end=\"1943\">Dimensions du produit :<\/strong> \u00d8 40 mm x 151 mm (1.6\" x 5.9\")<\/p>\n<\/li>\n<li data-start=\"1978\" data-end=\"2035\">\n<p data-start=\"1980\" data-end=\"2035\"><strong data-start=\"1980\" data-end=\"1999\">Poids du produit :<\/strong> 149 grammes (5,3 oz) sans batterie<\/p>\n<\/li>\n<li data-start=\"2037\" data-end=\"2062\">\n<p data-start=\"2039\" data-end=\"2062\"><strong data-start=\"2039\" data-end=\"2047\">UPC :<\/strong> 077068416586<\/p>\n<\/li>\n<\/ul>\n<p data-start=\"2064\" data-end=\"2297\"><strong data-start=\"2064\" data-end=\"2078\">Remarque :<\/strong> N'utilisez qu'une batterie 18650 \u00e0 fermeture bouton (c'est-\u00e0-dire sans extr\u00e9mit\u00e9s plates), avec circuits de protection int\u00e9gr\u00e9s, d'une capacit\u00e9 minimale de 3500 mAh et d'un courant de d\u00e9charge minimal de 3,5 A. Utilisation <strong data-start=\"2271\" data-end=\"2279\">non<\/strong> Piles CR123.<\/p>","protected":false},"excerpt":{"rendered":"<p>Sea Dragon Mini 1600 Product Nr. SL658 Klein van stuk, groots in prestatie! De nieuwe SeaDragon Mini 1600 duiklamp.\u00a0 Dit mag je [&hellip;]<\/p>\n","protected":false},"featured_media":3480,"comment_status":"open","ping_status":"closed","template":"","meta":{"_acf_changed":false},"product_brand":[],"product_cat":[44],"product_tag":[146,168,252,377,378,439,379,57,237,380],"class_list":{"0":"post-3467","1":"product","2":"type-product","3":"status-publish","4":"has-post-thumbnail","6":"product_cat-duiklampen","7":"product_tag-fotografie","8":"product_tag-onderwater","9":"product_tag-onderwaterwereld","10":"product_tag-photography","11":"product_tag-sea-dragon","12":"product_tag-sea-dragon-lampen","13":"product_tag-sealife","14":"product_tag-set","15":"product_tag-underwater","16":"product_tag-universal","18":"first","19":"instock","20":"shipping-taxable","21":"product-type-simple"},"acf":[],"_links":{"self":[{"href":"https:\/\/sealife-cameras.eu\/fr\/wp-json\/wp\/v2\/product\/3467","targetHints":{"allow":["GET"]}}],"collection":[{"href":"https:\/\/sealife-cameras.eu\/fr\/wp-json\/wp\/v2\/product"}],"about":[{"href":"https:\/\/sealife-cameras.eu\/fr\/wp-json\/wp\/v2\/types\/product"}],"replies":[{"embeddable":true,"href":"https:\/\/sealife-cameras.eu\/fr\/wp-json\/wp\/v2\/comments?post=3467"}],"wp:featuredmedia":[{"embeddable":true,"href":"https:\/\/sealife-cameras.eu\/fr\/wp-json\/wp\/v2\/media\/3480"}],"wp:attachment":[{"href":"https:\/\/sealife-cameras.eu\/fr\/wp-json\/wp\/v2\/media?parent=3467"}],"wp:term":[{"taxonomy":"product_brand","embeddable":true,"href":"https:\/\/sealife-cameras.eu\/fr\/wp-json\/wp\/v2\/product_brand?post=3467"},{"taxonomy":"product_cat","embeddable":true,"href":"https:\/\/sealife-cameras.eu\/fr\/wp-json\/wp\/v2\/product_cat?post=3467"},{"taxonomy":"product_tag","embeddable":true,"href":"https:\/\/sealife-cameras.eu\/fr\/wp-json\/wp\/v2\/product_tag?post=3467"}],"curies":[{"name":"wp","href":"https:\/\/api.w.org\/{rel}","templated":true}]}}