{"id":3491,"date":"2025-08-07T12:44:49","date_gmt":"2025-08-07T10:44:49","guid":{"rendered":"https:\/\/sealife-cameras.eu\/?post_type=product&#038;p=3491"},"modified":"2025-08-07T12:44:49","modified_gmt":"2025-08-07T10:44:49","slug":"sea-dragon-mini-1200-kit","status":"publish","type":"product","link":"https:\/\/sealife-cameras.eu\/fr\/produit\/sea-dragon-mini-1200-kit\/","title":{"rendered":"Sea Dragon Mini 1200 KIT"},"content":{"rendered":"<p><em>Sea Dragon Mini 1200 KIT<br \/>\nNum\u00e9ro de produit : SLKIT12<\/em><\/p>\n<p>Suffisamment compact pour tenir confortablement dans la main, le Sea Dragon Mini 1200 dispose \u00e9galement d'une grande autonomie. Gr\u00e2ce \u00e0 une batterie rechargeable 18650 Li-ion de 3500mAh, il fonctionne jusqu'\u00e0 6 heures au quart de sa puissance, ou 1,5 heure \u00e0 pleine puissance. Le compartiment de la batterie est \u00e9galement \u00e9quip\u00e9 d'une soupape de s\u00e9curit\u00e9 int\u00e9gr\u00e9e pour la r\u00e9duction de la pression. Avec un angle de rayonnement de 8\u00b0 (6\u00b0 sous l'eau), cette puissante lampe de 1200 lumens est parfaite pour rep\u00e9rer la vie marine \u00e0 distance, \u00e9clairer les zones sombres ou les crevasses, attirer l'attention de votre compagnon de plong\u00e9e ou vous orienter lors d'une plong\u00e9e de nuit.<\/p>\n<p>Caract\u00e9ristiques :<\/p>\n<p data-start=\"73\" data-end=\"122\"><strong data-start=\"73\" data-end=\"122\">1200 lumens avec la derni\u00e8re LED Luminus SFT-40<\/strong><\/p>\n<p data-start=\"124\" data-end=\"224\">Comprend une dragonne avec clip BCD, une batterie rechargeable 18650 Li-ion de 2600 mAh, un chargeur de batterie 18650 USB.<\/p>\n<p data-start=\"226\" data-end=\"342\"><strong data-start=\"226\" data-end=\"242\">Faisceau lumineux :<\/strong>\u00a0Faisceau ultrafin de 8\u00b0 (6\u00b0 sous l'eau) pour une visibilit\u00e9 \u00e0 longue distance et un rep\u00e9rage pr\u00e9cis de la faune et de la flore marines<\/p>\n<p data-start=\"344\" data-end=\"368\"><strong data-start=\"344\" data-end=\"366\">Cinq modes d'\u00e9clairage :<\/strong><\/p>\n<ul data-start=\"369\" data-end=\"559\">\n<li data-start=\"369\" data-end=\"397\">\n<p data-start=\"371\" data-end=\"397\">Pleine puissance : 1200 lumens<\/p>\n<\/li>\n<li data-start=\"398\" data-end=\"426\">\n<p data-start=\"400\" data-end=\"426\">Demi-puissance : 600 lumens<\/p>\n<\/li>\n<li data-start=\"427\" data-end=\"456\">\n<p data-start=\"429\" data-end=\"456\">Puissance trimestrielle : 300 lumens<\/p>\n<\/li>\n<li data-start=\"457\" data-end=\"512\">\n<p data-start=\"459\" data-end=\"512\">Mode clignotant (une fois par seconde \u00e0 pleine puissance)<\/p>\n<\/li>\n<li data-start=\"513\" data-end=\"559\">\n<p data-start=\"515\" data-end=\"559\">SOS (signal d'urgence clignotant \u00e0 pleine puissance)<\/p>\n<\/li>\n<\/ul>\n<p data-start=\"561\" data-end=\"609\"><strong data-start=\"561\" data-end=\"609\">Test\u00e9 \u00e0 une profondeur de 100 m\u00e8tres (330 pieds)<\/strong><\/p>\n<p data-start=\"611\" data-end=\"665\"><strong data-start=\"611\" data-end=\"624\">Batterie :<\/strong>\u00a0une (1) batterie rechargeable 18650 Li-ion<\/p>\n<p data-start=\"667\" data-end=\"708\"><strong data-start=\"667\" data-end=\"706\">Indicateur couleur de l'\u00e9tat de la batterie :<\/strong><\/p>\n<ul data-start=\"709\" data-end=\"765\">\n<li data-start=\"709\" data-end=\"724\">\n<p data-start=\"711\" data-end=\"724\">Vert = plein<\/p>\n<\/li>\n<li data-start=\"725\" data-end=\"745\">\n<p data-start=\"727\" data-end=\"745\">Jaune = moyenne<\/p>\n<\/li>\n<li data-start=\"746\" data-end=\"765\">\n<p data-start=\"748\" data-end=\"765\">Rouge = presque vide<\/p>\n<\/li>\n<\/ul>\n<p data-start=\"767\" data-end=\"862\"><strong data-start=\"767\" data-end=\"789\">Soupape de s\u00e9curit\u00e9<\/strong>\u00a0pour la d\u00e9charge de pression en cas d'augmentation de la pression interne due \u00e0 une batterie endommag\u00e9e<\/p>\n<p data-start=\"864\" data-end=\"946\">Convient pour une utilisation avec des piles au lithium rechargeables 18650 de 2600mAh (ou plus).<\/p>\n<ul data-start=\"947\" data-end=\"1076\">\n<li data-start=\"947\" data-end=\"1076\">\n<p data-start=\"949\" data-end=\"972\"><strong data-start=\"949\" data-end=\"970\">Batterie de 2600mAh :<\/strong><\/p>\n<ul data-start=\"975\" data-end=\"1076\">\n<li data-start=\"975\" data-end=\"1015\">\n<p data-start=\"977\" data-end=\"1015\">66 minutes d'autonomie \u00e0 pleine puissance<\/p>\n<\/li>\n<li data-start=\"1018\" data-end=\"1046\">\n<p data-start=\"1020\" data-end=\"1046\">2,2 heures \u00e0 mi-puissance<\/p>\n<\/li>\n<li data-start=\"1049\" data-end=\"1076\">\n<p data-start=\"1051\" data-end=\"1076\">4,4 heures au quart de la puissance<\/p>\n<\/li>\n<\/ul>\n<\/li>\n<\/ul>\n<p data-start=\"1078\" data-end=\"1103\">Disponible en option :<\/p>\n<ul data-start=\"1104\" data-end=\"1278\">\n<li data-start=\"1104\" data-end=\"1191\">\n<p data-start=\"1106\" data-end=\"1191\"><strong data-start=\"1106\" data-end=\"1144\">Batterie Li-ion 18650 3,6V 3500mAh<\/strong>\u00a0avec une autonomie de 90 minutes \u00e0 pleine puissance<\/p>\n<\/li>\n<li data-start=\"1192\" data-end=\"1278\">\n<p data-start=\"1194\" data-end=\"1278\"><strong data-start=\"1194\" data-end=\"1232\">Batterie Li-ion 18650 3,6V 4000mAh<\/strong>\u00a0avec une autonomie de 108 minutes \u00e0 pleine puissance<\/p>\n<\/li>\n<\/ul>","protected":false},"excerpt":{"rendered":"<p>Sea Dragon Mini 1200 KIT Product Nr. SLKIT12 De Sea Dragon Mini 1200 is compact genoeg om comfortabel in je hand te [&hellip;]<\/p>\n","protected":false},"featured_media":3489,"comment_status":"open","ping_status":"closed","template":"","meta":{"_acf_changed":false},"product_brand":[],"product_cat":[44],"product_tag":[168,252,377,378,379],"class_list":{"0":"post-3491","1":"product","2":"type-product","3":"status-publish","4":"has-post-thumbnail","6":"product_cat-duiklampen","7":"product_tag-onderwater","8":"product_tag-onderwaterwereld","9":"product_tag-photography","10":"product_tag-sea-dragon","11":"product_tag-sealife","13":"first","14":"instock","15":"shipping-taxable","16":"product-type-simple"},"acf":[],"_links":{"self":[{"href":"https:\/\/sealife-cameras.eu\/fr\/wp-json\/wp\/v2\/product\/3491","targetHints":{"allow":["GET"]}}],"collection":[{"href":"https:\/\/sealife-cameras.eu\/fr\/wp-json\/wp\/v2\/product"}],"about":[{"href":"https:\/\/sealife-cameras.eu\/fr\/wp-json\/wp\/v2\/types\/product"}],"replies":[{"embeddable":true,"href":"https:\/\/sealife-cameras.eu\/fr\/wp-json\/wp\/v2\/comments?post=3491"}],"wp:featuredmedia":[{"embeddable":true,"href":"https:\/\/sealife-cameras.eu\/fr\/wp-json\/wp\/v2\/media\/3489"}],"wp:attachment":[{"href":"https:\/\/sealife-cameras.eu\/fr\/wp-json\/wp\/v2\/media?parent=3491"}],"wp:term":[{"taxonomy":"product_brand","embeddable":true,"href":"https:\/\/sealife-cameras.eu\/fr\/wp-json\/wp\/v2\/product_brand?post=3491"},{"taxonomy":"product_cat","embeddable":true,"href":"https:\/\/sealife-cameras.eu\/fr\/wp-json\/wp\/v2\/product_cat?post=3491"},{"taxonomy":"product_tag","embeddable":true,"href":"https:\/\/sealife-cameras.eu\/fr\/wp-json\/wp\/v2\/product_tag?post=3491"}],"curies":[{"name":"wp","href":"https:\/\/api.w.org\/{rel}","templated":true}]}}