{"id":2004,"date":"2024-05-13T02:57:51","date_gmt":"2024-05-13T00:57:51","guid":{"rendered":"https:\/\/modest-cartwright.45-82-188-209.plesk.page\/?page_id=2004"},"modified":"2024-05-13T02:58:32","modified_gmt":"2024-05-13T00:58:32","slug":"retourbeleid","status":"publish","type":"page","link":"https:\/\/sealife-cameras.eu\/it\/retourbeleid\/","title":{"rendered":"Politica di restituzione"},"content":{"rendered":"<div data-elementor-type=\"wp-page\" data-elementor-id=\"2004\" class=\"elementor elementor-2004\" data-elementor-post-type=\"page\">\n\t\t\t\t\t\t<section class=\"has_ae_slider elementor-section elementor-top-section elementor-element elementor-element-057ba27 elementor-section-boxed elementor-section-height-default elementor-section-height-default ae-bg-gallery-type-default\" data-id=\"057ba27\" data-element_type=\"section\" data-e-type=\"section\" data-settings=\"{&quot;background_background&quot;:&quot;classic&quot;}\">\n\t\t\t\t\t\t<div class=\"elementor-container elementor-column-gap-default\">\n\t\t\t\t\t<div class=\"has_ae_slider elementor-column elementor-col-100 elementor-top-column elementor-element elementor-element-d0bb494 ae-bg-gallery-type-default\" data-id=\"d0bb494\" data-element_type=\"column\" data-e-type=\"column\" data-settings=\"{&quot;background_background&quot;:&quot;classic&quot;}\">\n\t\t\t<div class=\"elementor-widget-wrap elementor-element-populated\">\n\t\t\t\t\t\t<div class=\"elementor-element elementor-element-9fdd789 elementor-widget elementor-widget-heading\" data-id=\"9fdd789\" data-element_type=\"widget\" data-e-type=\"widget\" data-widget_type=\"heading.default\">\n\t\t\t\t<div class=\"elementor-widget-container\">\n\t\t\t\t\t<h2 class=\"elementor-heading-title elementor-size-default\">Termini e condizioni generali\n<\/h2>\t\t\t\t<\/div>\n\t\t\t\t<\/div>\n\t\t\t\t<div class=\"elementor-element elementor-element-669a265 elementor-widget elementor-widget-text-editor\" data-id=\"669a265\" data-element_type=\"widget\" data-e-type=\"widget\" data-widget_type=\"text-editor.default\">\n\t\t\t\t<div class=\"elementor-widget-container\">\n\t\t\t\t\t\t\t\t\t<p class=\"p1\"><b>Richiesta di restituzione<\/b><\/p><p class=\"p1\">Lei ha il diritto di recedere dal contratto entro un periodo di 7 giorni senza indicarne le ragioni. Il periodo di recesso scade 7 giorni dal giorno in cui voi o un terzo, diverso dal vettore e da voi indicato, acquisite il possesso fisico dei beni. Per esercitare il diritto di recesso, dovete informarci della vostra volont\u00e0 di recedere dal contratto con una dichiarazione inequivocabile (ad esempio per iscritto, per posta, fax o e-mail). Per rispettare il periodo di recesso, \u00e8 sufficiente inviare una comunicazione relativa all'esercizio del diritto di recesso prima della scadenza del periodo di recesso.<\/p><p class=\"p1\"><b>Conseguenze della revoca<\/b><\/p><p class=\"p1\">Se recedete dal contratto, vi saranno restituiti tutti i pagamenti da voi effettuati fino a quel momento, compresi i costi di consegna (ad eccezione di eventuali costi aggiuntivi derivanti dalla vostra scelta di una modalit\u00e0 di consegna diversa dalla consegna standard pi\u00f9 economica da noi offerta) senza indugio e in ogni caso non oltre 7 giorni dalla data in cui siamo stati informati della vostra decisione di recedere dal contratto. Vi rimborseremo utilizzando lo stesso mezzo di pagamento con cui avete effettuato la transazione originale, a meno che non abbiate espressamente concordato diversamente; in ogni caso, non vi sar\u00e0 addebitato alcun costo per tale rimborso. Potremmo aspettare a rimborsarvi finch\u00e9 non avremo ricevuto la merce o finch\u00e9 non avrete dimostrato di averla restituita, a seconda di quale delle due condizioni si verifichi per prima.\u00a0<\/p><p>Dovete restituirci o consegnarci i beni immediatamente, ma in ogni caso non oltre 7 giorni dal giorno in cui ci avete comunicato la decisione di recedere dal contratto. Siete in tempo se restituite la merce prima della scadenza del termine di 7 giorni. I costi diretti della restituzione della merce sono a carico del cliente. Il cliente \u00e8 responsabile solo del deprezzamento dei beni derivante dall'uso dei beni al di l\u00e0 di quanto necessario per stabilire la natura, le caratteristiche e il funzionamento dei beni.\u00a0<\/p><p class=\"p1\"><b>Indirizzo<\/b><br \/>Qualcosa da restituire? Pensate a una buona descrizione dei vostri desideri, come cambio, restituzione o riparazione. Preferibilmente contattateci in anticipo. Questo per evitare spedizioni inutili e ritardi. Inviate il pacco a:<\/p><p>Sealife Benelux BV<br \/>Strada industriale 6G\/Rosso<br \/>3144CL Maassluis<\/p>\t\t\t\t\t\t\t\t<\/div>\n\t\t\t\t<\/div>\n\t\t\t\t\t<\/div>\n\t\t<\/div>\n\t\t\t\t\t<\/div>\n\t\t<\/section>\n\t\t\t\t<\/div>","protected":false},"excerpt":{"rendered":"<p>Algemene voorwaarden Retour aanvraag U heeft het recht om binnen een termijn van 7 dagen zonder opgave van redenen de overeenkomst te [&hellip;]<\/p>\n","protected":false},"author":1,"featured_media":0,"parent":0,"menu_order":0,"comment_status":"closed","ping_status":"closed","template":"","meta":{"_acf_changed":false,"footnotes":""},"class_list":["post-2004","page","type-page","status-publish","hentry"],"acf":[],"_links":{"self":[{"href":"https:\/\/sealife-cameras.eu\/it\/wp-json\/wp\/v2\/pages\/2004","targetHints":{"allow":["GET"]}}],"collection":[{"href":"https:\/\/sealife-cameras.eu\/it\/wp-json\/wp\/v2\/pages"}],"about":[{"href":"https:\/\/sealife-cameras.eu\/it\/wp-json\/wp\/v2\/types\/page"}],"author":[{"embeddable":true,"href":"https:\/\/sealife-cameras.eu\/it\/wp-json\/wp\/v2\/users\/1"}],"replies":[{"embeddable":true,"href":"https:\/\/sealife-cameras.eu\/it\/wp-json\/wp\/v2\/comments?post=2004"}],"version-history":[{"count":4,"href":"https:\/\/sealife-cameras.eu\/it\/wp-json\/wp\/v2\/pages\/2004\/revisions"}],"predecessor-version":[{"id":2008,"href":"https:\/\/sealife-cameras.eu\/it\/wp-json\/wp\/v2\/pages\/2004\/revisions\/2008"}],"wp:attachment":[{"href":"https:\/\/sealife-cameras.eu\/it\/wp-json\/wp\/v2\/media?parent=2004"}],"curies":[{"name":"wp","href":"https:\/\/api.w.org\/{rel}","templated":true}]}}