{"id":2397,"date":"2024-05-13T09:26:02","date_gmt":"2024-05-13T07:26:02","guid":{"rendered":"https:\/\/modest-cartwright.45-82-188-209.plesk.page\/?post_type=product&#038;p=2397"},"modified":"2024-08-20T12:42:50","modified_gmt":"2024-08-20T10:42:50","slug":"reefmaster-rm-4k-pro-2000-set","status":"publish","type":"product","link":"https:\/\/sealife-cameras.eu\/it\/prodotto\/reefmaster-rm-4k-pro-2000-set\/","title":{"rendered":"Reefmaster RM-4K Pro 2000 Set"},"content":{"rendered":"<p><em>Reefmaster RM-4K Pro 2000 Set<br \/>\nCodice prodotto SL354<\/em><\/p>\n<p>La Sealife Reefmaster RM-4K ha un design compatto e un sensore di immagine CMOS Panasonic da 14 megapixel. Il design compatto assicura che i subacquei e gli amanti dello snorkeling possano portare questa telecamera ovunque. La telecamera \u00e8 in grado di effettuare riprese in 4K con correzione del colore subacqueo. La Sealife Reefmaster RM-4K \u00e8 dotata di comandi a quattro pulsanti e di uno schermo LCD da 2 pollici, che la rendono facile da usare. \u00c8 inoltre dotato di WiFi, per condividere facilmente le riprese con amici e familiari. La custodia subacquea \u00e8 dotata di \"Moisture Muncher\". Si tratta di una funzione che impedisce alla fotocamera di appannarsi a causa del calore e dell'umidit\u00e0 all'interno della custodia. Questa fotocamera subacquea pu\u00f2 essere utilizzata con una MicroSDHC fino a 128GB. <\/p>\n<p>SeaLife Sea Dragon 2000F UW Kit luce foto-video<\/p>\n<p>La lampada Sealife Sea Dragon 2000F \u00e8 una potente lampada a LED che fornisce fino a 2000 lumen di luce. La temperatura di colore \u00e8 di 5000K e si avvicina a quella della luce solare. In questo modo si ottiene un effetto di luce molto naturale sul soggetto sott'acqua. La lampada \u00e8 dotata di un \"fascio luminoso\" con un angolo di illuminazione di 120 gradi e 90 gradi sott'acqua. \u00c8 possibile regolare l'intensit\u00e0 della luce in tre fasi: 100%, 50% e 25%. Rispettivamente 2000, 1000 e 500 lumen. Grazie al suo ampio fascio di luce, questa lampada \u00e8 ideale per le fotocamere con un obiettivo ampio, come la Microcamera Sealife 2.0. \u00c8 sufficiente fissare la fotocamera alla vite da 1\/4\u2033 per avere subito a disposizione un'impugnatura supplementare per il nuoto. In questo modo \u00e8 molto pi\u00f9 facile scattare foto!<br \/>\nCaratteristiche principali del kit SeaLife Sea Dragon 2000F UW Photo-Video Light:<\/p>\n<p>Accessori standard inclusi nel set Sealife Reefmaster RM-4K Pro 2000:<\/p>\n<p>    Telecamera subacquea Sealife Reefmaster RM-4K<br \/>\n    Sea Dragon 2000 Video light<br \/>\n    Impugnatura<br \/>\n    Piastra della telecamera<br \/>\n    Batteria<br \/>\n    Polsino<br \/>\n    Cavo USB<\/p>","protected":false},"excerpt":{"rendered":"<p>Reefmaster RM-4K Pro 2000 Set Product Nr. SL354 Deze Sealife Reefmaster RM-4K heeft een compact ontwerp en een 14 megapixel Panasonic CMOS [&hellip;]<\/p>\n","protected":false},"featured_media":2443,"comment_status":"closed","ping_status":"closed","template":"","meta":{"_acf_changed":false},"product_brand":[],"product_cat":[387],"product_tag":[392,152,282,396,393,146,168,252,377,169,394,395,397,379,57,237],"class_list":{"0":"post-2397","1":"product","2":"type-product","3":"status-publish","4":"has-post-thumbnail","6":"product_cat-cameras-en-behuizing","7":"product_tag-392","8":"product_tag-camera","9":"product_tag-diving","10":"product_tag-dragon","11":"product_tag-duo","12":"product_tag-fotografie","13":"product_tag-onderwater","14":"product_tag-onderwaterwereld","15":"product_tag-photography","16":"product_tag-pro","17":"product_tag-reefmaster","18":"product_tag-reefmaster-rm-4k","19":"product_tag-sea","20":"product_tag-sealife","21":"product_tag-set","22":"product_tag-underwater","23":"product_shipping_class-pakket","25":"first","26":"instock","27":"product-type-simple"},"acf":[],"_links":{"self":[{"href":"https:\/\/sealife-cameras.eu\/it\/wp-json\/wp\/v2\/product\/2397","targetHints":{"allow":["GET"]}}],"collection":[{"href":"https:\/\/sealife-cameras.eu\/it\/wp-json\/wp\/v2\/product"}],"about":[{"href":"https:\/\/sealife-cameras.eu\/it\/wp-json\/wp\/v2\/types\/product"}],"replies":[{"embeddable":true,"href":"https:\/\/sealife-cameras.eu\/it\/wp-json\/wp\/v2\/comments?post=2397"}],"wp:featuredmedia":[{"embeddable":true,"href":"https:\/\/sealife-cameras.eu\/it\/wp-json\/wp\/v2\/media\/2443"}],"wp:attachment":[{"href":"https:\/\/sealife-cameras.eu\/it\/wp-json\/wp\/v2\/media?parent=2397"}],"wp:term":[{"taxonomy":"product_brand","embeddable":true,"href":"https:\/\/sealife-cameras.eu\/it\/wp-json\/wp\/v2\/product_brand?post=2397"},{"taxonomy":"product_cat","embeddable":true,"href":"https:\/\/sealife-cameras.eu\/it\/wp-json\/wp\/v2\/product_cat?post=2397"},{"taxonomy":"product_tag","embeddable":true,"href":"https:\/\/sealife-cameras.eu\/it\/wp-json\/wp\/v2\/product_tag?post=2397"}],"curies":[{"name":"wp","href":"https:\/\/api.w.org\/{rel}","templated":true}]}}