{"id":2535,"date":"2024-05-13T09:27:28","date_gmt":"2024-05-13T07:27:28","guid":{"rendered":"https:\/\/modest-cartwright.45-82-188-209.plesk.page\/?post_type=product&#038;p=2535"},"modified":"2024-08-20T12:42:43","modified_gmt":"2024-08-20T10:42:43","slug":"sealife-close-up-lens-voor-micro-series-rm-4k","status":"publish","type":"product","link":"https:\/\/sealife-cameras.eu\/it\/prodotto\/sealife-close-up-lens-voor-micro-series-rm-4k\/","title":{"rendered":"Obiettivo close up Sealife per Micro-Series e RM-4K"},"content":{"rendered":"<p>Obiettivo close up Sealife per Micro-Series e RM-4K<br \/>\nCodice prodotto SL572<\/p>\n<p>Acquisizione di immagini e video ravvicinati con Micro HD, Micro 2.0, Micro 3.0 e RM-4K<\/p>\n<p>L'obiettivo +10 per riprese ravvicinate offre alle fotocamere Micro HD, HD+, 2.0, 3.0 o RM-4K un campo di messa a fuoco da 6 a 24 pollici (da 15 a 60 cm) sott'acqua e da 3 \"a 6\" (da 8 cm a 15 cm) sulla terraferma, consentendo alla fotocamera di acquisire foto e video subacquei a distanza ravvicinata. Sarete in grado di rivelare i dettagli di un minuscolo gamberetto di corallo o di un minuscolo pesce anemone.<\/p>\n<p>L'obiettivo \u00e8 dotato di un resistente supporto in gomma per un fissaggio rapido e preciso. Pu\u00f2 essere facilmente attaccato e rimosso dalla fotocamera sott'acqua ed \u00e8 dotato di un piccolo cavo per fissarlo alla fotocamera durante l'uso.<\/p>\n<p>Si adatta a tutti i modelli della serie Micro e alle fotocamere RM-4K.<\/p>","protected":false},"excerpt":{"rendered":"<p>Sealife Close Up Lens voor Micro-Series &amp; RM-4K Product nr. SL572 Leg close-up afbeeldingen en video vast met de Micro HD, Micro [&hellip;]<\/p>\n","protected":false},"featured_media":2837,"comment_status":"closed","ping_status":"closed","template":"","meta":{"_acf_changed":false},"product_brand":[],"product_cat":[171],"product_tag":[251,152,282,146,400,53,389,168,252,377,379,237,380,170],"class_list":{"0":"post-2535","1":"product","2":"type-product","3":"status-publish","4":"has-post-thumbnail","6":"product_cat-lenzen","7":"product_tag-accessoires","8":"product_tag-camera","9":"product_tag-diving","10":"product_tag-fotografie","11":"product_tag-lenses","12":"product_tag-macro","13":"product_tag-micro","14":"product_tag-onderwater","15":"product_tag-onderwaterwereld","16":"product_tag-photography","17":"product_tag-sealife","18":"product_tag-underwater","19":"product_tag-universal","20":"product_tag-wide-angle","21":"product_shipping_class-pakket","23":"first","24":"instock","25":"shipping-taxable","26":"product-type-simple"},"acf":[],"_links":{"self":[{"href":"https:\/\/sealife-cameras.eu\/it\/wp-json\/wp\/v2\/product\/2535","targetHints":{"allow":["GET"]}}],"collection":[{"href":"https:\/\/sealife-cameras.eu\/it\/wp-json\/wp\/v2\/product"}],"about":[{"href":"https:\/\/sealife-cameras.eu\/it\/wp-json\/wp\/v2\/types\/product"}],"replies":[{"embeddable":true,"href":"https:\/\/sealife-cameras.eu\/it\/wp-json\/wp\/v2\/comments?post=2535"}],"wp:featuredmedia":[{"embeddable":true,"href":"https:\/\/sealife-cameras.eu\/it\/wp-json\/wp\/v2\/media\/2837"}],"wp:attachment":[{"href":"https:\/\/sealife-cameras.eu\/it\/wp-json\/wp\/v2\/media?parent=2535"}],"wp:term":[{"taxonomy":"product_brand","embeddable":true,"href":"https:\/\/sealife-cameras.eu\/it\/wp-json\/wp\/v2\/product_brand?post=2535"},{"taxonomy":"product_cat","embeddable":true,"href":"https:\/\/sealife-cameras.eu\/it\/wp-json\/wp\/v2\/product_cat?post=2535"},{"taxonomy":"product_tag","embeddable":true,"href":"https:\/\/sealife-cameras.eu\/it\/wp-json\/wp\/v2\/product_tag?post=2535"}],"curies":[{"name":"wp","href":"https:\/\/api.w.org\/{rel}","templated":true}]}}