{"id":2536,"date":"2024-05-13T09:27:28","date_gmt":"2024-05-13T07:27:28","guid":{"rendered":"https:\/\/modest-cartwright.45-82-188-209.plesk.page\/?post_type=product&#038;p=2536"},"modified":"2025-07-10T15:08:04","modified_gmt":"2025-07-10T13:08:04","slug":"sealife-sportdiver-smartphone-behuizing","status":"publish","type":"product","link":"https:\/\/sealife-cameras.eu\/it\/prodotto\/sealife-sportdiver-smartphone-behuizing\/","title":{"rendered":"Custodia per smartphone Sealife SportDiver"},"content":{"rendered":"<p>Sealife SportDiver<br \/>\nCodice prodotto SL400-U<\/p>\n<p>NOTA: QUESTO PRODOTTO NON \u00c8 PI\u00d9 DISPONIBILE<\/p>\n<p>Custodia subacquea SeaLife SportDiver per smartphone<\/p>\n<p>Con questa custodia SeaLife SportDiver, i subacquei, gli amanti dello snorkeling o del nuoto possono scattare foto e video subacquei unici con il proprio smartphone! A casa, in piscina, in giardino, sulla spiaggia o nel sito di immersione sulla diga. Ma certamente anche nella vostra destinazione di vacanza, potrete catturare le immagini pi\u00f9 belle fino a 40 metri di profondit\u00e0.<\/p>\n<p>Adatto per:<br \/>\nLo SportDiver pu\u00f2 essere utilizzato in combinazione con diverse marche di smartphone. \u00c8 meglio verificare sul sito web se il proprio telefono \u00e8 adatto all'alloggiamento: <a href=\"https:\/\/www.sealife-cameras.com\/sportdiver-compatibility\/\">https:\/\/www.sealife-cameras.com\/sportdiver-compatibility\/<\/a><\/p>\n<p>Durevole:<br \/>\nLa robusta custodia \u00e8 realizzata in policarbonato, acciaio inossidabile, alluminio e vetro ottico. Anche se l'involucro dello SportDiver \u00e8 \"Heavy Duty\", non \u00e8 pesante: pesa solo 641 grammi. \u00c8 leggera per i viaggi e ha una galleggiabilit\u00e0 quasi neutra in acqua, a seconda del modello di smartphone utilizzato.<\/p>\n<p>Lo smartphone come macchina fotografica creativa:<br \/>\nLo SportDiver \u00e8 solido da impugnare e facile da usare. \u00c8 dotata di un grande pulsante di scatto e di pulsanti di controllo accessibili sul retro per un facile utilizzo, anche con i guanti da sub. Gli appassionati di snorkeling e i subacquei pi\u00f9 creativi possono utilizzare le impostazioni avanzate opzionali dell'app della fotocamera per scattare foto o girare video. Ad esempio: zoom, esposizione (EV), messa a fuoco automatica\/manuale, bilanciamento del bianco, tonalit\u00e0 del colore, selezione dell'obiettivo, modalit\u00e0 RAW + JPEG, foto live e sfocatura dello sfondo (sui modelli di smartphone disponibili).<\/p>\n<p>Nessun rischio, doppia sicurezza:<br \/>\nLa sicurezza per il vostro telefono sopra ogni altra cosa! SportDiver \u00e8 dotato di un DOPPIO ALLARME DI PERDITA, che comprende un allarme interno per l'umidit\u00e0 e un allarme per la pressione del vuoto, che avvisa l'utente con un display sullo schermo, un segnale audio e un LED nell'improbabile caso in cui l'involucro mostri una qualche forma di perdita e venga rilevata umidit\u00e0 nell'involucro o se si verifica una perdita di pressione nell'involucro. Con la pompa per vuoto in dotazione, si aspira l'involucro fino a raggiungere una pressione negativa. Il manometro integrato nell'involucro fornisce una visualizzazione sullo schermo dello smartphone per assicurarsi di portare l'involucro alla giusta pressione negativa. Dopodich\u00e9, l'attesa \u00e8 molto breve finch\u00e9 il sistema di vuoto non indica che non c'\u00e8 stata alcuna variazione di pressione, e in questo modo si sa che si pu\u00f2 portare il set sott'acqua in tutta tranquillit\u00e0. L'alloggiamento \u00e8 sigillato da un O-ring in TPE e da una robusta chiusura a cam-lock, che sigilla in modo semplice e sicuro lo sportello impermeabile. Per evitare che l'interno della custodia si appanni a causa dell'umidit\u00e0, si consiglia di utilizzare la capsula antiappannamento \"Moisture Muncher\" per ridurre al minimo l'umidit\u00e0 ed evitare il pi\u00f9 possibile la condensa interna.<\/p>\n<p>App gratuita SportDiver:<br \/>\nL'alloggiamento SportDiver viene utilizzato insieme all'applicazione gratuita SeaLife SportDiver.  (a differenza di altre applicazioni di custodia per smartphone, non ci sono fastidiosi acquisti in-app o annunci pubblicitari). \u00c8 possibile passare facilmente dalla modalit\u00e0 foto a quella video. L'app SportDiver utilizza la tecnologia della fotocamera dello smartphone in dotazione a ogni modello di smartphone. L'app \u00e8 disponibile per telefoni IOS e Android.<\/p>\n<p>Foto e video sono prontamente disponibili:<br \/>\nLa modalit\u00e0 di riproduzione dell'app visualizza le foto e i video a grandezza naturale con una striscia verticale di miniature per facilitare lo scorrimento delle immagini. I video vengono riprodotti automaticamente quando vengono selezionati. Tutti i file vengono inoltre salvati nel rullino. L'alloggiamento SportDiver si collega automaticamente allo smartphone e all'app SportDiver tramite la tecnologia wireless Bluetooth\u00ae Low Energy (LE) 5. Non ci sono cavi o pulsanti di collegamento al telefono. Nessun cavo o pulsante si collega al telefono. Lo SportDiver ha un consumo energetico estremamente ridotto sia per il telefono che per la custodia, alimentata da due batterie AAA, che durano pi\u00f9 di 50 ore con un uso continuo.<\/p>\n<p>Filtro di correzione del colore incluso:<br \/>\nPer ottenere immagini migliori in acque blu tropicali, lo SportDiver \u00e8 dotato di un filtro di correzione del colore intercambiabile, che ripristina i colori naturali dell'acqua. Il filtro pu\u00f2 essere facilmente applicato o rimosso sott'acqua ed \u00e8 dotato di un cordino di sicurezza per evitare di perderlo.<\/p>\n<p>Esposizione esterna opzionale:<br \/>\nL'alloggiamento dello SportDiver \u00e8 dotato di tre attacchi per treppiede da 1\/4-20 che possono essere montati su qualsiasi lampada o piastra di base con filettatura standard per treppiede, come la gamma di lampade foto\/video subacquee SeaLife. SeaLife offre anche la combinazione SportDiver e luci subacquee Sea Dragon, il modello SL401 \"SportDiver Pro 2500 Set\".<\/p>\n<p>Adattabile a tutti:<br \/>\nPer la sicurezza e la protezione del telefono, la SportDiver \u00e8 dotata di un sistema a molla e di linguette di presa in gomma che mantengono lo Smartphone\u00ae saldamente in posizione e lo proteggono dagli urti. In questo modo \u00e8 anche molto facile cambiare i modelli di smartphone nella custodia.<\/p>\n<p>Voce Descrizione GMP<br \/>\nSL400-U SportDiver Custodia subacquea per smartphone \u20ac 349<br \/>\nSL401 SportDiver Pro 2500 Set con luce subacquea Sea Dragon 2500 \u20ac 799<\/p>\n<p>In dotazione con SeaLife SportDiver, modello SL400-U:<br \/>\nCustodia subacquea per smartphone SportDiver<br \/>\nFiltro per la correzione del colore subacqueo<br \/>\nPompa per vuoto<br \/>\nLinguette di presa in gomma (12x piccole, 12x medie e 12x grandi)<br \/>\nO-ring di ricambio (1x O-ring principale e 1x O-ring della porta di controllo del vuoto)<br \/>\nLubrificante per O-ring<br \/>\nStrumenti per la rimozione dell'O-ring<br \/>\nCinturino da polso di lusso con clip<br \/>\nConfezione campione di Moisture Muncher (1 capsula)<br \/>\nBatterie alcaline AAA (2)<br \/>\nCustodia in EVA per il trasporto<\/p>","protected":false},"excerpt":{"rendered":"<p>Sealife SportDiver<br \/>\nCodice prodotto SL400-U<\/p>\n<p>Custodia subacquea SeaLife SportDiver per smartphone<\/p>\n<p>Con questa custodia SeaLife SportDiver, i subacquei, gli amanti dello snorkeling o del nuoto possono scattare foto e video subacquei unici con il proprio smartphone! A casa, in piscina, in giardino, sulla spiaggia o nel sito di immersione sulla diga. Ma certamente anche nella vostra destinazione di vacanza, potrete catturare le immagini pi\u00f9 belle fino a 40 metri di profondit\u00e0.<\/p>\n<p>Adatto per:<br \/>\nLo SportDiver pu\u00f2 essere utilizzato in combinazione con diverse marche di smartphone. \u00c8 meglio verificare sul sito web se il proprio telefono \u00e8 adatto all'alloggiamento: <a href=\"https:\/\/www.sealife-cameras.com\/sportdiver-compatibility\/\">https:\/\/www.sealife-cameras.com\/sportdiver-compatibility\/<\/a><\/p>\n<p>Durevole:<br \/>\nLa robusta custodia \u00e8 realizzata in policarbonato, acciaio inossidabile, alluminio e vetro ottico. Anche se l'involucro dello SportDiver \u00e8 \"Heavy Duty\", non \u00e8 pesante: pesa solo 641 grammi. \u00c8 leggera per i viaggi e ha una galleggiabilit\u00e0 quasi neutra in acqua, a seconda del modello di smartphone utilizzato.<\/p>\n<p>Lo smartphone come macchina fotografica creativa:<br \/>\nLo SportDiver \u00e8 solido da impugnare e facile da usare. \u00c8 dotata di un grande pulsante di scatto e di pulsanti di controllo accessibili sul retro per un facile utilizzo, anche con i guanti da sub. Gli appassionati di snorkeling e i subacquei pi\u00f9 creativi possono utilizzare le impostazioni avanzate opzionali dell'app della fotocamera per scattare foto o girare video. Ad esempio: zoom, esposizione (EV), messa a fuoco automatica\/manuale, bilanciamento del bianco, tonalit\u00e0 del colore, selezione dell'obiettivo, modalit\u00e0 RAW + JPEG, foto live e sfocatura dello sfondo (sui modelli di smartphone disponibili).<\/p>\n<p>Nessun rischio, doppia sicurezza:<br \/>\nLa sicurezza per il vostro telefono sopra ogni altra cosa! SportDiver \u00e8 dotato di un DOPPIO ALLARME DI PERDITA, che comprende un allarme interno per l'umidit\u00e0 e un allarme per la pressione del vuoto, che avvisa l'utente con un display sullo schermo, un segnale audio e un LED nell'improbabile caso in cui l'involucro mostri una qualche forma di perdita e venga rilevata umidit\u00e0 nell'involucro o se si verifica una perdita di pressione nell'involucro. Con la pompa per vuoto in dotazione, si aspira l'involucro fino a raggiungere una pressione negativa. Il manometro integrato nell'involucro fornisce una visualizzazione sullo schermo dello smartphone per assicurarsi di portare l'involucro alla giusta pressione negativa. Dopodich\u00e9, l'attesa \u00e8 molto breve finch\u00e9 il sistema di vuoto non indica che non c'\u00e8 stata alcuna variazione di pressione, e in questo modo si sa che si pu\u00f2 portare il set sott'acqua in tutta tranquillit\u00e0. L'alloggiamento \u00e8 sigillato da un O-ring in TPE e da una robusta chiusura a cam-lock, che sigilla in modo semplice e sicuro lo sportello impermeabile. Per evitare che l'interno della custodia si appanni a causa dell'umidit\u00e0, si consiglia di utilizzare la capsula antiappannamento \"Moisture Muncher\" per ridurre al minimo l'umidit\u00e0 ed evitare il pi\u00f9 possibile la condensa interna.<\/p>\n<p>App gratuita SportDiver:<br \/>\nL'alloggiamento SportDiver viene utilizzato insieme all'applicazione gratuita SeaLife SportDiver.  (a differenza di altre applicazioni di custodia per smartphone, non ci sono fastidiosi acquisti in-app o annunci pubblicitari). \u00c8 possibile passare facilmente dalla modalit\u00e0 foto a quella video. L'app SportDiver utilizza la tecnologia della fotocamera dello smartphone in dotazione a ogni modello di smartphone. L'app \u00e8 disponibile per telefoni IOS e Android.<\/p>\n<p>Foto e video sono prontamente disponibili:<br \/>\nLa modalit\u00e0 di riproduzione dell'app visualizza le foto e i video a grandezza naturale con una striscia verticale di miniature per facilitare lo scorrimento delle immagini. I video vengono riprodotti automaticamente quando vengono selezionati. Tutti i file vengono inoltre salvati nel rullino. L'alloggiamento SportDiver si collega automaticamente allo smartphone e all'app SportDiver tramite la tecnologia wireless Bluetooth\u00ae Low Energy (LE) 5. Non ci sono cavi o pulsanti di collegamento al telefono. Nessun cavo o pulsante si collega al telefono. Lo SportDiver ha un consumo energetico estremamente ridotto sia per il telefono che per la custodia, alimentata da due batterie AAA, che durano pi\u00f9 di 50 ore con un uso continuo.<\/p>\n<p>Filtro di correzione del colore incluso:<br \/>\nPer ottenere immagini migliori in acque blu tropicali, lo SportDiver \u00e8 dotato di un filtro di correzione del colore intercambiabile, che ripristina i colori naturali dell'acqua. Il filtro pu\u00f2 essere facilmente applicato o rimosso sott'acqua ed \u00e8 dotato di un cordino di sicurezza per evitare di perderlo.<\/p>\n<p>Esposizione esterna opzionale:<br \/>\nL'alloggiamento dello SportDiver \u00e8 dotato di tre attacchi per treppiede da 1\/4-20 che possono essere montati su qualsiasi lampada o piastra di base con filettatura standard per treppiede, come la gamma di lampade foto\/video subacquee SeaLife. SeaLife offre anche la combinazione SportDiver e luci subacquee Sea Dragon, il modello SL401 \"SportDiver Pro 2500 Set\".<\/p>\n<p>Adattabile a tutti:<br \/>\nPer la sicurezza e la protezione del telefono, la SportDiver \u00e8 dotata di un sistema a molla e di linguette di presa in gomma che mantengono lo Smartphone\u00ae saldamente in posizione e lo proteggono dagli urti. In questo modo \u00e8 anche molto facile cambiare i modelli di smartphone nella custodia.<\/p>\n<p>Voce Descrizione GMP<br \/>\nSL400-U SportDiver Custodia subacquea per smartphone \u20ac 349<br \/>\nSL401 SportDiver Pro 2500 Set con luce subacquea Sea Dragon 2500 \u20ac 799<\/p>\n<p>In dotazione con SeaLife SportDiver, modello SL400-U:<br \/>\nCustodia subacquea per smartphone SportDiver<br \/>\nFiltro per la correzione del colore subacqueo<br \/>\nPompa per vuoto<br \/>\nLinguette di presa in gomma (12x piccole, 12x medie e 12x grandi)<br \/>\nO-ring di ricambio (1x O-ring principale e 1x O-ring della porta di controllo del vuoto)<br \/>\nLubrificante per O-ring<br \/>\nStrumenti per la rimozione dell'O-ring<br \/>\nCinturino da polso di lusso con clip<br \/>\nConfezione campione di Moisture Muncher (1 capsula)<br \/>\nBatterie alcaline AAA (2)<br \/>\nCustodia in EVA per il trasporto<\/p>","protected":false},"featured_media":2566,"comment_status":"closed","ping_status":"closed","template":"","meta":{"_acf_changed":false},"product_brand":[],"product_cat":[387],"product_tag":[],"class_list":{"0":"post-2536","1":"product","2":"type-product","3":"status-publish","4":"has-post-thumbnail","6":"product_cat-cameras-en-behuizing","7":"product_shipping_class-pakket","9":"first","10":"instock","11":"shipping-taxable","12":"product-type-simple"},"acf":[],"_links":{"self":[{"href":"https:\/\/sealife-cameras.eu\/it\/wp-json\/wp\/v2\/product\/2536","targetHints":{"allow":["GET"]}}],"collection":[{"href":"https:\/\/sealife-cameras.eu\/it\/wp-json\/wp\/v2\/product"}],"about":[{"href":"https:\/\/sealife-cameras.eu\/it\/wp-json\/wp\/v2\/types\/product"}],"replies":[{"embeddable":true,"href":"https:\/\/sealife-cameras.eu\/it\/wp-json\/wp\/v2\/comments?post=2536"}],"wp:featuredmedia":[{"embeddable":true,"href":"https:\/\/sealife-cameras.eu\/it\/wp-json\/wp\/v2\/media\/2566"}],"wp:attachment":[{"href":"https:\/\/sealife-cameras.eu\/it\/wp-json\/wp\/v2\/media?parent=2536"}],"wp:term":[{"taxonomy":"product_brand","embeddable":true,"href":"https:\/\/sealife-cameras.eu\/it\/wp-json\/wp\/v2\/product_brand?post=2536"},{"taxonomy":"product_cat","embeddable":true,"href":"https:\/\/sealife-cameras.eu\/it\/wp-json\/wp\/v2\/product_cat?post=2536"},{"taxonomy":"product_tag","embeddable":true,"href":"https:\/\/sealife-cameras.eu\/it\/wp-json\/wp\/v2\/product_tag?post=2536"}],"curies":[{"name":"wp","href":"https:\/\/api.w.org\/{rel}","templated":true}]}}