{"id":2547,"date":"2024-05-13T09:27:28","date_gmt":"2024-05-13T07:27:28","guid":{"rendered":"https:\/\/modest-cartwright.45-82-188-209.plesk.page\/?post_type=product&#038;p=2547"},"modified":"2024-08-20T12:42:43","modified_gmt":"2024-08-20T10:42:43","slug":"micro-wide-angle-dome-lens","status":"publish","type":"product","link":"https:\/\/sealife-cameras.eu\/it\/prodotto\/micro-wide-angle-dome-lens\/","title":{"rendered":"Obiettivo micrograndangolare a cupola"},"content":{"rendered":"<p><em>Obiettivo micrograndangolare a cupola<\/em><br \/>\n<em>Codice prodotto SL052<\/em><\/p>\n<p>L'obiettivo grandangolare Micro Dome per le fotocamere subacquee Micro Series e ReefMaster RM-4K aumenta il campo visivo della fotocamera di quasi 50% e consente ai fotografi di avvicinarsi tre volte al soggetto.<br \/>\nIl design dell'obiettivo micrograndangolare a cupola utilizza ottiche di alta qualit\u00e0 disposte in 4 elementi che offrono una nitidezza da bordo a bordo. Gli elementi interni sono in vetro ottico completamente multistrato. La lente a cupola \u00e8 in policarbonato ottico con rivestimento rigido antigraffio. L'obiettivo ha una lunghezza focale effettiva di 13,3 mm equivalente alla pellicola se usato con il SeaLife Micro 3.0 ed \u00e8 impermeabile fino a 60m.<br \/>\nL'obiettivo si adatta a tutte le telecamere della serie SeaLife Micro (Micro HD, HD+, Micro 2.0, Micro 3.0) e funziona anche con il SeaLife ReefMaster RM-4K, aumentando l'angolo di ripresa della piccola telecamera a 196\u00b0. L'obiettivo grandangolare Micro Dome aumenta l'angolo di ripresa della Micro 3.0 di 43% a 143\u00b0 (in aria) e consente all'utente di avvicinarsi quasi 3 volte al soggetto.<br \/>\nL'obiettivo micrograndangolare a cupola \u00e8 un \"obiettivo bagnato\" e pu\u00f2 essere facilmente montato e rimosso sott'acqua. Un anello di bloccaggio impedisce all'obiettivo di staccarsi accidentalmente in caso di urti o di acque agitate. L'obiettivo pesa 331 grammi e ha una galleggiabilit\u00e0 negativa. \u00c8 incluso un cordino per evitare di perderlo sott'acqua e l'obiettivo pu\u00f2 essere fissato al Lens Caddy (SL091) quando non viene utilizzato.<br \/>\nIl paraluce orientabile impedisce i riflessi indesiderati dell'illuminazione esterna o della luce solare e protegge l'obiettivo a cupola da urti e usura.<\/p>\n<p><strong>Specifiche tecniche<\/strong><\/p>\n<p>- 3 volte pi\u00f9 vicino e campo visivo pi\u00f9 ampio 43%<br \/>\n- Il design ottico corregge la distorsione a barile e migliora la nitidezza da bordo a bordo.<br \/>\n- Conversione grandangolare 0,7x<br \/>\n- Ottica completamente multistrato per la massima trasmissione della luce<br \/>\n- Adatto a tutte le telecamere SeaLife serie Micro e ReefMaster RM-4K<br \/>\n- Obiettivo facilmente applicabile\/rimuovibile sott'acqua<br \/>\n- Pu\u00f2 essere fissato al portaobiettivi SeaLife \"Lens Caddy\" (articolo SL091)<br \/>\n- Ottica di precisione a 4 elementi ad alte prestazioni (vetro ottico interno)<br \/>\n- Lente a cupola in policarbonato con rivestimento rigido antigraffio<br \/>\n- Include un copriobiettivo a cupola in neoprene, un copriobiettivo posteriore e una custodia protettiva.<br \/>\n- Impermeabile fino a 60 metri (200ft)<\/p>","protected":false},"excerpt":{"rendered":"<p>Micro Wide Angle Dome Lens Product Nr. SL052 De Micro Wide Angle Dome Lens voor Micro-serie en ReefMaster RM-4K onderwatercamera&#8217;s vergroot het [&hellip;]<\/p>\n","protected":false},"featured_media":2838,"comment_status":"open","ping_status":"closed","template":"","meta":{"_acf_changed":false},"product_brand":[],"product_cat":[171],"product_tag":[251,152,282,146,400,168,252,377,378,379,237,380,170],"class_list":{"0":"post-2547","1":"product","2":"type-product","3":"status-publish","4":"has-post-thumbnail","6":"product_cat-lenzen","7":"product_tag-accessoires","8":"product_tag-camera","9":"product_tag-diving","10":"product_tag-fotografie","11":"product_tag-lenses","12":"product_tag-onderwater","13":"product_tag-onderwaterwereld","14":"product_tag-photography","15":"product_tag-sea-dragon","16":"product_tag-sealife","17":"product_tag-underwater","18":"product_tag-universal","19":"product_tag-wide-angle","20":"product_shipping_class-pakket","22":"first","23":"instock","24":"shipping-taxable","25":"product-type-simple"},"acf":[],"_links":{"self":[{"href":"https:\/\/sealife-cameras.eu\/it\/wp-json\/wp\/v2\/product\/2547","targetHints":{"allow":["GET"]}}],"collection":[{"href":"https:\/\/sealife-cameras.eu\/it\/wp-json\/wp\/v2\/product"}],"about":[{"href":"https:\/\/sealife-cameras.eu\/it\/wp-json\/wp\/v2\/types\/product"}],"replies":[{"embeddable":true,"href":"https:\/\/sealife-cameras.eu\/it\/wp-json\/wp\/v2\/comments?post=2547"}],"wp:featuredmedia":[{"embeddable":true,"href":"https:\/\/sealife-cameras.eu\/it\/wp-json\/wp\/v2\/media\/2838"}],"wp:attachment":[{"href":"https:\/\/sealife-cameras.eu\/it\/wp-json\/wp\/v2\/media?parent=2547"}],"wp:term":[{"taxonomy":"product_brand","embeddable":true,"href":"https:\/\/sealife-cameras.eu\/it\/wp-json\/wp\/v2\/product_brand?post=2547"},{"taxonomy":"product_cat","embeddable":true,"href":"https:\/\/sealife-cameras.eu\/it\/wp-json\/wp\/v2\/product_cat?post=2547"},{"taxonomy":"product_tag","embeddable":true,"href":"https:\/\/sealife-cameras.eu\/it\/wp-json\/wp\/v2\/product_tag?post=2547"}],"curies":[{"name":"wp","href":"https:\/\/api.w.org\/{rel}","templated":true}]}}