{"id":2580,"date":"2024-05-13T09:27:56","date_gmt":"2024-05-13T07:27:56","guid":{"rendered":"https:\/\/modest-cartwright.45-82-188-209.plesk.page\/?post_type=product&#038;p=2580"},"modified":"2024-08-20T12:42:41","modified_gmt":"2024-08-20T10:42:41","slug":"sea-dragon-3000f-color-boost","status":"publish","type":"product","link":"https:\/\/sealife-cameras.eu\/it\/prodotto\/sea-dragon-3000f-color-boost\/","title":{"rendered":"Sea Dragon 3000F Color Boost"},"content":{"rendered":"<p>Numero di serie: SL681<\/p>\n<p>La lampada foto-video subacquea Sea Dragon 3000F con Color Boost\u2122 offre diverse caratteristiche interessanti.<\/p>\n<p>Per cominciare, la lampada \u00e8 dotata di un array di LED COB di alta qualit\u00e0, che eroga 3000 lumen in un fascio ampio e regolare di 120\u00b0 e offre un CRI (indice di resa cromatica) di 90 che imita la luce naturale del sole.<\/p>\n<p>Con l'aggiunta della nuova modalit\u00e0 SeaLife Color Boost\u2122, in attesa di brevetto, la lampada aggiunge colori vivaci alle foto e ai video subacquei. Sea Dragon 3000 si accende con 3000 lumen di luce bianca a una temperatura di colore di 5000K (Kelvin). Quando si attiva il SeaLife Color Boost\u2122, la temperatura di colore si riscalda fino a 3900K, reintegrando i rossi persi per un effetto equilibrato e colorato. L'effetto \u00e8 immediatamente percepibile, sia all'occhio che sulla fotocamera in foto o video.<\/p>\n<p>Un'altra caratteristica \u00e8 la grande manopola zigrinata della lampada, che consente di accenderla rapidamente e di regolare la luminosit\u00e0 da 300 a 3.000 lumen, senza gradini o variazioni improvvise dell'intensit\u00e0 luminosa. Premendo semplicemente il pulsante si passa dalla modalit\u00e0 solo bianco alla modalit\u00e0 Color Boost. La lampada offre anche una modalit\u00e0 stealth solo rossa, che utilizza due LED rossi per le immersioni notturne senza spaventare gli animali marini sensibili alla luce intensa.<\/p>\n<p>Il Sea Dragon 3000 dispone anche di modalit\u00e0 di segnalazione di emergenza che emettono un segnale SOS o una luce lampeggiante di 1 secondo per oltre 20 ore alla massima intensit\u00e0 di luminosit\u00e0. Il 3000F Color Boost\u2122 \u00e8 pi\u00f9 leggero e pi\u00f9 piccolo del fratello 5000+ Color Boost\u2122 e utilizza la batteria agli ioni di litio a 2 celle da 3400 mAh brevettata da SeaLife.<\/p>\n<p><strong>Caratteristiche:<\/strong><\/p>\n<ul>\n<li>Controllo con un solo gesto per un funzionamento facile e veloce. Girare per accendere\/spegnere e regolare la luminosit\u00e0<\/li>\n<li>La modalit\u00e0 Color Boost\u2122, in attesa di brevetto, reintegra il rosso perso per un effetto cromatico caldo e vibrante.<\/li>\n<li>Potente 3000 lumen con array di LED Vero COB Bridgelux Gen 8<\/li>\n<li>60 minuti di autonomia a piena potenza<\/li>\n<li>Luminosit\u00e0 costante - Circuiti regolati in modo che la luce non si affievolisca quando la batteria \u00e8 in funzione.<\/li>\n<li>90 CRI che imita la luce naturale del giorno.<\/li>\n<li>Facilmente espandibile con i vassoi, le impugnature e i bracci Flex-Connect\u2122.<\/li>\n<li>Pulsante a sgancio rapido per rilasciare la luce e puntarla in fessure e punti difficili da raggiungere<\/li>\n<li>L'ampio angolo di emissione di 120\u00b0 illumina il soggetto in modo uniforme, senza punti caldi. 90\u00b0 sott'acqua<\/li>\n<li>La modalit\u00e0 di emergenza emette una luce lampeggiante o un segnale SOS per avvisare gli altri di un'emergenza.<\/li>\n<li>Modalit\u00e0 Stealth - Solo il rosso non scoraggia gli animali marini notturni<\/li>\n<li>Profondit\u00e0 stimata fino a 100 m<\/li>\n<li>Batteria rimovibile agli ioni di litio da 25 Wh 3400 mAh con caricabatterie e adattatori internazionali in dotazione<\/li>\n<li>Il vano batteria impermeabile protegge l'elettronica interna anche in caso di penetrazione accidentale di luce<\/li>\n<li>Include vassoio e impugnatura standard.<\/li>\n<li>Il montaggio con vite universale da \u00bc-20 si adatta a tutti i prodotti SeaLife e di altre marche.<\/li>\n<\/ul>\n<p>Prezzo consigliato al pubblico: \u20ac 679,00 IVA inclusa.<\/p>","protected":false},"excerpt":{"rendered":"<p>Serienummer: SL681 De Sea Dragon 3000F met Color Boost\u2122 onderwaterfoto-videolamp biedt verschillende opwindende functies. Om te beginnen is de lamp voorzien van [&hellip;]<\/p>\n","protected":false},"featured_media":2614,"comment_status":"open","ping_status":"closed","template":"","meta":{"_acf_changed":false},"product_brand":[],"product_cat":[142],"product_tag":[391,282,146,168,252,377,378,439,379,57,237,380],"class_list":{"0":"post-2580","1":"product","2":"type-product","3":"status-publish","4":"has-post-thumbnail","6":"product_cat-foto-en-videolampen","7":"product_tag-391","8":"product_tag-diving","9":"product_tag-fotografie","10":"product_tag-onderwater","11":"product_tag-onderwaterwereld","12":"product_tag-photography","13":"product_tag-sea-dragon","14":"product_tag-sea-dragon-lampen","15":"product_tag-sealife","16":"product_tag-set","17":"product_tag-underwater","18":"product_tag-universal","19":"product_shipping_class-pakket","21":"first","22":"instock","23":"featured","24":"shipping-taxable","25":"product-type-simple"},"acf":[],"_links":{"self":[{"href":"https:\/\/sealife-cameras.eu\/it\/wp-json\/wp\/v2\/product\/2580","targetHints":{"allow":["GET"]}}],"collection":[{"href":"https:\/\/sealife-cameras.eu\/it\/wp-json\/wp\/v2\/product"}],"about":[{"href":"https:\/\/sealife-cameras.eu\/it\/wp-json\/wp\/v2\/types\/product"}],"replies":[{"embeddable":true,"href":"https:\/\/sealife-cameras.eu\/it\/wp-json\/wp\/v2\/comments?post=2580"}],"wp:featuredmedia":[{"embeddable":true,"href":"https:\/\/sealife-cameras.eu\/it\/wp-json\/wp\/v2\/media\/2614"}],"wp:attachment":[{"href":"https:\/\/sealife-cameras.eu\/it\/wp-json\/wp\/v2\/media?parent=2580"}],"wp:term":[{"taxonomy":"product_brand","embeddable":true,"href":"https:\/\/sealife-cameras.eu\/it\/wp-json\/wp\/v2\/product_brand?post=2580"},{"taxonomy":"product_cat","embeddable":true,"href":"https:\/\/sealife-cameras.eu\/it\/wp-json\/wp\/v2\/product_cat?post=2580"},{"taxonomy":"product_tag","embeddable":true,"href":"https:\/\/sealife-cameras.eu\/it\/wp-json\/wp\/v2\/product_tag?post=2580"}],"curies":[{"name":"wp","href":"https:\/\/api.w.org\/{rel}","templated":true}]}}