{"id":2584,"date":"2024-05-13T09:27:56","date_gmt":"2024-05-13T07:27:56","guid":{"rendered":"https:\/\/modest-cartwright.45-82-188-209.plesk.page\/?post_type=product&#038;p=2584"},"modified":"2025-01-10T09:10:28","modified_gmt":"2025-01-10T08:10:28","slug":"sealife-sportdiver-ultra","status":"publish","type":"product","link":"https:\/\/sealife-cameras.eu\/it\/prodotto\/sealife-sportdiver-ultra\/","title":{"rendered":"Sealife SportDiver Ultra"},"content":{"rendered":"<p>Articolo n. SL405<\/p>\n<p>SeaLife SportDiver Ultra \u00e8 una custodia subacquea compatta e leggera per smartphone. La custodia SportDiver Ultra consente ai subacquei di scattare foto e video con i loro smartphone fino a 40 metri di profondit\u00e0. Lo SportDiver pu\u00f2 ospitare la maggior parte dei modelli Android, compresi tutti i modelli pi\u00f9 grandi della serie S Ultra di Samsung e la gamma Pixel di Google, e la maggior parte degli iPhone. L'applicazione gratuita SportDiver \u00e8 disponibile su App Store o Play Store e funziona con il sistema operativo attuale e con quello della generazione precedente. Consultate la nostra guida alla compatibilit\u00e0 e all'adattamento di SportDiver: <a href=\"https:\/\/www.sealife-cameras.com\/sportdiver-compatibility\/\">https:\/\/www.sealife-cameras.com\/sportdiver-compatibility\/<\/a><\/p>\n<p>La robusta custodia \u00e8 realizzata in policarbonato, acciaio inossidabile, alluminio e vetro ottico. L'involucro dello SportDiver Ultra \u00e8 \"resistente\" ma non pesante, pesa meno di 808 grammi, \u00e8 leggero per gli spostamenti e offre una galleggiabilit\u00e0 quasi neutra in acqua, a seconda del modello di smartphone utilizzato.<\/p>\n<p>Facile da tenere in mano e da usare, lo SportDiver Ultra offre un grande pulsante di stampa e pulsanti di controllo sul retro per un facile utilizzo, anche con i guanti da sub. Snorkeling e subacquei possono essere pi\u00f9 creativi con le loro foto o registrazioni video utilizzando le impostazioni avanzate della fotocamera*. Regolate lo zoom, l'esposizione (EV), la messa a fuoco automatica\/manuale, il bilanciamento del bianco, la tonalit\u00e0, la selezione dell'obiettivo, la modalit\u00e0 RAW+JPEG e la stabilizzazione video (sui modelli di telefono disponibili)*.<\/p>\n<p>La custodia SportDiver Ultra include l'applicazione gratuita SportDiver; a differenza di altre applicazioni di custodia per smartphone, non ci sono fastidiosi acquisti in-app o annunci pubblicitari. \u00c8 possibile passare facilmente dalla modalit\u00e0 foto a quella video. L'app SportDiver utilizza la tecnologia della fotocamera del telefono, specifica per ogni modello di telefono*. L'app supporta le versioni attuali e precedenti del sistema operativo; l'app viene aggiornata in base alle nuove versioni del sistema operativo.<\/p>\n<p>La modalit\u00e0 di riproduzione dell'app visualizza le foto e i video a grandezza naturale con una striscia verticale di miniature, facilitando la ricerca delle immagini. I video vengono riprodotti automaticamente quando vengono selezionati. Tutti i file vengono inoltre salvati nel rullino del telefono. L'involucro di SportDiver Ultra si collega automaticamente allo smartphone e all'app SportDiver tramite la tecnologia wireless Bluetooth\u00ae Low Energy (LE) 5. Non ci sono cavi o pulsanti che tocchino l'involucro. Non ci sono cavi o pulsanti a contatto con il telefono e il consumo energetico \u00e8 estremamente ridotto sia per il telefono che per l'involucro, alimentato da due batterie AAA che durano pi\u00f9 di 50 ore di uso continuo.<\/p>\n<p>Per ottenere immagini migliori, lo SportDiver Ultra \u00e8 dotato di un filtro di correzione del colore subacqueo rimovibile, che ripristina i colori naturali dell'acqua. Il filtro rosso pu\u00f2 essere facilmente applicato o rimosso sott'acqua ed \u00e8 dotato di un cordino di sicurezza per evitarne la perdita. L'alloggiamento dello SportDiver Ultra \u00e8 dotato di sette attacchi per treppiede da 1\/4-20 che possono essere montati su qualsiasi lampada o vassoio flex connect con filettatura standard per treppiede, come la gamma di lampade foto\/video subacquee SeaLife.<\/p>\n<p>Per la sicurezza e la protezione del telefono, lo SportDiver Ultra \u00e8 dotato di una robusta molla e di linguette di presa in gomma che mantengono lo smartphone saldamente in posizione e forniscono protezione dagli urti. Lo SportDiver Ultra \u00e8 dotato di \"doppi allarmi di perdita\", tra cui un allarme interno per l'umidit\u00e0 e un allarme per la pressione del vuoto che avvisa il subacqueo con avvisi sullo schermo, segnali audio e LED nell'improbabile caso in cui la tenuta stagna sia compromessa e si verifichi una perdita di pressione nella custodia o venga rilevata umidit\u00e0. Lo sportello dello SportDiver Ultra \u00e8 sigillato con un O-ring in TPE e una robusta guarnizione a cam-lock che blocca facilmente e in modo sicuro lo sportello impermeabile. Per evitare l'appannamento dell'interno dovuto all'umidit\u00e0 residua, lo SportDiver Ultra utilizza la capsula anti-appannamento \"Moisture Muncher\" che impedisce l'appannamento e la condensa interna.<\/p>\n<p>*Importante: alcune impostazioni potrebbero non essere disponibili a seconda della marca\/modello del telefono. A seconda delle impostazioni in conflitto, le impostazioni potrebbero essere bloccate o inaccessibili. Ad esempio, l'impostazione Ritratto (sfocatura dello sfondo) \u00e8 disponibile solo sugli iPhone con obiettivi multipli. L'impostazione Selezione obiettivo potrebbe non includere tutti gli obiettivi del telefono disponibili; il teleobiettivo non \u00e8 disponibile per i telefoni Android. Controllare l'App Store e il Play Store per gli aggiornamenti dell'app SportDiver.<\/p>\n<p>&nbsp;<\/p>\n<p><strong>Specifiche tecniche<\/strong><br \/>\nCustodia per smartphone SportDiver Ultra<\/p>\n<p>Nome dell'applicazione gratuita: SportDiver in App &amp; Play Store<br \/>\nTelefoni compatibili: funziona con iPhone\u00ae, Samsung Galaxy e la maggior parte dei formati Max e Ultra. Vedere la tabella di compatibilit\u00e0.<br \/>\nProfondit\u00e0 nominale: 40 m<br \/>\nAlimentazione: 2x batterie AAA (alcaline o NiMH)<br \/>\nDurata della batteria: 50 ore<br \/>\nDue indicatori LED: Indicatore di pressione dell'allarme perdite: verde lampeggiante quando non viene applicata alcuna pressione di vuoto; verde continuo quando la pressione di vuoto \u00e8 OK; rosso lampeggiante quando viene rilevata una perdita Stato dell'alimentazione\/collegamento wireless: blu lampeggiante quando \u00e8 acceso e non \u00e8 collegato in modalit\u00e0 wireless; blu continuo quando \u00e8 acceso e collegato in modalit\u00e0 wireless<br \/>\nTecnologia wireless: Bluetooth\u00ae Low Energy (LE)<br \/>\nLingua dell'app: inglese<br \/>\nManuale: Include un manuale stampato in inglese. Le lingue spagnolo, tedesco, francese, italiano e olandese possono essere scaricate dal sito web di SeaLife.<br \/>\nControlli: Otturatore, Modalit\u00e0, Su (Zoom\/Focus +), Gi\u00f9 (Zoom\/Focus -), Riproduzione e Impostazioni della fotocamera<br \/>\ntemperatura di lavoro: da 1\u00b0C a 38\u00b0C<br \/>\nTemperatura di stoccaggio: da 1\u00b0C a 38\u00b0C<br \/>\nO-ring: O-ring principale (1): materiale in gomma TPE O-ring della porta di controllo del vuoto (2): materiale in gomma siliconica Nota: gli O-ring richiedono un lubrificante al silicone (incluso). Il codice del set di O-ring di ricambio \u00e8 SL40010.<br \/>\nPorta dell'obiettivo: porta dell'obiettivo in vetro ottico con rivestimento antiriflesso applicato alla superficie interna dell'obiettivo. La cornice dell'obiettivo consente di applicare un filtro di correzione del colore sott'acqua.<br \/>\nFinestra LCD: finestra di visualizzazione a schermo intero in policarbonato di qualit\u00e0 ottica (\u00e8 disponibile una protezione per lo schermo, venduta separatamente)<br \/>\nAttacco per treppiede: sette filettature standard per treppiede da \u00bc-20 per il fissaggio di accessori<br \/>\nCavo: cavo imbottito SeaLife deluxe con clip di fissaggio girevole<br \/>\nMateriale: alloggiamento in policarbonato con minuteria metallica in acciaio inox 304-316 e alluminio anodizzato T6061.<br \/>\nDimensioni: Esterno: 213,1 mm x 125,7 mm x 54,8 mm. Interno: 165 mm x 80 mm x 9,7 mm<br \/>\nPeso: 808 g Solo custodia UW - senza batterie, filtro, Moisture Muncher 680 g Solo custodia UW - con batterie, filtro, Moisture Muncher, linguette di presa 10x med.<br \/>\nGalleggiabilit\u00e0: Positivo 150,4 g Solo involucro UW - con batterie, filtro rosso e Moisture Muncher Sottrarre il peso dal telefono per calcolare la galleggiabilit\u00e0 totale UW in acqua di mare<br \/>\nGaranzia: 1 anno di garanzia limitata o pi\u00f9 lunga a seconda delle normative locali.<br \/>\nCertificazione: CE, ROHS, FCC (ID FCC: 2ACKF-SL405)<br \/>\nPaese di origine: progettato\/ingegnerizzato negli Stati Uniti, prodotto in Cina<br \/>\nApp SportDiver per iOS<\/p>\n<p>Compatibilit\u00e0 delle app: supporta gli smartphone con il sistema operativo attuale e precedente installato, che \u00e8 soggetto a modifiche secondo quanto stabilito da Apple o Google.<br \/>\nModalit\u00e0: Foto - cattura un'immagine ad ogni pressione dell'otturatore Video - preme l'otturatore per avviare\/arrestare la registrazione video Impostazioni - regola le impostazioni della fotocamera (vedere sotto) Riproduzione - visualizza foto e video<br \/>\nImpostazioni iOS: Obiettivo: selezionare un obiettivo singolo o multiplo (a seconda del modello di telefono).<br \/>\nMessa a fuoco: automatica o manuale<br \/>\nBilanciamento del bianco (WB): automatico o manuale (da 3000K a 8000K) con incrementi di 100K<br \/>\nTonalit\u00e0: da +150 a -150 di tonalit\u00e0 in passi di 10 unit\u00e0<br \/>\nValore di esposizione (EV): -3,0 top +3,0 in incrementi di 0,3 stop<br \/>\nFormato immagine: JPEG (.jpg), RAW (.dng) e JPEG + RAW<br \/>\nProRAW (.dng) disponibile con iPhone 12\/13\/14\/15 Pro\/ProMax e superiori<br \/>\nRisoluzione ProRAW: 12 MP o 48 MP (48 MP disponibile solo su iPhone 14\/15 Pro\/ProMax)<br \/>\nRisoluzione video: ProRes, 4K, 1080p o 720p (ProRes solo su iPhone 13\/14\/15 Pro\/ProMax)<br \/>\nRisparmio energetico: Off, 1 min, 2 min o 5 min (premere un pulsante qualsiasi per risvegliarsi)<br \/>\nLuminosit\u00e0 dello schermo: da 10% a 100%<br \/>\nAllarme perdite: On o Off (allarme sonoro e messaggio di avviso quando viene rilevata una perdita)<br \/>\nDati su schermo: visualizza le impostazioni di esposizione (pu\u00f2 essere attivato o disattivato)<br \/>\nImpostazioni Android: Obiettivo: selezionare un obiettivo singolo o multiplo (a seconda del modello di telefono).<br \/>\nVelocit\u00e0 dell'otturatore: automatica o manuale (da 1\/30 sec a 1\/2000 sec)<br \/>\nISO: automatico o manuale (da 50 a 3200)<br \/>\nValore di esposizione (EV): -3,0 top +3,0 in incrementi di 0,3 stop<br \/>\nMessa a fuoco: automatica o manuale<br \/>\nBilanciamento del bianco (WB): Automatico, Manuale, UW profondo, UW superficiale, Luce diurna, Nuvoloso<br \/>\nBilanciamento del bianco manuale: (da 2000K a 1000K) con incrementi di 100K<br \/>\nEffetti colore: Spento, Bianco e nero, Negativo, Seppia<br \/>\nRaffica di 3 scatti: scatta 3 immagini in 1 secondo<br \/>\nRisoluzione foto: selezionare una delle impostazioni disponibili per la risoluzione delle foto.<br \/>\nRisoluzione video: 4K, 1080p o 720p<br \/>\nStabilizzazione: On o Off (si applica solo alla registrazione video)<br \/>\nRAW+JPEG: On o Off Acquisizione di file immagine RAW (.dng) e JPEG (.jpg)<br \/>\nRisparmio energetico: Off, 1 min, 2 min o 5 min (premere un pulsante qualsiasi per risvegliarsi)<br \/>\nLuminosit\u00e0 dello schermo: da 10% a 100%<br \/>\nAllarme perdite: On o Off (allarme sonoro e messaggio di avviso quando viene rilevata una perdita)<br \/>\nDati su schermo: visualizza le impostazioni di esposizione (pu\u00f2 essere attivato o disattivato)<br \/>\nReset del sistema: ripristina le impostazioni di fabbrica<\/p>\n<p>Importante: alcune impostazioni potrebbero non essere disponibili a seconda della marca\/modello del telefono.<br \/>\nAlcune impostazioni sono bloccate (non accessibili) a seconda di altre impostazioni in conflitto.<\/p>\n<p>L'impostazione di selezione dell'obiettivo potrebbe non includere tutti gli obiettivi del telefono disponibili.<\/p>\n<p>Telelens \u00e8 disponibile per i telefoni Android.<\/p>\n<p>Controllare l'App Store di Apple e il Play Store di Google per gli aggiornamenti dell'app SportDiver.<\/p>\n<p>Funzione di cancellazione: S\u00ec - premere due volte il pulsante OK per cancellare il file selezionato in modalit\u00e0 di riproduzione.<br \/>\nIndicatore del livello della batteria: indica la durata residua della batteria del telefono e della custodia subacquea.<br \/>\nZoom: S\u00ec - La portata dello zoom varia a seconda del modello di telefono<br \/>\nPosizione dei file: Le foto e i video vengono salvati nell'app Foto del telefono per essere modificati e condivisi.<\/p>","protected":false},"excerpt":{"rendered":"<p>Itemnr. SL405 De SeaLife SportDiver Ultra is een compact en lichtgewicht onderwaterhuis voor smartphones. Met de SportDiver Ultra-behuizing kunnen duikers foto&#8217;s en [&hellip;]<\/p>\n","protected":false},"featured_media":2645,"comment_status":"open","ping_status":"closed","template":"","meta":{"_acf_changed":false},"product_brand":[],"product_cat":[387],"product_tag":[151,451,168,252,377,379,454,459,460,237,380],"class_list":{"0":"post-2584","1":"product","2":"type-product","3":"status-publish","4":"has-post-thumbnail","6":"product_cat-cameras-en-behuizing","7":"product_tag-behuizing","8":"product_tag-cases","9":"product_tag-onderwater","10":"product_tag-onderwaterwereld","11":"product_tag-photography","12":"product_tag-sealife","13":"product_tag-sportdiver","14":"product_tag-sportdiver-ultra","15":"product_tag-ultra","16":"product_tag-underwater","17":"product_tag-universal","18":"product_shipping_class-pakket","20":"first","21":"instock","22":"featured","23":"shipping-taxable","24":"product-type-simple"},"acf":[],"_links":{"self":[{"href":"https:\/\/sealife-cameras.eu\/it\/wp-json\/wp\/v2\/product\/2584","targetHints":{"allow":["GET"]}}],"collection":[{"href":"https:\/\/sealife-cameras.eu\/it\/wp-json\/wp\/v2\/product"}],"about":[{"href":"https:\/\/sealife-cameras.eu\/it\/wp-json\/wp\/v2\/types\/product"}],"replies":[{"embeddable":true,"href":"https:\/\/sealife-cameras.eu\/it\/wp-json\/wp\/v2\/comments?post=2584"}],"wp:featuredmedia":[{"embeddable":true,"href":"https:\/\/sealife-cameras.eu\/it\/wp-json\/wp\/v2\/media\/2645"}],"wp:attachment":[{"href":"https:\/\/sealife-cameras.eu\/it\/wp-json\/wp\/v2\/media?parent=2584"}],"wp:term":[{"taxonomy":"product_brand","embeddable":true,"href":"https:\/\/sealife-cameras.eu\/it\/wp-json\/wp\/v2\/product_brand?post=2584"},{"taxonomy":"product_cat","embeddable":true,"href":"https:\/\/sealife-cameras.eu\/it\/wp-json\/wp\/v2\/product_cat?post=2584"},{"taxonomy":"product_tag","embeddable":true,"href":"https:\/\/sealife-cameras.eu\/it\/wp-json\/wp\/v2\/product_tag?post=2584"}],"curies":[{"name":"wp","href":"https:\/\/api.w.org\/{rel}","templated":true}]}}