{"id":2597,"date":"2024-05-13T09:28:20","date_gmt":"2024-05-13T07:28:20","guid":{"rendered":"https:\/\/modest-cartwright.45-82-188-209.plesk.page\/?post_type=product&#038;p=2597"},"modified":"2025-01-10T09:12:05","modified_gmt":"2025-01-10T08:12:05","slug":"sealife-sportdiver-ultra-2500-set","status":"publish","type":"product","link":"https:\/\/sealife-cameras.eu\/it\/prodotto\/sealife-sportdiver-ultra-2500-set\/","title":{"rendered":"Sealife SportDiver Ultra 2500 Set"},"content":{"rendered":"<p>Set SportDiver Ultra 2500<br \/>\nCodice prodotto SL406<\/p>\n<p>Il set SeaLife SportDiver Ultra Pro 2500 \u00e8 una custodia subacquea compatta e leggera per smartphone con la potente luce foto-video Sea Dragon 2500, che esalta i colori. La custodia SportDiver Ultra consente ai subacquei di scattare foto e video con i loro smartphone fino a 40 metri di profondit\u00e0. Lo SportDiver Ultra pu\u00f2 ospitare la maggior parte dei modelli Android, compresi tutti i modelli pi\u00f9 grandi della serie S Ultra di Samsung e la gamma Pixel di Google, e la maggior parte degli iPhone. Consultate la nostra guida alla compatibilit\u00e0 e all'adattamento dello SportDiver: <a href=\"https:\/\/www.sealife-cameras.com\/sportdiver-compatibility\/\">https:\/\/www.sealife-cameras.com\/sportdiver-compatibility\/<\/a> per vedere se il vostro telefono ci sta dentro. L'applicazione gratuita SportDiver \u00e8 disponibile sull'App Store o sul Play Store e funziona con i sistemi operativi di generazione attuale e precedente.<\/p>\n<p>La robusta custodia \u00e8 realizzata in policarbonato, acciaio inossidabile, alluminio e vetro ottico. La custodia dello SportDiver Ultra \u00e8 \"robusta\", ma non pesante. Con un peso di 808 grammi, \u00e8 leggera per i viaggi e offre un galleggiamento quasi neutro in acqua, a seconda del modello di smartphone utilizzato. Il Sea Dragon 2500 aggiunge 623 grammi, completo di batteria, impugnatura e vassoio. Pu\u00f2 essere facilmente collegato o rimosso a seconda delle esigenze di illuminazione.<\/p>\n<p>Facile da impugnare e da usare, la SportDiver Ultra offre un'ampia leva dell'otturatore e pulsanti di controllo posteriori per un facile utilizzo, anche con i guanti da sub. Snorkeling e subacquei possono essere pi\u00f9 creativi con le loro foto o registrazioni video utilizzando le impostazioni avanzate della fotocamera*. Regolate lo zoom, l'esposizione (EV), la messa a fuoco automatica\/manuale, il bilanciamento del bianco, la tonalit\u00e0, la selezione dell'obiettivo, la modalit\u00e0 RAW+JPEG e la stabilizzazione video (sui modelli di telefono disponibili)*.<\/p>\n<p>Luce intensa per colori straordinari<br \/>\nIl Sea Dragon 2500 utilizza la tecnologia LED COB a pannello piatto per imitare accuratamente la luce naturale del sole, facendo risaltare i colori pi\u00f9 belli nelle foto e nei video subacquei. Con un indice di resa cromatica di 90, il Sea Dragon 2500 risolve il problema dei colori tenui nelle foto e nei video subacquei.<\/p>\n<p>La custodia SportDiver Ultra include l'applicazione gratuita SportDiver; a differenza di altre applicazioni di custodia per smartphone, non ci sono fastidiosi acquisti in-app o annunci pubblicitari. \u00c8 possibile passare facilmente dalla modalit\u00e0 foto a quella video. L'app SportDiver utilizza la tecnologia della fotocamera del telefono, specifica per ogni modello di telefono*. L'app supporta le versioni attuali e precedenti del sistema operativo; l'app viene aggiornata in base alle nuove versioni del sistema operativo.<\/p>\n<p>La modalit\u00e0 di riproduzione dell'app visualizza le foto e i video a grandezza naturale con una striscia verticale di miniature, facilitando la ricerca delle immagini. I video vengono riprodotti automaticamente quando vengono selezionati. Tutti i file vengono inoltre salvati nel rullino del telefono. L'involucro di SportDiver Ultra si collega automaticamente allo smartphone e all'app SportDiver tramite la tecnologia wireless Bluetooth\u00ae Low Energy (LE) 5. Non ci sono cavi o pulsanti che tocchino l'involucro. Non ci sono cavi o pulsanti a contatto con il telefono e il consumo energetico \u00e8 estremamente ridotto sia per il telefono che per l'involucro, alimentato da due batterie AAA che durano pi\u00f9 di 50 ore di uso continuo.<\/p>\n<p>Per ottenere immagini migliori, lo SportDiver Ultra \u00e8 dotato di un filtro di correzione del colore subacqueo rimovibile, che ripristina i colori naturali dell'acqua. Il filtro rosso pu\u00f2 essere facilmente applicato o rimosso sott'acqua ed \u00e8 dotato di un cordino di sicurezza per evitarne la perdita.<\/p>\n<p>L'alloggiamento di SportDiver Ultra \u00e8 dotato di sette attacchi per treppiede da 1\/4-20 che possono essere montati su qualsiasi lampada con filettatura standard per treppiede, come la gamma di lampade foto\/video subacquee SeaLife.<\/p>\n<p>Per la sicurezza e la protezione del telefono, lo SportDiver Ultra \u00e8 dotato di una robusta molla e di linguette di presa in gomma che mantengono lo smartphone saldamente in posizione e forniscono protezione dagli urti. Lo SportDiver Ultra \u00e8 dotato di \"doppi allarmi di perdita\", tra cui un allarme interno per l'umidit\u00e0 e un allarme per la pressione del vuoto che avvisa il subacqueo con avvisi sullo schermo, segnali audio e LED nell'improbabile caso in cui la tenuta stagna sia compromessa e si verifichi una perdita di pressione nella custodia o venga rilevata umidit\u00e0. Lo sportello dello SportDiver Ultra \u00e8 sigillato con un O-ring in TPE e una robusta guarnizione a cam-lock che blocca facilmente e in modo sicuro lo sportello impermeabile. Per evitare l'appannamento dell'interno dovuto all'umidit\u00e0 residua, lo SportDiver Ultra utilizza la capsula anti-appannamento \"Moisture Muncher\" che impedisce l'appannamento e la condensa interna.<\/p>\n<p>*Importante: alcune impostazioni potrebbero non essere disponibili a seconda della marca\/modello del telefono. A seconda delle impostazioni in conflitto, le impostazioni potrebbero essere bloccate o inaccessibili. Ad esempio, l'impostazione Ritratto (sfocatura dello sfondo) \u00e8 disponibile solo sugli iPhone con obiettivi multipli. L'impostazione Selezione obiettivo potrebbe non includere tutti gli obiettivi del telefono disponibili; il teleobiettivo non \u00e8 disponibile per i telefoni Android. Controllare l'App Store e il Play Store per gli aggiornamenti dell'app SportDiver.<\/p>","protected":false},"excerpt":{"rendered":"<p>SportDiver Ultra 2500 Set Product Nr. SL406 De SeaLife SportDiver Ultra Pro 2500 Set is een compacte en lichtgewicht onderwaterbehuizing voor smartphones [&hellip;]<\/p>\n","protected":false},"featured_media":2780,"comment_status":"open","ping_status":"closed","template":"","meta":{"_acf_changed":false},"product_brand":[],"product_cat":[387],"product_tag":[152,146,168,252,377,378,439,379,454,459,461,460,237,380],"class_list":{"0":"post-2597","1":"product","2":"type-product","3":"status-publish","4":"has-post-thumbnail","6":"product_cat-cameras-en-behuizing","7":"product_tag-camera","8":"product_tag-fotografie","9":"product_tag-onderwater","10":"product_tag-onderwaterwereld","11":"product_tag-photography","12":"product_tag-sea-dragon","13":"product_tag-sea-dragon-lampen","14":"product_tag-sealife","15":"product_tag-sportdiver","16":"product_tag-sportdiver-ultra","17":"product_tag-sportdiver-ultra-2500-set","18":"product_tag-ultra","19":"product_tag-underwater","20":"product_tag-universal","21":"product_shipping_class-pakket","23":"first","24":"instock","25":"shipping-taxable","26":"product-type-simple"},"acf":[],"_links":{"self":[{"href":"https:\/\/sealife-cameras.eu\/it\/wp-json\/wp\/v2\/product\/2597","targetHints":{"allow":["GET"]}}],"collection":[{"href":"https:\/\/sealife-cameras.eu\/it\/wp-json\/wp\/v2\/product"}],"about":[{"href":"https:\/\/sealife-cameras.eu\/it\/wp-json\/wp\/v2\/types\/product"}],"replies":[{"embeddable":true,"href":"https:\/\/sealife-cameras.eu\/it\/wp-json\/wp\/v2\/comments?post=2597"}],"wp:featuredmedia":[{"embeddable":true,"href":"https:\/\/sealife-cameras.eu\/it\/wp-json\/wp\/v2\/media\/2780"}],"wp:attachment":[{"href":"https:\/\/sealife-cameras.eu\/it\/wp-json\/wp\/v2\/media?parent=2597"}],"wp:term":[{"taxonomy":"product_brand","embeddable":true,"href":"https:\/\/sealife-cameras.eu\/it\/wp-json\/wp\/v2\/product_brand?post=2597"},{"taxonomy":"product_cat","embeddable":true,"href":"https:\/\/sealife-cameras.eu\/it\/wp-json\/wp\/v2\/product_cat?post=2597"},{"taxonomy":"product_tag","embeddable":true,"href":"https:\/\/sealife-cameras.eu\/it\/wp-json\/wp\/v2\/product_tag?post=2597"}],"curies":[{"name":"wp","href":"https:\/\/api.w.org\/{rel}","templated":true}]}}