{"id":3401,"date":"2025-07-10T15:45:30","date_gmt":"2025-07-10T13:45:30","guid":{"rendered":"https:\/\/sealife-cameras.eu\/?post_type=product&#038;p=3401"},"modified":"2025-08-07T12:29:57","modified_gmt":"2025-08-07T10:29:57","slug":"sportdiver-s-smartphone-behuizing","status":"publish","type":"product","link":"https:\/\/sealife-cameras.eu\/it\/prodotto\/sportdiver-s-smartphone-behuizing\/","title":{"rendered":"Custodia per smartphone SportDiver S"},"content":{"rendered":"<p>Custodia per smartphone SportDiver S.<br \/>\nCodice prodotto SL408<\/p>\n<p><strong>Ecco SportDiver S, la custodia subacquea per smartphone progettata per i subacquei e gli amanti dello snorkeling di tutti i livelli<\/strong>. Si aggiunge alla SportDiver ULTRA gi\u00e0 presente nella collezione. La cassa compatta \u00e8 garantita impermeabile fino a 30 metri di profondit\u00e0 e offre diversi aggiornamenti rispetto al modello SportDiver originale; la versione \"S\" offre la compatibilit\u00e0 con tutti i modelli di iPhone, compresi i formati Max, e con molti smartphone Android.<\/p>\n<p><strong>Lo SportDiver S \u00e8 stato progettato per garantire assoluta affidabilit\u00e0 e facilit\u00e0 d'uso.<\/strong> e consente a subacquei e snorkelisti di scattare foto e video straordinari con i loro smartphone. Realizzata in policarbonato di alta qualit\u00e0, acciaio inossidabile, alluminio anodizzato duro e vetro ottico, la custodia pesa solo 641 grammi sulla terraferma e ha un assetto quasi neutro sott'acqua (a seconda dello smartphone utilizzato).<\/p>\n<p><strong>Lo SportDiver S \u00e8 progettato ergonomicamente per garantire il massimo comfort e la massima facilit\u00e0 d'uso. <\/strong>Il corpo macchina \u00e8 dotato di un grande pulsante di stampa e di pulsanti di controllo facilmente accessibili sul retro, che consentono un utilizzo agevole anche con i guanti da sub. I fotografi, gli appassionati di snorkeling e i subacquei possono migliorare la loro creativit\u00e0 utilizzando le impostazioni avanzate della fotocamera, come il controllo dello zoom, la regolazione dell'esposizione, la messa a fuoco automatica\/manuale, il bilanciamento del bianco, la selezione dell'obiettivo, la modalit\u00e0 RAW + JPEG e altro ancora, a seconda del modello di telefono.<\/p>\n<p><strong>Le immersioni con lo smartphone non sono mai state cos\u00ec facili!\u00a0<\/strong>Lo SportDiver S comprende diverse generazioni per garantire una piacevole esperienza di immersione e snorkeling con ricordi che si conserveranno per sempre.<\/p>\n<p><strong>La custodia SportDiver S funziona con l'applicazione gratuita SportDiver.<\/strong>disponibile per le piattaforme Android e iOS. Abbinata alla custodia, l'app trasforma lo smartphone in una fotocamera subacquea di grande capacit\u00e0 e passa facilmente dalla modalit\u00e0 foto a quella video, utilizzando la tecnologia della fotocamera nativa dello smartphone per offrire foto e video di alta qualit\u00e0 a cui gli utenti sono abituati. Inoltre, la modalit\u00e0 di risparmio energetico dell'app spegne temporaneamente la fotocamera e oscura lo schermo, prolungando la durata della batteria e riportando il set all'attivo con la semplice pressione di un pulsante.<\/p>\n<p><strong>SeaLife offre filtri e lenti opzionali<\/strong> e un attacco per obiettivi da 52 mm\/67 mm per ampliare ulteriormente la creativit\u00e0 dei subacquei.\u00a0<strong>Progettato per una maggiore leggerezza e versatilit\u00e0<\/strong>, Il <strong>L'involucro dello SportDiver S \u00e8 dotato di tre opzioni di montaggio su treppiede da 1\/4-20, che ne facilitano l'uso con il FlexConnect \/ SeaDragon. <\/strong>luci foto\/video. Per ottenere risultati ottimali, SeaLife raccomanda di utilizzare sempre una luce subacquea durante le immersioni con lo SportDiver S.<\/p>\n<p><strong>Per garantire la compatibilit\u00e0, consultare innanzitutto la guida al montaggio per determinare se il modello di telefono in questione \u00e8 adatto all'alloggiamento di SportDiver S<\/strong>.<\/p>\n<p><strong><u>In dotazione con SeaLife SportDiver S, modello SL408: <\/u><\/strong><br \/>\nCustodia subacquea per smartphone SportDiver S<br \/>\nTre supporti per accessori da 1\/4-20 (per luci, piastre di base e maniglie)<br \/>\nPompa per vuoto<br \/>\nLinguette di presa in gomma (12x piccole, 12x medie e 12x grandi)<br \/>\nO-ring di ricambio (1x guarnizione principale e O-ring della porta di controllo del vuoto)<br \/>\nLubrificante per O-ring<br \/>\nStrumento di rimozione dell'o-ring<br \/>\nStrisce antiriflesso (3)<br \/>\nConfezione degustazione Moister Muncher (1 capsula)<br \/>\nBatterie alcaline AAA (2)<br \/>\nCustodia da viaggio SportDiver S<br \/>\nCinturino da polso<\/p>","protected":false},"excerpt":{"rendered":"<p>Custodia per smartphone SportDiver S.<br \/>\nCodice prodotto SL408<\/p>\n<p><strong>Ecco SportDiver S, la custodia subacquea per smartphone progettata per i subacquei e gli amanti dello snorkeling di tutti i livelli<\/strong>. Si aggiunge alla SportDiver ULTRA gi\u00e0 presente nella collezione. La cassa compatta \u00e8 garantita impermeabile fino a 30 metri di profondit\u00e0 e offre diversi aggiornamenti rispetto al modello SportDiver originale; la versione \"S\" offre la compatibilit\u00e0 con tutti i modelli di iPhone, compresi i formati Max, e con molti smartphone Android.<\/p>\n<p><strong>Lo SportDiver S \u00e8 stato progettato per garantire assoluta affidabilit\u00e0 e facilit\u00e0 d'uso.<\/strong> e consente a subacquei e snorkelisti di scattare foto e video straordinari con i loro smartphone. Realizzata in policarbonato di alta qualit\u00e0, acciaio inossidabile, alluminio anodizzato duro e vetro ottico, la custodia pesa solo 641 grammi sulla terraferma e ha un assetto quasi neutro sott'acqua (a seconda dello smartphone utilizzato).<\/p>\n<p><strong>Lo SportDiver S \u00e8 progettato ergonomicamente per garantire il massimo comfort e la massima facilit\u00e0 d'uso. <\/strong>Il corpo macchina \u00e8 dotato di un grande pulsante di stampa e di pulsanti di controllo facilmente accessibili sul retro, che consentono un utilizzo agevole anche con i guanti da sub. I fotografi, gli appassionati di snorkeling e i subacquei possono migliorare la loro creativit\u00e0 utilizzando le impostazioni avanzate della fotocamera, come il controllo dello zoom, la regolazione dell'esposizione, la messa a fuoco automatica\/manuale, il bilanciamento del bianco, la selezione dell'obiettivo, la modalit\u00e0 RAW + JPEG e altro ancora, a seconda del modello di telefono.<\/p>\n<p><strong>Le immersioni con lo smartphone non sono mai state cos\u00ec facili!\u00a0<\/strong>Lo SportDiver S comprende diverse generazioni per garantire una piacevole esperienza di immersione e snorkeling con ricordi che si conserveranno per sempre.<\/p>\n<p><strong>La custodia SportDiver S funziona con l'applicazione gratuita SportDiver.<\/strong>disponibile per le piattaforme Android e iOS. Abbinata alla custodia, l'app trasforma lo smartphone in una fotocamera subacquea di grande capacit\u00e0 e passa facilmente dalla modalit\u00e0 foto a quella video, utilizzando la tecnologia della fotocamera nativa dello smartphone per offrire foto e video di alta qualit\u00e0 a cui gli utenti sono abituati. Inoltre, la modalit\u00e0 di risparmio energetico dell'app spegne temporaneamente la fotocamera e oscura lo schermo, prolungando la durata della batteria e riportando il set all'attivo con la semplice pressione di un pulsante.<\/p>\n<p><strong>SeaLife offre filtri e lenti opzionali<\/strong> e un attacco per obiettivi da 52 mm\/67 mm per ampliare ulteriormente la creativit\u00e0 dei subacquei.\u00a0<strong>Progettato per una maggiore leggerezza e versatilit\u00e0<\/strong>, Il <strong>L'involucro dello SportDiver S \u00e8 dotato di tre opzioni di montaggio su treppiede da 1\/4-20, che ne facilitano l'uso con il FlexConnect \/ SeaDragon. <\/strong>luci foto\/video. Per ottenere risultati ottimali, SeaLife raccomanda di utilizzare sempre una luce subacquea durante le immersioni con lo SportDiver S.<\/p>\n<p><strong>Per garantire la compatibilit\u00e0, consultare innanzitutto la guida al montaggio per determinare se il modello di telefono in questione \u00e8 adatto all'alloggiamento di SportDiver S<\/strong>.<\/p>\n<p><strong><u>In dotazione con SeaLife SportDiver S, modello SL408: <\/u><\/strong><br \/>\nCustodia subacquea per smartphone SportDiver S<br \/>\nTre supporti per accessori da 1\/4-20 (per luci, piastre di base e maniglie)<br \/>\nPompa per vuoto<br \/>\nLinguette di presa in gomma (12x piccole, 12x medie e 12x grandi)<br \/>\nO-ring di ricambio (1x guarnizione principale e O-ring della porta di controllo del vuoto)<br \/>\nLubrificante per O-ring<br \/>\nStrumento di rimozione dell'o-ring<br \/>\nStrisce antiriflesso (3)<br \/>\nConfezione degustazione Moister Muncher (1 capsula)<br \/>\nBatterie alcaline AAA (2)<br \/>\nCustodia da viaggio SportDiver S<br \/>\nCinturino da polso<\/p>\n<p>&nbsp;<\/p>\n<p>&nbsp;<\/p>","protected":false},"featured_media":3481,"comment_status":"open","ping_status":"closed","template":"","meta":{"_acf_changed":false},"product_brand":[],"product_cat":[387],"product_tag":[451,282,146,168,252,377,379,454,237,380],"class_list":{"0":"post-3401","1":"product","2":"type-product","3":"status-publish","4":"has-post-thumbnail","6":"product_cat-cameras-en-behuizing","7":"product_tag-cases","8":"product_tag-diving","9":"product_tag-fotografie","10":"product_tag-onderwater","11":"product_tag-onderwaterwereld","12":"product_tag-photography","13":"product_tag-sealife","14":"product_tag-sportdiver","15":"product_tag-underwater","16":"product_tag-universal","18":"first","19":"instock","20":"featured","21":"shipping-taxable","22":"product-type-simple"},"acf":[],"_links":{"self":[{"href":"https:\/\/sealife-cameras.eu\/it\/wp-json\/wp\/v2\/product\/3401","targetHints":{"allow":["GET"]}}],"collection":[{"href":"https:\/\/sealife-cameras.eu\/it\/wp-json\/wp\/v2\/product"}],"about":[{"href":"https:\/\/sealife-cameras.eu\/it\/wp-json\/wp\/v2\/types\/product"}],"replies":[{"embeddable":true,"href":"https:\/\/sealife-cameras.eu\/it\/wp-json\/wp\/v2\/comments?post=3401"}],"wp:featuredmedia":[{"embeddable":true,"href":"https:\/\/sealife-cameras.eu\/it\/wp-json\/wp\/v2\/media\/3481"}],"wp:attachment":[{"href":"https:\/\/sealife-cameras.eu\/it\/wp-json\/wp\/v2\/media?parent=3401"}],"wp:term":[{"taxonomy":"product_brand","embeddable":true,"href":"https:\/\/sealife-cameras.eu\/it\/wp-json\/wp\/v2\/product_brand?post=3401"},{"taxonomy":"product_cat","embeddable":true,"href":"https:\/\/sealife-cameras.eu\/it\/wp-json\/wp\/v2\/product_cat?post=3401"},{"taxonomy":"product_tag","embeddable":true,"href":"https:\/\/sealife-cameras.eu\/it\/wp-json\/wp\/v2\/product_tag?post=3401"}],"curies":[{"name":"wp","href":"https:\/\/api.w.org\/{rel}","templated":true}]}}