{"id":2004,"date":"2024-05-13T02:57:51","date_gmt":"2024-05-13T00:57:51","guid":{"rendered":"https:\/\/modest-cartwright.45-82-188-209.plesk.page\/?page_id=2004"},"modified":"2024-05-13T02:58:32","modified_gmt":"2024-05-13T00:58:32","slug":"retourbeleid","status":"publish","type":"page","link":"https:\/\/sealife-cameras.eu\/pt\/retourbeleid\/","title":{"rendered":"Pol\u00edtica de devolu\u00e7\u00e3o"},"content":{"rendered":"<div data-elementor-type=\"wp-page\" data-elementor-id=\"2004\" class=\"elementor elementor-2004\" data-elementor-post-type=\"page\">\n\t\t\t\t\t\t<section class=\"has_ae_slider elementor-section elementor-top-section elementor-element elementor-element-057ba27 elementor-section-boxed elementor-section-height-default elementor-section-height-default ae-bg-gallery-type-default\" data-id=\"057ba27\" data-element_type=\"section\" data-e-type=\"section\" data-settings=\"{&quot;background_background&quot;:&quot;classic&quot;}\">\n\t\t\t\t\t\t<div class=\"elementor-container elementor-column-gap-default\">\n\t\t\t\t\t<div class=\"has_ae_slider elementor-column elementor-col-100 elementor-top-column elementor-element elementor-element-d0bb494 ae-bg-gallery-type-default\" data-id=\"d0bb494\" data-element_type=\"column\" data-e-type=\"column\" data-settings=\"{&quot;background_background&quot;:&quot;classic&quot;}\">\n\t\t\t<div class=\"elementor-widget-wrap elementor-element-populated\">\n\t\t\t\t\t\t<div class=\"elementor-element elementor-element-9fdd789 elementor-widget elementor-widget-heading\" data-id=\"9fdd789\" data-element_type=\"widget\" data-e-type=\"widget\" data-widget_type=\"heading.default\">\n\t\t\t\t<div class=\"elementor-widget-container\">\n\t\t\t\t\t<h2 class=\"elementor-heading-title elementor-size-default\">Termos e condi\u00e7\u00f5es gerais\n<\/h2>\t\t\t\t<\/div>\n\t\t\t\t<\/div>\n\t\t\t\t<div class=\"elementor-element elementor-element-669a265 elementor-widget elementor-widget-text-editor\" data-id=\"669a265\" data-element_type=\"widget\" data-e-type=\"widget\" data-widget_type=\"text-editor.default\">\n\t\t\t\t<div class=\"elementor-widget-container\">\n\t\t\t\t\t\t\t\t\t<p class=\"p1\"><b>Pedido de devolu\u00e7\u00e3o<\/b><\/p><p class=\"p1\">O comprador tem o direito de rescindir o contrato num prazo de 7 dias, sem necessidade de indicar os motivos. O prazo de retrata\u00e7\u00e3o expira 7 dias a contar do dia em que o comprador ou um terceiro por si indicado, com exce\u00e7\u00e3o do transportador, adquire a posse f\u00edsica dos bens. Para exercer o direito de retrata\u00e7\u00e3o, o comprador deve informar-nos do seu desejo de retrata\u00e7\u00e3o do contrato atrav\u00e9s de uma declara\u00e7\u00e3o inequ\u00edvoca (por exemplo, por escrito, por correio, fax ou correio eletr\u00f3nico). Para respeitar o prazo de retrata\u00e7\u00e3o, basta enviar-lhe uma comunica\u00e7\u00e3o relativa ao exerc\u00edcio do direito de retrata\u00e7\u00e3o antes do termo do prazo de retrata\u00e7\u00e3o.<\/p><p class=\"p1\"><b>Consequ\u00eancias da revoga\u00e7\u00e3o<\/b><\/p><p class=\"p1\">Se o utilizador rescindir o contrato, ser-lhe-\u00e3o reembolsados todos os pagamentos efectuados at\u00e9 esse momento, incluindo os custos de entrega (com exce\u00e7\u00e3o de quaisquer custos adicionais resultantes da escolha de um modo de entrega diferente da entrega normal mais barata oferecida pelo Vendedor), sem demora e, em qualquer caso, o mais tardar 7 dias ap\u00f3s termos sido informados da sua decis\u00e3o de rescindir o contrato. O reembolso ser\u00e1 efectuado utilizando o mesmo meio de pagamento com que o utilizador efectuou a transa\u00e7\u00e3o original, salvo acordo expresso em contr\u00e1rio; em qualquer caso, o reembolso n\u00e3o ser\u00e1 cobrado ao utilizador. O reembolso pode ser efectuado at\u00e9 \u00e0 rece\u00e7\u00e3o da mercadoria ou at\u00e9 o cliente provar que a devolveu, consoante o que ocorrer primeiro.\u00a0<\/p><p>O comprador deve devolver-nos ou entregar-nos os bens imediatamente, mas, em qualquer caso, o mais tardar 7 dias a contar do dia em que nos comunica a decis\u00e3o de rescindir o contrato. O comprador est\u00e1 dentro do prazo se devolver os bens antes do termo do prazo de 7 dias. O comprador suporta os custos diretos da devolu\u00e7\u00e3o do bem. O comprador s\u00f3 \u00e9 respons\u00e1vel pela deprecia\u00e7\u00e3o dos bens resultante da utiliza\u00e7\u00e3o dos bens para al\u00e9m do necess\u00e1rio para determinar a natureza, as carater\u00edsticas e o funcionamento dos bens.\u00a0<\/p><p class=\"p1\"><b>Endere\u00e7o<\/b><br \/>Algo para devolver? Pense numa boa descri\u00e7\u00e3o dos seus desejos, como troca, devolu\u00e7\u00e3o ou repara\u00e7\u00e3o. De prefer\u00eancia, contacte-nos com anteced\u00eancia. Isto para evitar envios desnecess\u00e1rios e atrasos. Enviar o pacote para:<\/p><p>Sealife Benelux BV<br \/>Rua da ind\u00fastria 6G\/Vermelho<br \/>3144CL Maassluis<\/p>\t\t\t\t\t\t\t\t<\/div>\n\t\t\t\t<\/div>\n\t\t\t\t\t<\/div>\n\t\t<\/div>\n\t\t\t\t\t<\/div>\n\t\t<\/section>\n\t\t\t\t<\/div>","protected":false},"excerpt":{"rendered":"<p>Algemene voorwaarden Retour aanvraag U heeft het recht om binnen een termijn van 7 dagen zonder opgave van redenen de overeenkomst te [&hellip;]<\/p>\n","protected":false},"author":1,"featured_media":0,"parent":0,"menu_order":0,"comment_status":"closed","ping_status":"closed","template":"","meta":{"_acf_changed":false,"footnotes":""},"class_list":["post-2004","page","type-page","status-publish","hentry"],"acf":[],"_links":{"self":[{"href":"https:\/\/sealife-cameras.eu\/pt\/wp-json\/wp\/v2\/pages\/2004","targetHints":{"allow":["GET"]}}],"collection":[{"href":"https:\/\/sealife-cameras.eu\/pt\/wp-json\/wp\/v2\/pages"}],"about":[{"href":"https:\/\/sealife-cameras.eu\/pt\/wp-json\/wp\/v2\/types\/page"}],"author":[{"embeddable":true,"href":"https:\/\/sealife-cameras.eu\/pt\/wp-json\/wp\/v2\/users\/1"}],"replies":[{"embeddable":true,"href":"https:\/\/sealife-cameras.eu\/pt\/wp-json\/wp\/v2\/comments?post=2004"}],"version-history":[{"count":4,"href":"https:\/\/sealife-cameras.eu\/pt\/wp-json\/wp\/v2\/pages\/2004\/revisions"}],"predecessor-version":[{"id":2008,"href":"https:\/\/sealife-cameras.eu\/pt\/wp-json\/wp\/v2\/pages\/2004\/revisions\/2008"}],"wp:attachment":[{"href":"https:\/\/sealife-cameras.eu\/pt\/wp-json\/wp\/v2\/media?parent=2004"}],"curies":[{"name":"wp","href":"https:\/\/api.w.org\/{rel}","templated":true}]}}