{"id":2015,"date":"2024-05-13T03:07:28","date_gmt":"2024-05-13T01:07:28","guid":{"rendered":"https:\/\/modest-cartwright.45-82-188-209.plesk.page\/?page_id=2015"},"modified":"2024-05-13T03:08:46","modified_gmt":"2024-05-13T01:08:46","slug":"bestelproces","status":"publish","type":"page","link":"https:\/\/sealife-cameras.eu\/pt\/bestelproces\/","title":{"rendered":"Processo de encomenda"},"content":{"rendered":"<div data-elementor-type=\"wp-page\" data-elementor-id=\"2015\" class=\"elementor elementor-2015\" data-elementor-post-type=\"page\">\n\t\t\t\t\t\t<section class=\"has_ae_slider elementor-section elementor-top-section elementor-element elementor-element-456eb1e elementor-section-boxed elementor-section-height-default elementor-section-height-default ae-bg-gallery-type-default\" data-id=\"456eb1e\" data-element_type=\"section\" data-e-type=\"section\" data-settings=\"{&quot;background_background&quot;:&quot;classic&quot;}\">\n\t\t\t\t\t\t<div class=\"elementor-container elementor-column-gap-default\">\n\t\t\t\t\t<div class=\"has_ae_slider elementor-column elementor-col-100 elementor-top-column elementor-element elementor-element-3a59111 ae-bg-gallery-type-default\" data-id=\"3a59111\" data-element_type=\"column\" data-e-type=\"column\" data-settings=\"{&quot;background_background&quot;:&quot;classic&quot;}\">\n\t\t\t<div class=\"elementor-widget-wrap elementor-element-populated\">\n\t\t\t\t\t\t<div class=\"elementor-element elementor-element-0bccd0e elementor-widget elementor-widget-heading\" data-id=\"0bccd0e\" data-element_type=\"widget\" data-e-type=\"widget\" data-widget_type=\"heading.default\">\n\t\t\t\t<div class=\"elementor-widget-container\">\n\t\t\t\t\t<h2 class=\"elementor-heading-title elementor-size-default\">Processo de encomenda<\/h2>\t\t\t\t<\/div>\n\t\t\t\t<\/div>\n\t\t\t\t<div class=\"elementor-element elementor-element-05f8c46 elementor-widget__width-initial list elementor-widget elementor-widget-text-editor\" data-id=\"05f8c46\" data-element_type=\"widget\" data-e-type=\"widget\" data-widget_type=\"text-editor.default\">\n\t\t\t\t<div class=\"elementor-widget-container\">\n\t\t\t\t\t\t\t\t\t<p class=\"p1\">Est\u00e1 \u00e0 procura de um produto espec\u00edfico mas n\u00e3o o encontra? N\u00e3o hesite em contactar-nos e teremos todo o gosto em ajudar.<span class=\"Apple-converted-space\">\u00a0<\/span><\/p><p class=\"p1\"><b>Situa\u00e7\u00e3o das exist\u00eancias<\/b><br \/>Os artigos em stock podem ser entregues no dia \u00fatil seguinte se forem encomendados antes das 15:00 (isto aplica-se aos envios nos Pa\u00edses Baixos). Enviamos encomendas de segunda a sexta-feira com a GLS. Se um produto n\u00e3o estiver em stock, \u00e9 indicado um prazo de entrega estimado. Este prazo de entrega est\u00e1 quase sempre correto, mas n\u00e3o o podemos garantir. Se a entrega de uma encomenda demorar mais tempo, inform\u00e1-lo-emos. Poder\u00e1 ent\u00e3o anular a encomenda sem qualquer encargo. Se pretender saber com anteced\u00eancia o prazo de entrega exato, por exemplo, no \u00e2mbito de umas f\u00e9rias de mergulho, contacte-nos.<b><\/b><\/p><p><b>Efetuar uma encomenda<\/b><\/p><ol><li><b><\/b>Adicione os artigos desejados ao seu cesto de compras e prima encomendar;<\/li><li><b><\/b>Verifique o seu cesto e prima Continuar encomenda;<\/li><li><b><\/b>Preencha o seu nome e endere\u00e7o, se necess\u00e1rio. O seu endere\u00e7o \u00e9 verificado na NL com base no c\u00f3digo postal e no n\u00famero da porta;<\/li><li><b><\/b>Pode indicar um endere\u00e7o de entrega alternativo;<\/li><li><b><\/b>Escolha um m\u00e9todo de pagamento;<\/li><li><b><\/b>Verificar a ordem;<\/li><li><b><\/b>Adicione um coment\u00e1rio, se desejar;<\/li><li><b><\/b>Concluir a encomenda premindo comprar. A encomenda est\u00e1 pronta!<\/li><li><b><\/b>N\u00f3s tratamos do tratamento posterior e enviamos a encomenda<\/li><\/ol><p class=\"p1\"><b>Alterar ou anular a sua encomenda<br \/><\/b>Gostaria de alterar ou anular uma encomenda? Por favor, contacte-nos o mais rapidamente poss\u00edvel, para que possamos efetuar a altera\u00e7\u00e3o antes de a encomenda ser enviada pelo correio.<\/p>\t\t\t\t\t\t\t\t<\/div>\n\t\t\t\t<\/div>\n\t\t\t\t\t<\/div>\n\t\t<\/div>\n\t\t\t\t\t<\/div>\n\t\t<\/section>\n\t\t\t\t<\/div>","protected":false},"excerpt":{"rendered":"<p>Bestelproces Bent u opzoek naar een bepaald product, maar komt u er niet helemaal uit. Neem gerust contact met ons op en [&hellip;]<\/p>\n","protected":false},"author":1,"featured_media":0,"parent":0,"menu_order":0,"comment_status":"closed","ping_status":"closed","template":"","meta":{"_acf_changed":false,"footnotes":""},"class_list":["post-2015","page","type-page","status-publish","hentry"],"acf":[],"_links":{"self":[{"href":"https:\/\/sealife-cameras.eu\/pt\/wp-json\/wp\/v2\/pages\/2015","targetHints":{"allow":["GET"]}}],"collection":[{"href":"https:\/\/sealife-cameras.eu\/pt\/wp-json\/wp\/v2\/pages"}],"about":[{"href":"https:\/\/sealife-cameras.eu\/pt\/wp-json\/wp\/v2\/types\/page"}],"author":[{"embeddable":true,"href":"https:\/\/sealife-cameras.eu\/pt\/wp-json\/wp\/v2\/users\/1"}],"replies":[{"embeddable":true,"href":"https:\/\/sealife-cameras.eu\/pt\/wp-json\/wp\/v2\/comments?post=2015"}],"version-history":[{"count":4,"href":"https:\/\/sealife-cameras.eu\/pt\/wp-json\/wp\/v2\/pages\/2015\/revisions"}],"predecessor-version":[{"id":2022,"href":"https:\/\/sealife-cameras.eu\/pt\/wp-json\/wp\/v2\/pages\/2015\/revisions\/2022"}],"wp:attachment":[{"href":"https:\/\/sealife-cameras.eu\/pt\/wp-json\/wp\/v2\/media?parent=2015"}],"curies":[{"name":"wp","href":"https:\/\/api.w.org\/{rel}","templated":true}]}}