{"id":21,"date":"2024-01-18T19:56:45","date_gmt":"2024-01-18T19:56:45","guid":{"rendered":"https:\/\/eager-benz.45-82-188-209.plesk.page\/?page_id=21"},"modified":"2024-05-07T12:18:02","modified_gmt":"2024-05-07T10:18:02","slug":"garantie","status":"publish","type":"page","link":"https:\/\/sealife-cameras.eu\/pt\/garantie\/","title":{"rendered":"Garantia"},"content":{"rendered":"<div data-elementor-type=\"wp-page\" data-elementor-id=\"21\" class=\"elementor elementor-21\" data-elementor-post-type=\"page\">\n\t\t\t\t\t\t<section class=\"has_ae_slider elementor-section elementor-top-section elementor-element elementor-element-4a8e963 elementor-section-boxed elementor-section-height-default elementor-section-height-default ae-bg-gallery-type-default\" data-id=\"4a8e963\" data-element_type=\"section\" data-e-type=\"section\" data-settings=\"{&quot;background_background&quot;:&quot;classic&quot;}\">\n\t\t\t\t\t\t<div class=\"elementor-container elementor-column-gap-default\">\n\t\t\t\t\t<div class=\"has_ae_slider elementor-column elementor-col-100 elementor-top-column elementor-element elementor-element-9e749f1 ae-bg-gallery-type-default\" data-id=\"9e749f1\" data-element_type=\"column\" data-e-type=\"column\" data-settings=\"{&quot;background_background&quot;:&quot;classic&quot;}\">\n\t\t\t<div class=\"elementor-widget-wrap elementor-element-populated\">\n\t\t\t\t\t\t<div class=\"elementor-element elementor-element-ac78edf elementor-widget elementor-widget-heading\" data-id=\"ac78edf\" data-element_type=\"widget\" data-e-type=\"widget\" data-widget_type=\"heading.default\">\n\t\t\t\t<div class=\"elementor-widget-container\">\n\t\t\t\t\t<h2 class=\"elementor-heading-title elementor-size-default\">Garantia<\/h2>\t\t\t\t<\/div>\n\t\t\t\t<\/div>\n\t\t\t\t<div class=\"elementor-element elementor-element-60f294c elementor-widget elementor-widget-text-editor\" data-id=\"60f294c\" data-element_type=\"widget\" data-e-type=\"widget\" data-widget_type=\"text-editor.default\">\n\t\t\t\t<div class=\"elementor-widget-container\">\n\t\t\t\t\t\t\t\t\t<p>No caso excecional de ser necess\u00e1rio apresentar um pedido de garantia, ser\u00e3o envidados esfor\u00e7os no sentido de o resolver o mais rapidamente poss\u00edvel.<br \/>O artigo em quest\u00e3o, juntamente com o comprovativo de compra (n\u00e3o s\u00e3o aceites recibos manuscritos) e o cart\u00e3o de garantia cor de laranja (totalmente preenchido) devem ser devolvidos ao endere\u00e7o de compra. Na aus\u00eancia da prova de compra e do cart\u00e3o de garantia, n\u00e3o pode ser concedida qualquer garantia. O artigo ser\u00e1 tratado como uma repara\u00e7\u00e3o.<br \/>N\u00e3o se esque\u00e7a de incluir uma descri\u00e7\u00e3o clara da avaria. Isto ir\u00e1 acelerar o processo de tratamento. O vendedor encarregar-se-\u00e1 do tratamento posterior da garantia.<\/p><p>As repara\u00e7\u00f5es de produtos Sealife podem ser entregues em qualquer concession\u00e1rio Sealife. Para as repara\u00e7\u00f5es, \u00e9 sempre dado um or\u00e7amento pr\u00e9vio. No caso de repara\u00e7\u00f5es, s\u00e3o sempre cobrados custos de inspe\u00e7\u00e3o. Estes custos de inspe\u00e7\u00e3o est\u00e3o inclu\u00eddos no pre\u00e7o do or\u00e7amento de repara\u00e7\u00e3o. Quando os produtos reparados s\u00e3o devolvidos, s\u00e3o cobrados separadamente.<\/p><p>N\u00e3o \u00e9 poss\u00edvel apresentar pedidos de garantia ou repara\u00e7\u00f5es diretamente \u00e0 Sealife Benelux B.V..<\/p>\t\t\t\t\t\t\t\t<\/div>\n\t\t\t\t<\/div>\n\t\t\t\t\t<\/div>\n\t\t<\/div>\n\t\t\t\t\t<\/div>\n\t\t<\/section>\n\t\t\t\t<\/div>","protected":false},"excerpt":{"rendered":"<p>Garantie In het uitzonderlijke geval dat er aanspraak gemaakt moet worden op garantie zal getracht worden dit zo spoedig mogelijk te verzorgen.Het [&hellip;]<\/p>\n","protected":false},"author":1,"featured_media":0,"parent":0,"menu_order":0,"comment_status":"closed","ping_status":"closed","template":"","meta":{"_acf_changed":false,"footnotes":""},"class_list":["post-21","page","type-page","status-publish","hentry"],"acf":[],"_links":{"self":[{"href":"https:\/\/sealife-cameras.eu\/pt\/wp-json\/wp\/v2\/pages\/21","targetHints":{"allow":["GET"]}}],"collection":[{"href":"https:\/\/sealife-cameras.eu\/pt\/wp-json\/wp\/v2\/pages"}],"about":[{"href":"https:\/\/sealife-cameras.eu\/pt\/wp-json\/wp\/v2\/types\/page"}],"author":[{"embeddable":true,"href":"https:\/\/sealife-cameras.eu\/pt\/wp-json\/wp\/v2\/users\/1"}],"replies":[{"embeddable":true,"href":"https:\/\/sealife-cameras.eu\/pt\/wp-json\/wp\/v2\/comments?post=21"}],"version-history":[{"count":16,"href":"https:\/\/sealife-cameras.eu\/pt\/wp-json\/wp\/v2\/pages\/21\/revisions"}],"predecessor-version":[{"id":1692,"href":"https:\/\/sealife-cameras.eu\/pt\/wp-json\/wp\/v2\/pages\/21\/revisions\/1692"}],"wp:attachment":[{"href":"https:\/\/sealife-cameras.eu\/pt\/wp-json\/wp\/v2\/media?parent=21"}],"curies":[{"name":"wp","href":"https:\/\/api.w.org\/{rel}","templated":true}]}}