{"id":2344,"date":"2024-05-13T09:25:36","date_gmt":"2024-05-13T07:25:36","guid":{"rendered":"https:\/\/modest-cartwright.45-82-188-209.plesk.page\/?post_type=product&#038;p=2344"},"modified":"2024-08-20T12:42:51","modified_gmt":"2024-08-20T10:42:51","slug":"sea-dragon-2500","status":"publish","type":"product","link":"https:\/\/sealife-cameras.eu\/pt\/produto\/sea-dragon-2500\/","title":{"rendered":"Drag\u00e3o do mar 2500"},"content":{"rendered":"<p><em>Drag\u00e3o do mar 2500<br \/>\nN.\u00ba do produto SL671<\/em><\/p>\n<p>O Sea Dragon 2500 utiliza a tecnologia COB LED de painel plano para imitar com exatid\u00e3o a luz solar natural, real\u00e7ando cores deslumbrantes em fotografias e v\u00eddeos subaqu\u00e1ticos. Com um \u00edndice de restitui\u00e7\u00e3o de cor de 90, o Sea Dragon 2500 resolve o problema das fotografias e v\u00eddeos subaqu\u00e1ticos azuis, permitindo aos mergulhadores adicionar luz at\u00e9 60 metros com luz solar port\u00e1til. Inclui tabuleiro Flex-Connect Single, pega e adaptador para c\u00e2mara GoPro\u00ae.<\/p>\n<p>Especifica\u00e7\u00f5es<\/p>\n<p>Potente luz LED de 2500 l\u00famenes<br \/>\n3 n\u00edveis de luminosidade<br \/>\n\u00c2ngulo de feixe largo de 120<br \/>\nProfundidade avaliada at\u00e9 200 p\u00e9s \/ 60 m<br \/>\nCabe\u00e7a de l\u00e2mpada resistente \u00e0 corros\u00e3o<br \/>\nInclui puxador e gaveta individual<br \/>\nTamb\u00e9m dispon\u00edvel apenas como cabe\u00e7a de luz<\/p>","protected":false},"excerpt":{"rendered":"<p>Sea Dragon 2500 Product Nr. SL671 De Sea Dragon 2500 maakt gebruik van flatpanel COB LED-technologie om natuurlijk zonlicht nauwkeurig na te [&hellip;]<\/p>\n","protected":false},"featured_media":2373,"comment_status":"closed","ping_status":"closed","template":"","meta":{"_acf_changed":false},"product_brand":[],"product_cat":[142],"product_tag":[152,282,146,213,168,252,377,378,379,237,380],"class_list":{"0":"post-2344","1":"product","2":"type-product","3":"status-publish","4":"has-post-thumbnail","6":"product_cat-foto-en-videolampen","7":"product_tag-camera","8":"product_tag-diving","9":"product_tag-fotografie","10":"product_tag-light","11":"product_tag-onderwater","12":"product_tag-onderwaterwereld","13":"product_tag-photography","14":"product_tag-sea-dragon","15":"product_tag-sealife","16":"product_tag-underwater","17":"product_tag-universal","18":"product_shipping_class-pakket","20":"first","21":"instock","22":"product-type-simple"},"acf":[],"_links":{"self":[{"href":"https:\/\/sealife-cameras.eu\/pt\/wp-json\/wp\/v2\/product\/2344","targetHints":{"allow":["GET"]}}],"collection":[{"href":"https:\/\/sealife-cameras.eu\/pt\/wp-json\/wp\/v2\/product"}],"about":[{"href":"https:\/\/sealife-cameras.eu\/pt\/wp-json\/wp\/v2\/types\/product"}],"replies":[{"embeddable":true,"href":"https:\/\/sealife-cameras.eu\/pt\/wp-json\/wp\/v2\/comments?post=2344"}],"wp:featuredmedia":[{"embeddable":true,"href":"https:\/\/sealife-cameras.eu\/pt\/wp-json\/wp\/v2\/media\/2373"}],"wp:attachment":[{"href":"https:\/\/sealife-cameras.eu\/pt\/wp-json\/wp\/v2\/media?parent=2344"}],"wp:term":[{"taxonomy":"product_brand","embeddable":true,"href":"https:\/\/sealife-cameras.eu\/pt\/wp-json\/wp\/v2\/product_brand?post=2344"},{"taxonomy":"product_cat","embeddable":true,"href":"https:\/\/sealife-cameras.eu\/pt\/wp-json\/wp\/v2\/product_cat?post=2344"},{"taxonomy":"product_tag","embeddable":true,"href":"https:\/\/sealife-cameras.eu\/pt\/wp-json\/wp\/v2\/product_tag?post=2344"}],"curies":[{"name":"wp","href":"https:\/\/api.w.org\/{rel}","templated":true}]}}