{"id":2356,"date":"2024-05-13T09:25:36","date_gmt":"2024-05-13T07:25:36","guid":{"rendered":"https:\/\/modest-cartwright.45-82-188-209.plesk.page\/?post_type=product&#038;p=2356"},"modified":"2024-08-20T12:42:50","modified_gmt":"2024-08-20T10:42:50","slug":"sea-dragon-duo-3000f-flash-set","status":"publish","type":"product","link":"https:\/\/sealife-cameras.eu\/pt\/produto\/sea-dragon-duo-3000f-flash-set\/","title":{"rendered":"Conjunto de flash Sea Dragon Duo 3000F"},"content":{"rendered":"<p><em>Conjunto de flash Sea Dragon Duo 3000F<br \/>\nN.\u00ba do produto SL690<\/em><\/p>\n<p><em>ESTE PRODUTO TEM UMA OFERTA LIMITADA.<\/em><\/p>\n<p><em>Quer fotografe com a SeaLife DC2000 ou outra c\u00e2mara com flash incorporado, este novo conjunto Duo Light and Flash \u00e9 o sistema de ilumina\u00e7\u00e3o perfeito. O conjunto combina o novo Sea Dragon 3000 Auto para gravar v\u00eddeo e, ao tirar fotografias, detecta o seu flash e desliga-o temporariamente para lhe proporcionar uma imagem brilhante e sem sombras.<\/em><\/p>","protected":false},"excerpt":{"rendered":"<p>Sea Dragon Duo 3000F Flash Set Product Nr. SL690 LET OP DIT PRODUCT IS BEPERKT LEVERBAAR. Of je nu fotografeert met de [&hellip;]<\/p>\n","protected":false},"featured_media":2810,"comment_status":"closed","ping_status":"closed","template":"","meta":{"_acf_changed":false},"product_brand":[],"product_cat":[381],"product_tag":[152,282,197,146,168,252,377,378,379,57,144,237,380],"class_list":{"0":"post-2356","1":"product","2":"type-product","3":"status-publish","4":"has-post-thumbnail","6":"product_cat-flitsers","7":"product_tag-camera","8":"product_tag-diving","9":"product_tag-flash","10":"product_tag-fotografie","11":"product_tag-onderwater","12":"product_tag-onderwaterwereld","13":"product_tag-photography","14":"product_tag-sea-dragon","15":"product_tag-sealife","16":"product_tag-set","17":"product_tag-strobe","18":"product_tag-underwater","19":"product_tag-universal","20":"product_shipping_class-pakket","22":"first","23":"instock","24":"product-type-simple"},"acf":[],"_links":{"self":[{"href":"https:\/\/sealife-cameras.eu\/pt\/wp-json\/wp\/v2\/product\/2356","targetHints":{"allow":["GET"]}}],"collection":[{"href":"https:\/\/sealife-cameras.eu\/pt\/wp-json\/wp\/v2\/product"}],"about":[{"href":"https:\/\/sealife-cameras.eu\/pt\/wp-json\/wp\/v2\/types\/product"}],"replies":[{"embeddable":true,"href":"https:\/\/sealife-cameras.eu\/pt\/wp-json\/wp\/v2\/comments?post=2356"}],"wp:featuredmedia":[{"embeddable":true,"href":"https:\/\/sealife-cameras.eu\/pt\/wp-json\/wp\/v2\/media\/2810"}],"wp:attachment":[{"href":"https:\/\/sealife-cameras.eu\/pt\/wp-json\/wp\/v2\/media?parent=2356"}],"wp:term":[{"taxonomy":"product_brand","embeddable":true,"href":"https:\/\/sealife-cameras.eu\/pt\/wp-json\/wp\/v2\/product_brand?post=2356"},{"taxonomy":"product_cat","embeddable":true,"href":"https:\/\/sealife-cameras.eu\/pt\/wp-json\/wp\/v2\/product_cat?post=2356"},{"taxonomy":"product_tag","embeddable":true,"href":"https:\/\/sealife-cameras.eu\/pt\/wp-json\/wp\/v2\/product_tag?post=2356"}],"curies":[{"name":"wp","href":"https:\/\/api.w.org\/{rel}","templated":true}]}}