{"id":2360,"date":"2024-05-13T09:25:36","date_gmt":"2024-05-13T07:25:36","guid":{"rendered":"https:\/\/modest-cartwright.45-82-188-209.plesk.page\/?post_type=product&#038;p=2360"},"modified":"2025-07-10T15:20:03","modified_gmt":"2025-07-10T13:20:03","slug":"sea-dragon-mini-1300s-power-kit","status":"publish","type":"product","link":"https:\/\/sealife-cameras.eu\/pt\/produto\/sea-dragon-mini-1300s-power-kit\/","title":{"rendered":"Kit de alimenta\u00e7\u00e3o Sea Dragon Mini 1300S"},"content":{"rendered":"<p><em>KIT Drag\u00e3o do Mar Mini 1300S<br \/>\nN.\u00ba do produto SLKIT08<\/em><\/p>\n<p>ESTE ARTIGO TEM UMA OFERTA LIMITADA.<\/p>\n<p>O Sea Dragon Mini 1300S Power Kit inclui a potente lanterna de mergulho 1300S, uma bateria 18650 de 26mAh e um carregador USB. A luz oferece aos utilizadores um brilho tremendo e um feixe estreito de longo alcance de 8\u00b0. Todas as fun\u00e7\u00f5es da luz s\u00e3o facilmente acess\u00edveis com o controlo de uma m\u00e3o para percorrer cinco modos de luz.<\/p>\n<p>Especifica\u00e7\u00f5es<\/p>\n<p>Luz potente de 1300 l\u00famenes<br \/>\nProfundidade testada at\u00e9 330 p\u00e9s \/ 100 m<br \/>\n\u00c2ngulo de feixe estreito de 8\u00b0<br \/>\nCinco modos de ilumina\u00e7\u00e3o<br \/>\nCaixa em alum\u00ednio anodizado<br \/>\nO kit inclui bateria e carregador<\/p>","protected":false},"excerpt":{"rendered":"<p>Sea Dragon Mini 1300S KIT Product Nr. SLKIT08 DIT ITEM IS BEPERKT LEVERBAAR. De Sea Dragon Mini 1300S Power Kit bevat de [&hellip;]<\/p>\n","protected":false},"featured_media":2767,"comment_status":"closed","ping_status":"closed","template":"","meta":{"_acf_changed":false},"product_brand":[],"product_cat":[44],"product_tag":[],"class_list":{"0":"post-2360","1":"product","2":"type-product","3":"status-publish","4":"has-post-thumbnail","6":"product_cat-duiklampen","7":"product_shipping_class-pakket","9":"first","10":"instock","11":"product-type-simple"},"acf":[],"_links":{"self":[{"href":"https:\/\/sealife-cameras.eu\/pt\/wp-json\/wp\/v2\/product\/2360","targetHints":{"allow":["GET"]}}],"collection":[{"href":"https:\/\/sealife-cameras.eu\/pt\/wp-json\/wp\/v2\/product"}],"about":[{"href":"https:\/\/sealife-cameras.eu\/pt\/wp-json\/wp\/v2\/types\/product"}],"replies":[{"embeddable":true,"href":"https:\/\/sealife-cameras.eu\/pt\/wp-json\/wp\/v2\/comments?post=2360"}],"wp:featuredmedia":[{"embeddable":true,"href":"https:\/\/sealife-cameras.eu\/pt\/wp-json\/wp\/v2\/media\/2767"}],"wp:attachment":[{"href":"https:\/\/sealife-cameras.eu\/pt\/wp-json\/wp\/v2\/media?parent=2360"}],"wp:term":[{"taxonomy":"product_brand","embeddable":true,"href":"https:\/\/sealife-cameras.eu\/pt\/wp-json\/wp\/v2\/product_brand?post=2360"},{"taxonomy":"product_cat","embeddable":true,"href":"https:\/\/sealife-cameras.eu\/pt\/wp-json\/wp\/v2\/product_cat?post=2360"},{"taxonomy":"product_tag","embeddable":true,"href":"https:\/\/sealife-cameras.eu\/pt\/wp-json\/wp\/v2\/product_tag?post=2360"}],"curies":[{"name":"wp","href":"https:\/\/api.w.org\/{rel}","templated":true}]}}