{"id":2396,"date":"2024-05-13T09:26:02","date_gmt":"2024-05-13T07:26:02","guid":{"rendered":"https:\/\/modest-cartwright.45-82-188-209.plesk.page\/?post_type=product&#038;p=2396"},"modified":"2025-07-10T15:10:21","modified_gmt":"2025-07-10T13:10:21","slug":"reefmaster-rm-4k","status":"publish","type":"product","link":"https:\/\/sealife-cameras.eu\/pt\/produto\/reefmaster-rm-4k\/","title":{"rendered":"Reefmaster RM-4K"},"content":{"rendered":"<p><em>Reefmaster RM-4K<br \/>\nN.\u00ba do produto SL350<\/em><\/p>\n<p>ESTE ARTIGO TEM UMA OFERTA LIMITADA.<\/p>\n<p>O ultra-compacto ReefMaster RM-4K vai para qualquer lado e est\u00e1 pronto para captar a sua aventura de mergulho. A sua forma cabe confortavelmente na sua m\u00e3o ou adapta-se facilmente a uma luz de fotografia\/v\u00eddeo como a Sea Dragon 2000F. Com uma resolu\u00e7\u00e3o de v\u00eddeo 4K, os seus v\u00eddeos ser\u00e3o ultra-n\u00edtidos e ricos em cores, e o sensor de imagem de 14 MP de alta qualidade capta imagens fixas deslumbrantes. Na parte de tr\u00e1s, existe um ecr\u00e3 de alta resolu\u00e7\u00e3o de 5 cm para uma mira f\u00e1cil e uma revis\u00e3o r\u00e1pida. O parafuso de polegar de bloqueio de press\u00e3o bloqueia o corpo da c\u00e2mara a 130 \u2032 \/ 40 m.<\/p>\n<p>Especifica\u00e7\u00f5es<\/p>\n<p>Sensor de imagem CMOS Panasonic\u00ae de 14 MP<br \/>\nLente olho de peixe de \u00e2ngulo amplo de 140<br \/>\nMem\u00f3ria expans\u00edvel com cart\u00f5es micro SD<br \/>\nV\u00eddeo 4K a 30 fps ou 1080p a 60 fps<br \/>\nVeda\u00e7\u00e3o f\u00e1cil e positiva com parafuso de polegar<br \/>\nCorre\u00e7\u00e3o de cor subaqu\u00e1tica para profundidade<br \/>\nCaptura de imagens JPG<br \/>\nFuncionamento simples e menu de 4 bot\u00f5es<br \/>\nEcr\u00e3 LCD a cores de alta resolu\u00e7\u00e3o de 2 polegadas<\/p>","protected":false},"excerpt":{"rendered":"<p>Reefmaster RM-4K Product Nr. SL350 DIT ITEM IS BEPERKT LEVERBAAR. De ultracompacte ReefMaster RM-4K gaat overal naartoe en is klaar om je [&hellip;]<\/p>\n","protected":false},"featured_media":2779,"comment_status":"closed","ping_status":"closed","template":"","meta":{"_acf_changed":false},"product_brand":[],"product_cat":[387],"product_tag":[152,282,146,168,252,377,394,395,379,237],"class_list":{"0":"post-2396","1":"product","2":"type-product","3":"status-publish","4":"has-post-thumbnail","6":"product_cat-cameras-en-behuizing","7":"product_tag-camera","8":"product_tag-diving","9":"product_tag-fotografie","10":"product_tag-onderwater","11":"product_tag-onderwaterwereld","12":"product_tag-photography","13":"product_tag-reefmaster","14":"product_tag-reefmaster-rm-4k","15":"product_tag-sealife","16":"product_tag-underwater","17":"product_shipping_class-pakket","19":"first","20":"instock","21":"product-type-simple"},"acf":[],"_links":{"self":[{"href":"https:\/\/sealife-cameras.eu\/pt\/wp-json\/wp\/v2\/product\/2396","targetHints":{"allow":["GET"]}}],"collection":[{"href":"https:\/\/sealife-cameras.eu\/pt\/wp-json\/wp\/v2\/product"}],"about":[{"href":"https:\/\/sealife-cameras.eu\/pt\/wp-json\/wp\/v2\/types\/product"}],"replies":[{"embeddable":true,"href":"https:\/\/sealife-cameras.eu\/pt\/wp-json\/wp\/v2\/comments?post=2396"}],"wp:featuredmedia":[{"embeddable":true,"href":"https:\/\/sealife-cameras.eu\/pt\/wp-json\/wp\/v2\/media\/2779"}],"wp:attachment":[{"href":"https:\/\/sealife-cameras.eu\/pt\/wp-json\/wp\/v2\/media?parent=2396"}],"wp:term":[{"taxonomy":"product_brand","embeddable":true,"href":"https:\/\/sealife-cameras.eu\/pt\/wp-json\/wp\/v2\/product_brand?post=2396"},{"taxonomy":"product_cat","embeddable":true,"href":"https:\/\/sealife-cameras.eu\/pt\/wp-json\/wp\/v2\/product_cat?post=2396"},{"taxonomy":"product_tag","embeddable":true,"href":"https:\/\/sealife-cameras.eu\/pt\/wp-json\/wp\/v2\/product_tag?post=2396"}],"curies":[{"name":"wp","href":"https:\/\/api.w.org\/{rel}","templated":true}]}}