{"id":2397,"date":"2024-05-13T09:26:02","date_gmt":"2024-05-13T07:26:02","guid":{"rendered":"https:\/\/modest-cartwright.45-82-188-209.plesk.page\/?post_type=product&#038;p=2397"},"modified":"2024-08-20T12:42:50","modified_gmt":"2024-08-20T10:42:50","slug":"reefmaster-rm-4k-pro-2000-set","status":"publish","type":"product","link":"https:\/\/sealife-cameras.eu\/pt\/produto\/reefmaster-rm-4k-pro-2000-set\/","title":{"rendered":"Conjunto Reefmaster RM-4K Pro 2000"},"content":{"rendered":"<p><em>Conjunto Reefmaster RM-4K Pro 2000<br \/>\nN.\u00ba do produto SL354<\/em><\/p>\n<p>Esta Sealife Reefmaster RM-4K tem um design compacto e um sensor de imagem CMOS Panasonic de 14 megapix\u00e9is. O design compacto garante que os mergulhadores e praticantes de snorkel podem levar esta c\u00e2mara para qualquer lugar. A c\u00e2mara \u00e9 capaz de filmar em 4K com corre\u00e7\u00e3o de cor debaixo de \u00e1gua. A Sealife Reefmaster RM-4K possui controlos de quatro bot\u00f5es e um ecr\u00e3 LCD de 2 polegadas, o que a torna f\u00e1cil de utilizar. Tamb\u00e9m possui WiFi, o que facilita a partilha das suas imagens com amigos e familiares. A caixa subaqu\u00e1tica inclui o \"Moisture Muncher\". Trata-se de uma funcionalidade que evita que a c\u00e2mara embacie devido ao calor e \u00e0 humidade no interior da caixa. Esta c\u00e2mara subaqu\u00e1tica \u00e9 adequada para utiliza\u00e7\u00e3o com um cart\u00e3o MicroSDHC at\u00e9 128 GB. <\/p>\n<p>Kit de luz para foto e v\u00eddeo SeaLife Sea Dragon 2000F UW<\/p>\n<p>A l\u00e2mpada Sealife Sea Dragon 2000F \u00e9 uma poderosa l\u00e2mpada LED que fornece at\u00e9 2000 l\u00famenes de luz. A temperatura da cor \u00e9 de 5000K e aproxima-se da luz solar. Isto d\u00e1-lhe um efeito de luz muito natural no seu objeto subaqu\u00e1tico. A l\u00e2mpada tem um \"feixe de inunda\u00e7\u00e3o\" com um \u00e2ngulo de luz de 120 graus e 90 graus debaixo de \u00e1gua. Pode ajustar a intensidade da luz em tr\u00eas n\u00edveis: 100%, 50% e 25%. Respetivamente, 2000, 1000 e 500 l\u00famenes. Gra\u00e7as ao seu feixe largo, esta l\u00e2mpada \u00e9 ideal para c\u00e2maras com uma lente larga, como a c\u00e2mara Sealife 2.0 Micro. Basta fixar a c\u00e2mara ao parafuso de 1\/4\u2033 e fica imediatamente com uma pega extra para quando estiver a nadar. Isto torna muito mais f\u00e1cil tirar fotografias!<br \/>\nPrincipais caracter\u00edsticas do kit de luz para foto e v\u00eddeo SeaLife Sea Dragon 2000F UW<\/p>\n<p>Acess\u00f3rios padr\u00e3o inclu\u00eddos no conjunto Sealife Reefmaster RM-4K Pro 2000:<\/p>\n<p>    C\u00e2mara subaqu\u00e1tica Sealife Reefmaster RM-4K<br \/>\n    Luz de v\u00eddeo do Sea Dragon 2000<br \/>\n    Punho<br \/>\n    Placa da c\u00e2mara<br \/>\n    Bateria<br \/>\n    Pulseira<br \/>\n    Cabo USB<\/p>","protected":false},"excerpt":{"rendered":"<p>Reefmaster RM-4K Pro 2000 Set Product Nr. SL354 Deze Sealife Reefmaster RM-4K heeft een compact ontwerp en een 14 megapixel Panasonic CMOS [&hellip;]<\/p>\n","protected":false},"featured_media":2443,"comment_status":"closed","ping_status":"closed","template":"","meta":{"_acf_changed":false},"product_brand":[],"product_cat":[387],"product_tag":[392,152,282,396,393,146,168,252,377,169,394,395,397,379,57,237],"class_list":{"0":"post-2397","1":"product","2":"type-product","3":"status-publish","4":"has-post-thumbnail","6":"product_cat-cameras-en-behuizing","7":"product_tag-392","8":"product_tag-camera","9":"product_tag-diving","10":"product_tag-dragon","11":"product_tag-duo","12":"product_tag-fotografie","13":"product_tag-onderwater","14":"product_tag-onderwaterwereld","15":"product_tag-photography","16":"product_tag-pro","17":"product_tag-reefmaster","18":"product_tag-reefmaster-rm-4k","19":"product_tag-sea","20":"product_tag-sealife","21":"product_tag-set","22":"product_tag-underwater","23":"product_shipping_class-pakket","25":"first","26":"instock","27":"product-type-simple"},"acf":[],"_links":{"self":[{"href":"https:\/\/sealife-cameras.eu\/pt\/wp-json\/wp\/v2\/product\/2397","targetHints":{"allow":["GET"]}}],"collection":[{"href":"https:\/\/sealife-cameras.eu\/pt\/wp-json\/wp\/v2\/product"}],"about":[{"href":"https:\/\/sealife-cameras.eu\/pt\/wp-json\/wp\/v2\/types\/product"}],"replies":[{"embeddable":true,"href":"https:\/\/sealife-cameras.eu\/pt\/wp-json\/wp\/v2\/comments?post=2397"}],"wp:featuredmedia":[{"embeddable":true,"href":"https:\/\/sealife-cameras.eu\/pt\/wp-json\/wp\/v2\/media\/2443"}],"wp:attachment":[{"href":"https:\/\/sealife-cameras.eu\/pt\/wp-json\/wp\/v2\/media?parent=2397"}],"wp:term":[{"taxonomy":"product_brand","embeddable":true,"href":"https:\/\/sealife-cameras.eu\/pt\/wp-json\/wp\/v2\/product_brand?post=2397"},{"taxonomy":"product_cat","embeddable":true,"href":"https:\/\/sealife-cameras.eu\/pt\/wp-json\/wp\/v2\/product_cat?post=2397"},{"taxonomy":"product_tag","embeddable":true,"href":"https:\/\/sealife-cameras.eu\/pt\/wp-json\/wp\/v2\/product_tag?post=2397"}],"curies":[{"name":"wp","href":"https:\/\/api.w.org\/{rel}","templated":true}]}}