{"id":2423,"date":"2024-05-13T09:26:31","date_gmt":"2024-05-13T07:26:31","guid":{"rendered":"https:\/\/modest-cartwright.45-82-188-209.plesk.page\/?post_type=product&#038;p=2423"},"modified":"2024-08-20T12:42:48","modified_gmt":"2024-08-20T10:42:48","slug":"super-macro-lens-voor-micro-series","status":"publish","type":"product","link":"https:\/\/sealife-cameras.eu\/pt\/produto\/super-macro-lens-voor-micro-series\/","title":{"rendered":"Lente super macro para a s\u00e9rie Micro"},"content":{"rendered":"<p><em>Lente super macro para a s\u00e9rie Micro<br \/>\nN.\u00ba do produto SL571<\/em><\/p>\n<p>A objetiva Super Macro Close Up capta imagens e v\u00eddeos macro de 9 cm a 18 cm (3,5 a 7 polegadas). Possui uma lente de qualidade \u00f3tica h\u00famida com 2 elementos, um revestimento antirreflexo e uma constru\u00e7\u00e3o em alum\u00ednio anodizado com um suporte de lente em borracha. Esta objetiva adapta-se a c\u00e2maras Micro HD \/ HD+ \/ 2.0.<\/p>\n<p>Especifica\u00e7\u00f5es<\/p>\n<p>Para c\u00e2maras da s\u00e9rie SeaLife Micro<br \/>\nVidro \u00f3tico com 2 elementos<br \/>\nInclui duas varas de dist\u00e2ncia de focagem<br \/>\nCabo amov\u00edvel inclu\u00eddo<br \/>\nPressionar o suporte de borracha da lente<\/p>","protected":false},"excerpt":{"rendered":"<p>Super Macro Lens voor Micro Series Product Nr. SL571 De Super Macro Close Up Lens legt macro-afbeeldingen en video&#8217;s vast van 3,5 [&hellip;]<\/p>\n","protected":false},"featured_media":2453,"comment_status":"closed","ping_status":"closed","template":"","meta":{"_acf_changed":false},"product_brand":[],"product_cat":[171],"product_tag":[152,282,146,400,53,404,168,252,377,379,401,237],"class_list":{"0":"post-2423","1":"product","2":"type-product","3":"status-publish","4":"has-post-thumbnail","6":"product_cat-lenzen","7":"product_tag-camera","8":"product_tag-diving","9":"product_tag-fotografie","10":"product_tag-lenses","11":"product_tag-macro","12":"product_tag-micro-series","13":"product_tag-onderwater","14":"product_tag-onderwaterwereld","15":"product_tag-photography","16":"product_tag-sealife","17":"product_tag-super","18":"product_tag-underwater","19":"product_shipping_class-pakket","21":"first","22":"instock","23":"product-type-simple"},"acf":[],"_links":{"self":[{"href":"https:\/\/sealife-cameras.eu\/pt\/wp-json\/wp\/v2\/product\/2423","targetHints":{"allow":["GET"]}}],"collection":[{"href":"https:\/\/sealife-cameras.eu\/pt\/wp-json\/wp\/v2\/product"}],"about":[{"href":"https:\/\/sealife-cameras.eu\/pt\/wp-json\/wp\/v2\/types\/product"}],"replies":[{"embeddable":true,"href":"https:\/\/sealife-cameras.eu\/pt\/wp-json\/wp\/v2\/comments?post=2423"}],"wp:featuredmedia":[{"embeddable":true,"href":"https:\/\/sealife-cameras.eu\/pt\/wp-json\/wp\/v2\/media\/2453"}],"wp:attachment":[{"href":"https:\/\/sealife-cameras.eu\/pt\/wp-json\/wp\/v2\/media?parent=2423"}],"wp:term":[{"taxonomy":"product_brand","embeddable":true,"href":"https:\/\/sealife-cameras.eu\/pt\/wp-json\/wp\/v2\/product_brand?post=2423"},{"taxonomy":"product_cat","embeddable":true,"href":"https:\/\/sealife-cameras.eu\/pt\/wp-json\/wp\/v2\/product_cat?post=2423"},{"taxonomy":"product_tag","embeddable":true,"href":"https:\/\/sealife-cameras.eu\/pt\/wp-json\/wp\/v2\/product_tag?post=2423"}],"curies":[{"name":"wp","href":"https:\/\/api.w.org\/{rel}","templated":true}]}}