{"id":2425,"date":"2024-05-13T09:26:31","date_gmt":"2024-05-13T07:26:31","guid":{"rendered":"https:\/\/modest-cartwright.45-82-188-209.plesk.page\/?post_type=product&#038;p=2425"},"modified":"2024-08-20T12:42:48","modified_gmt":"2024-08-20T10:42:48","slug":"micro-tray","status":"publish","type":"product","link":"https:\/\/sealife-cameras.eu\/pt\/produto\/micro-tray\/","title":{"rendered":"Micro tabuleiro"},"content":{"rendered":"<p><em>Micro tabuleiro<br \/>\nN.\u00ba do produto SL9902<\/em><\/p>\n<p>Fixe um flash ou luz e adicione estabilidade \u00e0 sua c\u00e2mara subaqu\u00e1tica ultra-compacta. Adicione de forma r\u00e1pida e f\u00e1cil pegas, luzes, estrobosc\u00f3pios e bra\u00e7os flex\u00edveis ao Micro Tray com apenas um \"clique!\" e retire-os com o premir de um bot\u00e3o.<br \/>\nAdapta-se a todas as c\u00e2maras com um suporte de trip\u00e9 standard 1 \/ 4-20 e inclui um bot\u00e3o de montagem.<\/p>","protected":false},"excerpt":{"rendered":"<p>Micro Tray Product Nr. SL9902 Bevestig een flitser of lamp en voeg stabiliteit toe aan uw ultracompacte onderwatercamera. Voeg snel en gemakkelijk [&hellip;]<\/p>\n","protected":false},"featured_media":2864,"comment_status":"closed","ping_status":"closed","template":"","meta":{"_acf_changed":false},"product_brand":[],"product_cat":[406],"product_tag":[152,282,407,146,168,252,377,379,408,237],"class_list":{"0":"post-2425","1":"product","2":"type-product","3":"status-publish","4":"has-post-thumbnail","6":"product_cat-flex-connect-accessoires","7":"product_tag-camera","8":"product_tag-diving","9":"product_tag-flex-connect","10":"product_tag-fotografie","11":"product_tag-onderwater","12":"product_tag-onderwaterwereld","13":"product_tag-photography","14":"product_tag-sealife","15":"product_tag-tray","16":"product_tag-underwater","17":"product_shipping_class-pakket","19":"first","20":"instock","21":"product-type-simple"},"acf":[],"_links":{"self":[{"href":"https:\/\/sealife-cameras.eu\/pt\/wp-json\/wp\/v2\/product\/2425","targetHints":{"allow":["GET"]}}],"collection":[{"href":"https:\/\/sealife-cameras.eu\/pt\/wp-json\/wp\/v2\/product"}],"about":[{"href":"https:\/\/sealife-cameras.eu\/pt\/wp-json\/wp\/v2\/types\/product"}],"replies":[{"embeddable":true,"href":"https:\/\/sealife-cameras.eu\/pt\/wp-json\/wp\/v2\/comments?post=2425"}],"wp:featuredmedia":[{"embeddable":true,"href":"https:\/\/sealife-cameras.eu\/pt\/wp-json\/wp\/v2\/media\/2864"}],"wp:attachment":[{"href":"https:\/\/sealife-cameras.eu\/pt\/wp-json\/wp\/v2\/media?parent=2425"}],"wp:term":[{"taxonomy":"product_brand","embeddable":true,"href":"https:\/\/sealife-cameras.eu\/pt\/wp-json\/wp\/v2\/product_brand?post=2425"},{"taxonomy":"product_cat","embeddable":true,"href":"https:\/\/sealife-cameras.eu\/pt\/wp-json\/wp\/v2\/product_cat?post=2425"},{"taxonomy":"product_tag","embeddable":true,"href":"https:\/\/sealife-cameras.eu\/pt\/wp-json\/wp\/v2\/product_tag?post=2425"}],"curies":[{"name":"wp","href":"https:\/\/api.w.org\/{rel}","templated":true}]}}