{"id":2439,"date":"2024-05-13T09:26:32","date_gmt":"2024-05-13T07:26:32","guid":{"rendered":"https:\/\/modest-cartwright.45-82-188-209.plesk.page\/?post_type=product&#038;p=2439"},"modified":"2024-08-20T12:42:47","modified_gmt":"2024-08-20T10:42:47","slug":"ys-adapter","status":"publish","type":"product","link":"https:\/\/sealife-cameras.eu\/pt\/produto\/ys-adapter\/","title":{"rendered":"Adaptador YS"},"content":{"rendered":"<p><em>Adaptador YS<br \/>\nN.\u00ba do produto SL994<\/em><\/p>\n<p>O adaptador Flex-Connect YS liga facilmente qualquer luz ou flash subaqu\u00e1tico que utilize um suporte YS a pegas, tabuleiros, bra\u00e7os, suportes de sapata fria e outros acess\u00f3rios Flex-Connect - sem se preocupar com problemas de compatibilidade. O adaptador YS roda para a esquerda e para a direita na sua base e tem controlos para cima e para baixo, inclinando a luz no suporte.<\/p>","protected":false},"excerpt":{"rendered":"<p>YS Adapter Product Nr. SL994 De Flex-Connect YS-adapter verbindt eenvoudig elk onderwaterlicht of flitser met behulp van een YS-bevestiging op Flex-Connect-grepen, dienbladen, [&hellip;]<\/p>\n","protected":false},"featured_media":2498,"comment_status":"closed","ping_status":"closed","template":"","meta":{"_acf_changed":false},"product_brand":[],"product_cat":[406],"product_tag":[152,282,407,146,168,252,377,379,237,415],"class_list":{"0":"post-2439","1":"product","2":"type-product","3":"status-publish","4":"has-post-thumbnail","6":"product_cat-flex-connect-accessoires","7":"product_tag-camera","8":"product_tag-diving","9":"product_tag-flex-connect","10":"product_tag-fotografie","11":"product_tag-onderwater","12":"product_tag-onderwaterwereld","13":"product_tag-photography","14":"product_tag-sealife","15":"product_tag-underwater","16":"product_tag-ys-adapter","17":"product_shipping_class-pakket","19":"first","20":"instock","21":"product-type-simple"},"acf":[],"_links":{"self":[{"href":"https:\/\/sealife-cameras.eu\/pt\/wp-json\/wp\/v2\/product\/2439","targetHints":{"allow":["GET"]}}],"collection":[{"href":"https:\/\/sealife-cameras.eu\/pt\/wp-json\/wp\/v2\/product"}],"about":[{"href":"https:\/\/sealife-cameras.eu\/pt\/wp-json\/wp\/v2\/types\/product"}],"replies":[{"embeddable":true,"href":"https:\/\/sealife-cameras.eu\/pt\/wp-json\/wp\/v2\/comments?post=2439"}],"wp:featuredmedia":[{"embeddable":true,"href":"https:\/\/sealife-cameras.eu\/pt\/wp-json\/wp\/v2\/media\/2498"}],"wp:attachment":[{"href":"https:\/\/sealife-cameras.eu\/pt\/wp-json\/wp\/v2\/media?parent=2439"}],"wp:term":[{"taxonomy":"product_brand","embeddable":true,"href":"https:\/\/sealife-cameras.eu\/pt\/wp-json\/wp\/v2\/product_brand?post=2439"},{"taxonomy":"product_cat","embeddable":true,"href":"https:\/\/sealife-cameras.eu\/pt\/wp-json\/wp\/v2\/product_cat?post=2439"},{"taxonomy":"product_tag","embeddable":true,"href":"https:\/\/sealife-cameras.eu\/pt\/wp-json\/wp\/v2\/product_tag?post=2439"}],"curies":[{"name":"wp","href":"https:\/\/api.w.org\/{rel}","templated":true}]}}