{"id":2475,"date":"2024-05-13T09:26:55","date_gmt":"2024-05-13T07:26:55","guid":{"rendered":"https:\/\/modest-cartwright.45-82-188-209.plesk.page\/?post_type=product&#038;p=2475"},"modified":"2024-08-20T12:42:45","modified_gmt":"2024-08-20T10:42:45","slug":"screen-shield-voor-dc2000","status":"publish","type":"product","link":"https:\/\/sealife-cameras.eu\/pt\/produto\/screen-shield-voor-dc2000\/","title":{"rendered":"Prote\u00e7\u00e3o do ecr\u00e3 para DC2000"},"content":{"rendered":"<p><em>Prote\u00e7\u00e3o do ecr\u00e3 para DC2000<br \/>\nN.\u00ba do produto SL7402<\/p>\n<p>O Screen Shield \u00e9 um protetor de ecr\u00e3 \u00e0 prova de \u00e1gua para c\u00e2maras e caixas com um tamanho de ecr\u00e3 de 3\u2033 \/ 7,6 cm na diagonal e ecr\u00e3s. O nano revestimento protetor repele a \u00e1gua, mant\u00e9m o ecr\u00e3 livre de impress\u00f5es digitais e protege contra riscos.<br \/>\nCada embalagem cont\u00e9m dois protectores de ecr\u00e3, fita de remo\u00e7\u00e3o de p\u00f3, um pano de limpeza e instru\u00e7\u00f5es f\u00e1ceis de seguir.<\/p>","protected":false},"excerpt":{"rendered":"<p>Screen Shield voor DC2000 Product Nr. SL7402 De Screen Shield is een waterdichte screenprotector voor camera&#8217;s en behuizingen met een schermgrootte van [&hellip;]<\/p>\n","protected":false},"featured_media":2508,"comment_status":"closed","ping_status":"closed","template":"","meta":{"_acf_changed":false},"product_brand":[],"product_cat":[419,418],"product_tag":[251,152,282,146,168,252,377,424,425,379,237],"class_list":{"0":"post-2475","1":"product","2":"type-product","3":"status-publish","4":"has-post-thumbnail","6":"product_cat-accessoires","7":"product_cat-camera-accessoires","8":"product_tag-accessoires","9":"product_tag-camera","10":"product_tag-diving","11":"product_tag-fotografie","12":"product_tag-onderwater","13":"product_tag-onderwaterwereld","14":"product_tag-photography","15":"product_tag-screen-protector","16":"product_tag-screen-shield","17":"product_tag-sealife","18":"product_tag-underwater","19":"product_shipping_class-pakket","21":"first","22":"instock","23":"product-type-simple"},"acf":[],"_links":{"self":[{"href":"https:\/\/sealife-cameras.eu\/pt\/wp-json\/wp\/v2\/product\/2475","targetHints":{"allow":["GET"]}}],"collection":[{"href":"https:\/\/sealife-cameras.eu\/pt\/wp-json\/wp\/v2\/product"}],"about":[{"href":"https:\/\/sealife-cameras.eu\/pt\/wp-json\/wp\/v2\/types\/product"}],"replies":[{"embeddable":true,"href":"https:\/\/sealife-cameras.eu\/pt\/wp-json\/wp\/v2\/comments?post=2475"}],"wp:featuredmedia":[{"embeddable":true,"href":"https:\/\/sealife-cameras.eu\/pt\/wp-json\/wp\/v2\/media\/2508"}],"wp:attachment":[{"href":"https:\/\/sealife-cameras.eu\/pt\/wp-json\/wp\/v2\/media?parent=2475"}],"wp:term":[{"taxonomy":"product_brand","embeddable":true,"href":"https:\/\/sealife-cameras.eu\/pt\/wp-json\/wp\/v2\/product_brand?post=2475"},{"taxonomy":"product_cat","embeddable":true,"href":"https:\/\/sealife-cameras.eu\/pt\/wp-json\/wp\/v2\/product_cat?post=2475"},{"taxonomy":"product_tag","embeddable":true,"href":"https:\/\/sealife-cameras.eu\/pt\/wp-json\/wp\/v2\/product_tag?post=2475"}],"curies":[{"name":"wp","href":"https:\/\/api.w.org\/{rel}","templated":true}]}}