{"id":2485,"date":"2024-05-13T09:26:55","date_gmt":"2024-05-13T07:26:55","guid":{"rendered":"https:\/\/modest-cartwright.45-82-188-209.plesk.page\/?post_type=product&#038;p=2485"},"modified":"2024-08-20T12:42:46","modified_gmt":"2024-08-20T10:42:46","slug":"sealife-hand-arm-strap","status":"publish","type":"product","link":"https:\/\/sealife-cameras.eu\/pt\/produto\/sealife-hand-arm-strap\/","title":{"rendered":"Correia de m\u00e3o e bra\u00e7o SeaLife"},"content":{"rendered":"<p><em>Correia de m\u00e3o e bra\u00e7o SeaLife<br \/>\nN.\u00ba do produto SL9834<\/em><\/p>\n<p>A al\u00e7a de m\u00e3o e bra\u00e7o SeaLife Compact Light para ilumina\u00e7\u00e3o tem um design est\u00e1vel que cria um feixe de luz constante. A luz \u00e9 montada numa superf\u00edcie de montagem segura e antiderrapante que mant\u00e9m a luz firmemente no lugar. Inclui um la\u00e7o de seguran\u00e7a para fixar a luz.<\/p>\n<p>Compat\u00edvel com as l\u00e2mpadas Sea Dragon Mini 650, 600, 900 e Mini-Fluoro ou qualquer outra com um di\u00e2metro de pega at\u00e9 4,4 cm (1,75 polegadas). Constru\u00e7\u00e3o em nylon dur\u00e1vel com forro de neopreno macio e confort\u00e1vel.<\/p>","protected":false},"excerpt":{"rendered":"<p>SeaLife Hand &amp; Arm Strap Product Nr. SL9834 De SeaLife Compact Light hand- en arm riem voor verlichting is een stabiel ontwerp [&hellip;]<\/p>\n","protected":false},"featured_media":2518,"comment_status":"closed","ping_status":"closed","template":"","meta":{"_acf_changed":false},"product_brand":[],"product_cat":[156],"product_tag":[251,152,282,146,438,168,252,377,379,237],"class_list":{"0":"post-2485","1":"product","2":"type-product","3":"status-publish","4":"has-post-thumbnail","6":"product_cat-seadragon-accessoires","7":"product_tag-accessoires","8":"product_tag-camera","9":"product_tag-diving","10":"product_tag-fotografie","11":"product_tag-hand-arm-strap","12":"product_tag-onderwater","13":"product_tag-onderwaterwereld","14":"product_tag-photography","15":"product_tag-sealife","16":"product_tag-underwater","17":"product_shipping_class-pakket","19":"first","20":"instock","21":"product-type-simple"},"acf":[],"_links":{"self":[{"href":"https:\/\/sealife-cameras.eu\/pt\/wp-json\/wp\/v2\/product\/2485","targetHints":{"allow":["GET"]}}],"collection":[{"href":"https:\/\/sealife-cameras.eu\/pt\/wp-json\/wp\/v2\/product"}],"about":[{"href":"https:\/\/sealife-cameras.eu\/pt\/wp-json\/wp\/v2\/types\/product"}],"replies":[{"embeddable":true,"href":"https:\/\/sealife-cameras.eu\/pt\/wp-json\/wp\/v2\/comments?post=2485"}],"wp:featuredmedia":[{"embeddable":true,"href":"https:\/\/sealife-cameras.eu\/pt\/wp-json\/wp\/v2\/media\/2518"}],"wp:attachment":[{"href":"https:\/\/sealife-cameras.eu\/pt\/wp-json\/wp\/v2\/media?parent=2485"}],"wp:term":[{"taxonomy":"product_brand","embeddable":true,"href":"https:\/\/sealife-cameras.eu\/pt\/wp-json\/wp\/v2\/product_brand?post=2485"},{"taxonomy":"product_cat","embeddable":true,"href":"https:\/\/sealife-cameras.eu\/pt\/wp-json\/wp\/v2\/product_cat?post=2485"},{"taxonomy":"product_tag","embeddable":true,"href":"https:\/\/sealife-cameras.eu\/pt\/wp-json\/wp\/v2\/product_tag?post=2485"}],"curies":[{"name":"wp","href":"https:\/\/api.w.org\/{rel}","templated":true}]}}