{"id":2530,"date":"2024-05-13T09:27:27","date_gmt":"2024-05-13T07:27:27","guid":{"rendered":"https:\/\/modest-cartwright.45-82-188-209.plesk.page\/?post_type=product&#038;p=2530"},"modified":"2024-08-20T12:42:44","modified_gmt":"2024-08-20T10:42:44","slug":"photo-pro-backpack","status":"publish","type":"product","link":"https:\/\/sealife-cameras.eu\/pt\/produto\/photo-pro-backpack\/","title":{"rendered":"Mochila Photo Pro"},"content":{"rendered":"<p><em>Mochila Photo Pro<br \/>\nN.\u00ba do produto SL940<\/em><\/p>\n<p>A mochila SeaLife Photo Pro tem um grande compartimento almofadado de 8 litros para a c\u00e2mara\/ilumina\u00e7\u00e3o com 6 divis\u00f3rias ajust\u00e1veis para acomodar praticamente qualquer combina\u00e7\u00e3o de c\u00e2maras, luzes, flashes, objectivas e acess\u00f3rios. O forro imperme\u00e1vel do compartimento impede que o equipamento da c\u00e2mara h\u00famido entre nos compartimentos secos adjacentes.<br \/>\nPor cima do compartimento maior \"h\u00famido\" da c\u00e2mara encontra-se um compartimento para acess\u00f3rios seco com 5 bolsos com fecho para guardar artigos comuns, como cabos, baterias sobresselentes, carregadores, adaptadores, manuais, smartphone, \u00f3culos de sol, etc.<\/p>","protected":false},"excerpt":{"rendered":"<p>Photo Pro Backpack Product Nr. SL940 De SeaLife Photo Pro-rugzak heeft een groot gewatteerd camera- \/ verlichtingscompartiment van 8 liter met 6 [&hellip;]<\/p>\n","protected":false},"featured_media":2560,"comment_status":"closed","ping_status":"closed","template":"","meta":{"_acf_changed":false},"product_brand":[],"product_cat":[385],"product_tag":[251,452,152,451,282,146,168,252,377,453,379,237],"class_list":{"0":"post-2530","1":"product","2":"type-product","3":"status-publish","4":"has-post-thumbnail","6":"product_cat-overige-accessoires","7":"product_tag-accessoires","8":"product_tag-backpack","9":"product_tag-camera","10":"product_tag-cases","11":"product_tag-diving","12":"product_tag-fotografie","13":"product_tag-onderwater","14":"product_tag-onderwaterwereld","15":"product_tag-photography","16":"product_tag-rugzak","17":"product_tag-sealife","18":"product_tag-underwater","19":"product_shipping_class-pakket","21":"first","22":"instock","23":"product-type-simple"},"acf":[],"_links":{"self":[{"href":"https:\/\/sealife-cameras.eu\/pt\/wp-json\/wp\/v2\/product\/2530","targetHints":{"allow":["GET"]}}],"collection":[{"href":"https:\/\/sealife-cameras.eu\/pt\/wp-json\/wp\/v2\/product"}],"about":[{"href":"https:\/\/sealife-cameras.eu\/pt\/wp-json\/wp\/v2\/types\/product"}],"replies":[{"embeddable":true,"href":"https:\/\/sealife-cameras.eu\/pt\/wp-json\/wp\/v2\/comments?post=2530"}],"wp:featuredmedia":[{"embeddable":true,"href":"https:\/\/sealife-cameras.eu\/pt\/wp-json\/wp\/v2\/media\/2560"}],"wp:attachment":[{"href":"https:\/\/sealife-cameras.eu\/pt\/wp-json\/wp\/v2\/media?parent=2530"}],"wp:term":[{"taxonomy":"product_brand","embeddable":true,"href":"https:\/\/sealife-cameras.eu\/pt\/wp-json\/wp\/v2\/product_brand?post=2530"},{"taxonomy":"product_cat","embeddable":true,"href":"https:\/\/sealife-cameras.eu\/pt\/wp-json\/wp\/v2\/product_cat?post=2530"},{"taxonomy":"product_tag","embeddable":true,"href":"https:\/\/sealife-cameras.eu\/pt\/wp-json\/wp\/v2\/product_tag?post=2530"}],"curies":[{"name":"wp","href":"https:\/\/api.w.org\/{rel}","templated":true}]}}