{"id":2534,"date":"2024-05-13T09:27:27","date_gmt":"2024-05-13T07:27:27","guid":{"rendered":"https:\/\/modest-cartwright.45-82-188-209.plesk.page\/?post_type=product&#038;p=2534"},"modified":"2024-08-20T12:42:44","modified_gmt":"2024-08-20T10:42:44","slug":"sealife-compact-gear-retractor","status":"publish","type":"product","link":"https:\/\/sealife-cameras.eu\/pt\/produto\/sealife-compact-gear-retractor\/","title":{"rendered":"Retractor de engrenagem compacto Sealife"},"content":{"rendered":"<p>Retractor de engrenagem Sealife<br \/>\nArtigo n.\u00ba SL925<\/p>\n<p>O SeaLife Gear Retractor \u00e9 perfeito para c\u00e2maras compactas at\u00e9 ao tamanho Micro 3.0 e pequenas luzes compactas, como a Sea Dragon Mini 900 ou 1300. O retractor oferece uma fun\u00e7\u00e3o de clip de liberta\u00e7\u00e3o r\u00e1pida que lhe permite retir\u00e1-lo rapidamente do dispositivo ligado, estende-se 81 cm (32\") e tem uma for\u00e7a de retra\u00e7\u00e3o de 255 g (9 oz.). O cabo retr\u00e1til tem uma for\u00e7a de rutura de 27,2 kg (60 lb.). O sistema de retra\u00e7\u00e3o \u00e9 auto-enxagu\u00e1vel; a \u00fanica manuten\u00e7\u00e3o necess\u00e1ria \u00e9 uma lavagem cuidadosa em \u00e1gua doce.<\/p>\n<p>A parte superior do retractor tem um grande \"clip BC para fixar ao seu BC, cinto ou colete.<\/p>","protected":false},"excerpt":{"rendered":"<p>Sealife Gear Retractor Artikel nr. SL925 De SeaLife Gear Retractor is perfect voor compactcamera&#8217;s tot de grootte van Micro 3.0 en kleine [&hellip;]<\/p>\n","protected":false},"featured_media":2564,"comment_status":"closed","ping_status":"closed","template":"","meta":{"_acf_changed":false},"product_brand":[],"product_cat":[385],"product_tag":[251,152,282,146,168,252,377,379,237,380],"class_list":{"0":"post-2534","1":"product","2":"type-product","3":"status-publish","4":"has-post-thumbnail","6":"product_cat-overige-accessoires","7":"product_tag-accessoires","8":"product_tag-camera","9":"product_tag-diving","10":"product_tag-fotografie","11":"product_tag-onderwater","12":"product_tag-onderwaterwereld","13":"product_tag-photography","14":"product_tag-sealife","15":"product_tag-underwater","16":"product_tag-universal","17":"product_shipping_class-pakket","19":"first","20":"instock","21":"shipping-taxable","22":"product-type-simple"},"acf":[],"_links":{"self":[{"href":"https:\/\/sealife-cameras.eu\/pt\/wp-json\/wp\/v2\/product\/2534","targetHints":{"allow":["GET"]}}],"collection":[{"href":"https:\/\/sealife-cameras.eu\/pt\/wp-json\/wp\/v2\/product"}],"about":[{"href":"https:\/\/sealife-cameras.eu\/pt\/wp-json\/wp\/v2\/types\/product"}],"replies":[{"embeddable":true,"href":"https:\/\/sealife-cameras.eu\/pt\/wp-json\/wp\/v2\/comments?post=2534"}],"wp:featuredmedia":[{"embeddable":true,"href":"https:\/\/sealife-cameras.eu\/pt\/wp-json\/wp\/v2\/media\/2564"}],"wp:attachment":[{"href":"https:\/\/sealife-cameras.eu\/pt\/wp-json\/wp\/v2\/media?parent=2534"}],"wp:term":[{"taxonomy":"product_brand","embeddable":true,"href":"https:\/\/sealife-cameras.eu\/pt\/wp-json\/wp\/v2\/product_brand?post=2534"},{"taxonomy":"product_cat","embeddable":true,"href":"https:\/\/sealife-cameras.eu\/pt\/wp-json\/wp\/v2\/product_cat?post=2534"},{"taxonomy":"product_tag","embeddable":true,"href":"https:\/\/sealife-cameras.eu\/pt\/wp-json\/wp\/v2\/product_tag?post=2534"}],"curies":[{"name":"wp","href":"https:\/\/api.w.org\/{rel}","templated":true}]}}