{"id":2536,"date":"2024-05-13T09:27:28","date_gmt":"2024-05-13T07:27:28","guid":{"rendered":"https:\/\/modest-cartwright.45-82-188-209.plesk.page\/?post_type=product&#038;p=2536"},"modified":"2025-07-10T15:08:04","modified_gmt":"2025-07-10T13:08:04","slug":"sealife-sportdiver-smartphone-behuizing","status":"publish","type":"product","link":"https:\/\/sealife-cameras.eu\/pt\/produto\/sealife-sportdiver-smartphone-behuizing\/","title":{"rendered":"Capa para smartphone Sealife SportDiver"},"content":{"rendered":"<p>Sealife SportDiver<br \/>\nN.\u00ba do produto SL400-U<\/p>\n<p>NOTA: ESTE PRODUTO J\u00c1 N\u00c3O EST\u00c1 DISPON\u00cdVEL<\/p>\n<p>Capa subaqu\u00e1tica SeaLife SportDiver para Smartphone<\/p>\n<p>Com esta caixa SeaLife SportDiver, os mergulhadores, praticantes de snorkel ou nadadores podem tirar as fotografias e v\u00eddeos subaqu\u00e1ticos mais originais com o seu pr\u00f3prio Smartphone! Em casa, na piscina do quintal, na praia ou no local de mergulho no dique. Mas certamente tamb\u00e9m no seu destino de f\u00e9rias, pode captar as mais belas imagens a profundidades at\u00e9 40 metros.<\/p>\n<p>Adequado para:<br \/>\nO SportDiver pode ser utilizado em combina\u00e7\u00e3o com diferentes marcas de smartphones. \u00c9 melhor verificar no s\u00edtio Web se o seu telem\u00f3vel \u00e9 adequado para a caixa: <a href=\"https:\/\/www.sealife-cameras.com\/sportdiver-compatibility\/\">https:\/\/www.sealife-cameras.com\/sportdiver-compatibility\/<\/a><\/p>\n<p>Duradouro:<br \/>\nA caixa robusta \u00e9 feita de policarbonato, a\u00e7o inoxid\u00e1vel, alum\u00ednio e vidro de qualidade \u00f3tica. E embora a caixa do SportDiver seja \"Heavy Duty\", n\u00e3o \u00e9 pesada, pesando apenas 641 gramas. \u00c9 leve para viajar e tem uma flutuabilidade quase neutra na \u00e1gua, dependendo do modelo de smartphone utilizado.<\/p>\n<p>O Smartphone como uma c\u00e2mara fotogr\u00e1fica criativa:<br \/>\nA SportDiver \u00e9 robusta para segurar e f\u00e1cil de utilizar. Tem um grande bot\u00e3o do obturador e bot\u00f5es de controlo acess\u00edveis na parte de tr\u00e1s para facilitar a opera\u00e7\u00e3o, mesmo com luvas de mergulho. Os mergulhadores e praticantes de snorkeling criativos podem utilizar as defini\u00e7\u00f5es avan\u00e7adas opcionais da aplica\u00e7\u00e3o da c\u00e2mara para tirarem as suas fotografias ou v\u00eddeos. Tais como: zoom, exposi\u00e7\u00e3o (EV), focagem autom\u00e1tica\/manual, equil\u00edbrio de brancos, tom de cor, sele\u00e7\u00e3o da lente, modo RAW + JPEG, fotografia ao vivo e desfocagem do fundo (nos modelos de smartphone dispon\u00edveis).<\/p>\n<p>Sem risco, seguran\u00e7a a dobrar:<br \/>\nSeguran\u00e7a para o seu telem\u00f3vel acima de tudo! O SportDiver possui um ALARME DUPLO DE FUGAS, incluindo um alarme de humidade interna E um alarme de press\u00e3o de v\u00e1cuo, que o alerta com um visor no ecr\u00e3, um sinal sonoro e um sinal LED no caso improv\u00e1vel de a caixa apresentar alguma forma de fuga e de ser detectada humidade na caixa ou se ocorrer uma perda de press\u00e3o na caixa. Com a bomba de v\u00e1cuo inclu\u00edda, o arm\u00e1rio \u00e9 aspirado para uma press\u00e3o negativa. O man\u00f3metro incorporado na caixa apresenta uma indica\u00e7\u00e3o no ecr\u00e3 do Smartphone para garantir que a caixa atinge a press\u00e3o negativa correta. Depois, \u00e9 s\u00f3 esperar que o sistema de v\u00e1cuo indique que n\u00e3o houve altera\u00e7\u00e3o de press\u00e3o e, assim, saber\u00e1 que pode levar o conjunto consigo para debaixo de \u00e1gua com confian\u00e7a. A caixa \u00e9 selada com um O-ring em TPE e um fecho de veda\u00e7\u00e3o robusto do tipo \"cam-lock\", que sela de forma f\u00e1cil e segura a porta \u00e0 prova de \u00e1gua. Para evitar que o interior da caixa fique embaciado devido \u00e0 humidade, recomenda-se a utiliza\u00e7\u00e3o da c\u00e1psula anti-embaciamento \"Moisture Muncher\" para minimizar a humidade e, assim, evitar ao m\u00e1ximo a condensa\u00e7\u00e3o interna.<\/p>\n<p>Aplica\u00e7\u00e3o SportDiver gratuita:<br \/>\nA caixa SportDiver \u00e9 utilizada em conjunto com a aplica\u00e7\u00e3o gratuita da c\u00e2mara SeaLife SportDiver.  (Ao contr\u00e1rio de outras aplica\u00e7\u00f5es de caixa de smartphone, n\u00e3o h\u00e1 compras ou an\u00fancios irritantes no aplicativo). Pode alternar facilmente entre o modo de fotografia e de v\u00eddeo. A aplica\u00e7\u00e3o SportDiver utiliza a tecnologia da c\u00e2mara do smartphone que vem com cada modelo de smartphone. A aplica\u00e7\u00e3o est\u00e1 dispon\u00edvel para telem\u00f3veis IOS e Android.<\/p>\n<p>Est\u00e3o dispon\u00edveis fotografias e v\u00eddeos:<br \/>\nO modo de reprodu\u00e7\u00e3o da aplica\u00e7\u00e3o apresenta fotografias e v\u00eddeos em tamanho real com uma faixa vertical de miniaturas para facilitar a desloca\u00e7\u00e3o pelas imagens. Os v\u00eddeos s\u00e3o reproduzidos automaticamente quando selecionados. Todos os ficheiros s\u00e3o tamb\u00e9m guardados no rolo de filme. A caixa SportDiver liga-se automaticamente ao seu Smartphone e \u00e0 aplica\u00e7\u00e3o SportDiver atrav\u00e9s da tecnologia sem fios Bluetooth\u00ae Low Energy (LE) 5. N\u00e3o h\u00e1 cabos ou bot\u00f5es para ligar ao telem\u00f3vel. O SportDiver tem um consumo de energia extremamente baixo, tanto para o telem\u00f3vel como para a caixa, que \u00e9 alimentada por duas pilhas AAA, com uma dura\u00e7\u00e3o de mais de 50 horas em utiliza\u00e7\u00e3o cont\u00ednua.<\/p>\n<p>Filtro de corre\u00e7\u00e3o de cor inclu\u00eddo:<br \/>\nPara obter melhores resultados de imagem, em \u00e1guas azuis tropicais, o SportDiver \u00e9 fornecido com um filtro de corre\u00e7\u00e3o de cor permut\u00e1vel, que restaura as cores subaqu\u00e1ticas naturais. O filtro pode ser facilmente colocado ou retirado debaixo de \u00e1gua e est\u00e1 equipado com um cord\u00e3o de seguran\u00e7a para evitar a sua perda.<\/p>\n<p>Exposi\u00e7\u00e3o externa opcional:<br \/>\nA caixa da SportDiver tem tr\u00eas suportes de trip\u00e9 1\/4-20 que podem ser montados em qualquer l\u00e2mpada ou placa de base com roscas de trip\u00e9 padr\u00e3o, como a pr\u00f3pria gama de l\u00e2mpadas de foto\/v\u00eddeo subaqu\u00e1ticas Sea Dragon da SeaLife. A SeaLife tamb\u00e9m oferece a combina\u00e7\u00e3o SportDiver com luzes subaqu\u00e1ticas Sea Dragon, o SL401 \"SportDiver Pro 2500 Set\".<\/p>\n<p>Ajuste universal:<br \/>\nPara a seguran\u00e7a e prote\u00e7\u00e3o do telefone, a SportDiver est\u00e1 equipada com um sistema de molas e abas de borracha que mant\u00eam o Smartphone\u00ae firmemente no lugar e oferecem prote\u00e7\u00e3o contra choques. Isto tamb\u00e9m torna muito f\u00e1cil a mudan\u00e7a de modelos de Smartphone na mala.<\/p>\n<p>Item Descri\u00e7\u00e3o GMP<br \/>\nCaixa subaqu\u00e1tica para smartphone SL400-U SportDiver \u20ac 349<br \/>\nConjunto SL401 SportDiver Pro 2500 com luz subaqu\u00e1tica Sea Dragon 2500 \u20ac 799<\/p>\n<p>Inclu\u00eddo com o SeaLife SportDiver, modelo SL400-U:<br \/>\nCapa subaqu\u00e1tica para smartphone SportDiver<br \/>\nFiltro para corre\u00e7\u00e3o de cor debaixo de \u00e1gua<br \/>\nBomba de v\u00e1cuo<br \/>\nSeparadores de borracha (12x pequeno, 12x m\u00e9dio e 12x grande)<br \/>\nAn\u00e9is de veda\u00e7\u00e3o sobresselentes (1x anel de veda\u00e7\u00e3o principal e 1x anel de veda\u00e7\u00e3o do orif\u00edcio de controlo do v\u00e1cuo)<br \/>\nLubrificante para an\u00e9is de veda\u00e7\u00e3o<br \/>\nFerramentas para remover o O-ring<br \/>\nPulseira de luxo com clipe<br \/>\nEmbalagem de amostra do Moisture Muncher (1 c\u00e1psula)<br \/>\nPilhas alcalinas AAA (2)<br \/>\nEstojo de transporte em EVA<\/p>","protected":false},"excerpt":{"rendered":"<p>Sealife SportDiver<br \/>\nN.\u00ba do produto SL400-U<\/p>\n<p>Capa subaqu\u00e1tica SeaLife SportDiver para Smartphone<\/p>\n<p>Com esta caixa SeaLife SportDiver, os mergulhadores, praticantes de snorkel ou nadadores podem tirar as fotografias e v\u00eddeos subaqu\u00e1ticos mais originais com o seu pr\u00f3prio Smartphone! Em casa, na piscina do quintal, na praia ou no local de mergulho no dique. Mas certamente tamb\u00e9m no seu destino de f\u00e9rias, pode captar as mais belas imagens a profundidades at\u00e9 40 metros.<\/p>\n<p>Adequado para:<br \/>\nO SportDiver pode ser utilizado em combina\u00e7\u00e3o com diferentes marcas de smartphones. \u00c9 melhor verificar no s\u00edtio Web se o seu telem\u00f3vel \u00e9 adequado para a caixa: <a href=\"https:\/\/www.sealife-cameras.com\/sportdiver-compatibility\/\">https:\/\/www.sealife-cameras.com\/sportdiver-compatibility\/<\/a><\/p>\n<p>Duradouro:<br \/>\nA caixa robusta \u00e9 feita de policarbonato, a\u00e7o inoxid\u00e1vel, alum\u00ednio e vidro de qualidade \u00f3tica. E embora a caixa do SportDiver seja \"Heavy Duty\", n\u00e3o \u00e9 pesada, pesando apenas 641 gramas. \u00c9 leve para viajar e tem uma flutuabilidade quase neutra na \u00e1gua, dependendo do modelo de smartphone utilizado.<\/p>\n<p>O Smartphone como uma c\u00e2mara fotogr\u00e1fica criativa:<br \/>\nA SportDiver \u00e9 robusta para segurar e f\u00e1cil de utilizar. Tem um grande bot\u00e3o do obturador e bot\u00f5es de controlo acess\u00edveis na parte de tr\u00e1s para facilitar a opera\u00e7\u00e3o, mesmo com luvas de mergulho. Os mergulhadores e praticantes de snorkeling criativos podem utilizar as defini\u00e7\u00f5es avan\u00e7adas opcionais da aplica\u00e7\u00e3o da c\u00e2mara para tirarem as suas fotografias ou v\u00eddeos. Tais como: zoom, exposi\u00e7\u00e3o (EV), focagem autom\u00e1tica\/manual, equil\u00edbrio de brancos, tom de cor, sele\u00e7\u00e3o da lente, modo RAW + JPEG, fotografia ao vivo e desfocagem do fundo (nos modelos de smartphone dispon\u00edveis).<\/p>\n<p>Sem risco, seguran\u00e7a a dobrar:<br \/>\nSeguran\u00e7a para o seu telem\u00f3vel acima de tudo! O SportDiver possui um ALARME DUPLO DE FUGAS, incluindo um alarme de humidade interna E um alarme de press\u00e3o de v\u00e1cuo, que o alerta com um visor no ecr\u00e3, um sinal sonoro e um sinal LED no caso improv\u00e1vel de a caixa apresentar alguma forma de fuga e de ser detectada humidade na caixa ou se ocorrer uma perda de press\u00e3o na caixa. Com a bomba de v\u00e1cuo inclu\u00edda, o arm\u00e1rio \u00e9 aspirado para uma press\u00e3o negativa. O man\u00f3metro incorporado na caixa apresenta uma indica\u00e7\u00e3o no ecr\u00e3 do Smartphone para garantir que a caixa atinge a press\u00e3o negativa correta. Depois, \u00e9 s\u00f3 esperar que o sistema de v\u00e1cuo indique que n\u00e3o houve altera\u00e7\u00e3o de press\u00e3o e, assim, saber\u00e1 que pode levar o conjunto consigo para debaixo de \u00e1gua com confian\u00e7a. A caixa \u00e9 selada com um O-ring em TPE e um fecho de veda\u00e7\u00e3o robusto do tipo \"cam-lock\", que sela de forma f\u00e1cil e segura a porta \u00e0 prova de \u00e1gua. Para evitar que o interior da caixa fique embaciado devido \u00e0 humidade, recomenda-se a utiliza\u00e7\u00e3o da c\u00e1psula anti-embaciamento \"Moisture Muncher\" para minimizar a humidade e, assim, evitar ao m\u00e1ximo a condensa\u00e7\u00e3o interna.<\/p>\n<p>Aplica\u00e7\u00e3o SportDiver gratuita:<br \/>\nA caixa SportDiver \u00e9 utilizada em conjunto com a aplica\u00e7\u00e3o gratuita da c\u00e2mara SeaLife SportDiver.  (Ao contr\u00e1rio de outras aplica\u00e7\u00f5es de caixa de smartphone, n\u00e3o h\u00e1 compras ou an\u00fancios irritantes no aplicativo). Pode alternar facilmente entre o modo de fotografia e de v\u00eddeo. A aplica\u00e7\u00e3o SportDiver utiliza a tecnologia da c\u00e2mara do smartphone que vem com cada modelo de smartphone. A aplica\u00e7\u00e3o est\u00e1 dispon\u00edvel para telem\u00f3veis IOS e Android.<\/p>\n<p>Est\u00e3o dispon\u00edveis fotografias e v\u00eddeos:<br \/>\nO modo de reprodu\u00e7\u00e3o da aplica\u00e7\u00e3o apresenta fotografias e v\u00eddeos em tamanho real com uma faixa vertical de miniaturas para facilitar a desloca\u00e7\u00e3o pelas imagens. Os v\u00eddeos s\u00e3o reproduzidos automaticamente quando selecionados. Todos os ficheiros s\u00e3o tamb\u00e9m guardados no rolo de filme. A caixa SportDiver liga-se automaticamente ao seu Smartphone e \u00e0 aplica\u00e7\u00e3o SportDiver atrav\u00e9s da tecnologia sem fios Bluetooth\u00ae Low Energy (LE) 5. N\u00e3o h\u00e1 cabos ou bot\u00f5es para ligar ao telem\u00f3vel. O SportDiver tem um consumo de energia extremamente baixo, tanto para o telem\u00f3vel como para a caixa, que \u00e9 alimentada por duas pilhas AAA, com uma dura\u00e7\u00e3o de mais de 50 horas em utiliza\u00e7\u00e3o cont\u00ednua.<\/p>\n<p>Filtro de corre\u00e7\u00e3o de cor inclu\u00eddo:<br \/>\nPara obter melhores resultados de imagem, em \u00e1guas azuis tropicais, o SportDiver \u00e9 fornecido com um filtro de corre\u00e7\u00e3o de cor permut\u00e1vel, que restaura as cores subaqu\u00e1ticas naturais. O filtro pode ser facilmente colocado ou retirado debaixo de \u00e1gua e est\u00e1 equipado com um cord\u00e3o de seguran\u00e7a para evitar a sua perda.<\/p>\n<p>Exposi\u00e7\u00e3o externa opcional:<br \/>\nA caixa da SportDiver tem tr\u00eas suportes de trip\u00e9 1\/4-20 que podem ser montados em qualquer l\u00e2mpada ou placa de base com roscas de trip\u00e9 padr\u00e3o, como a pr\u00f3pria gama de l\u00e2mpadas de foto\/v\u00eddeo subaqu\u00e1ticas Sea Dragon da SeaLife. A SeaLife tamb\u00e9m oferece a combina\u00e7\u00e3o SportDiver com luzes subaqu\u00e1ticas Sea Dragon, o SL401 \"SportDiver Pro 2500 Set\".<\/p>\n<p>Ajuste universal:<br \/>\nPara a seguran\u00e7a e prote\u00e7\u00e3o do telefone, a SportDiver est\u00e1 equipada com um sistema de molas e abas de borracha que mant\u00eam o Smartphone\u00ae firmemente no lugar e oferecem prote\u00e7\u00e3o contra choques. Isto tamb\u00e9m torna muito f\u00e1cil a mudan\u00e7a de modelos de Smartphone na mala.<\/p>\n<p>Item Descri\u00e7\u00e3o GMP<br \/>\nCaixa subaqu\u00e1tica para smartphone SL400-U SportDiver \u20ac 349<br \/>\nConjunto SL401 SportDiver Pro 2500 com luz subaqu\u00e1tica Sea Dragon 2500 \u20ac 799<\/p>\n<p>Inclu\u00eddo com o SeaLife SportDiver, modelo SL400-U:<br \/>\nCapa subaqu\u00e1tica para smartphone SportDiver<br \/>\nFiltro para corre\u00e7\u00e3o de cor debaixo de \u00e1gua<br \/>\nBomba de v\u00e1cuo<br \/>\nSeparadores de borracha (12x pequeno, 12x m\u00e9dio e 12x grande)<br \/>\nAn\u00e9is de veda\u00e7\u00e3o sobresselentes (1x anel de veda\u00e7\u00e3o principal e 1x anel de veda\u00e7\u00e3o do orif\u00edcio de controlo do v\u00e1cuo)<br \/>\nLubrificante para an\u00e9is de veda\u00e7\u00e3o<br \/>\nFerramentas para remover o O-ring<br \/>\nPulseira de luxo com clipe<br \/>\nEmbalagem de amostra do Moisture Muncher (1 c\u00e1psula)<br \/>\nPilhas alcalinas AAA (2)<br \/>\nEstojo de transporte em EVA<\/p>","protected":false},"featured_media":2566,"comment_status":"closed","ping_status":"closed","template":"","meta":{"_acf_changed":false},"product_brand":[],"product_cat":[387],"product_tag":[],"class_list":{"0":"post-2536","1":"product","2":"type-product","3":"status-publish","4":"has-post-thumbnail","6":"product_cat-cameras-en-behuizing","7":"product_shipping_class-pakket","9":"first","10":"instock","11":"shipping-taxable","12":"product-type-simple"},"acf":[],"_links":{"self":[{"href":"https:\/\/sealife-cameras.eu\/pt\/wp-json\/wp\/v2\/product\/2536","targetHints":{"allow":["GET"]}}],"collection":[{"href":"https:\/\/sealife-cameras.eu\/pt\/wp-json\/wp\/v2\/product"}],"about":[{"href":"https:\/\/sealife-cameras.eu\/pt\/wp-json\/wp\/v2\/types\/product"}],"replies":[{"embeddable":true,"href":"https:\/\/sealife-cameras.eu\/pt\/wp-json\/wp\/v2\/comments?post=2536"}],"wp:featuredmedia":[{"embeddable":true,"href":"https:\/\/sealife-cameras.eu\/pt\/wp-json\/wp\/v2\/media\/2566"}],"wp:attachment":[{"href":"https:\/\/sealife-cameras.eu\/pt\/wp-json\/wp\/v2\/media?parent=2536"}],"wp:term":[{"taxonomy":"product_brand","embeddable":true,"href":"https:\/\/sealife-cameras.eu\/pt\/wp-json\/wp\/v2\/product_brand?post=2536"},{"taxonomy":"product_cat","embeddable":true,"href":"https:\/\/sealife-cameras.eu\/pt\/wp-json\/wp\/v2\/product_cat?post=2536"},{"taxonomy":"product_tag","embeddable":true,"href":"https:\/\/sealife-cameras.eu\/pt\/wp-json\/wp\/v2\/product_tag?post=2536"}],"curies":[{"name":"wp","href":"https:\/\/api.w.org\/{rel}","templated":true}]}}