{"id":2547,"date":"2024-05-13T09:27:28","date_gmt":"2024-05-13T07:27:28","guid":{"rendered":"https:\/\/modest-cartwright.45-82-188-209.plesk.page\/?post_type=product&#038;p=2547"},"modified":"2024-08-20T12:42:43","modified_gmt":"2024-08-20T10:42:43","slug":"micro-wide-angle-dome-lens","status":"publish","type":"product","link":"https:\/\/sealife-cameras.eu\/pt\/produto\/micro-wide-angle-dome-lens\/","title":{"rendered":"Lente de c\u00fapula micro grande angular"},"content":{"rendered":"<p><em>Lente de c\u00fapula micro grande angular<\/em><br \/>\n<em>N.\u00ba do produto SL052<\/em><\/p>\n<p>A lente Micro Wide Angle Dome para as c\u00e2maras subaqu\u00e1ticas da s\u00e9rie Micro e ReefMaster RM-4K aumenta o campo de vis\u00e3o da c\u00e2mara em quase 50% e permite que os fot\u00f3grafos se aproximem tr\u00eas vezes mais do motivo.<br \/>\nO design da objetiva de c\u00fapula micro grande angular utiliza \u00f3pticas de alta qualidade dispostas em 4 elementos que proporcionam uma nitidez de ponta a ponta. Os elementos internos s\u00e3o de vidro \u00f3tico totalmente multi-revestido. A lente de c\u00fapula \u00e9 de policarbonato \u00f3tico com revestimento anti-riscos r\u00edgido. A objetiva tem uma dist\u00e2ncia focal efectiva de 13,3 mm equivalente a pel\u00edcula quando utilizada com a SeaLife Micro 3.0 e \u00e9 \u00e0 prova de \u00e1gua at\u00e9 60 m.<br \/>\nA objetiva adapta-se a todas as c\u00e2maras da s\u00e9rie Micro da SeaLife (Micro HD, HD+, Micro 2.0, Micro 3.0) e tamb\u00e9m funciona com a SeaLife ReefMaster RM-4K, aumentando o \u00e2ngulo de filmagem da pequena c\u00e2mara para 196\u00b0. A lente de c\u00fapula de \u00e2ngulo amplo Micro aumenta o \u00e2ngulo de grava\u00e7\u00e3o da Micro 3.0 em 43% para 143\u00b0 (no ar) e permite ao utilizador aproximar-se quase 3 vezes mais do objeto.<br \/>\nA lente de c\u00fapula micro grande angular \u00e9 uma \"lente h\u00famida\" e pode ser facilmente colocada e retirada debaixo de \u00e1gua. Um anel de bloqueio evita que a objetiva se solte acidentalmente em caso de choque ou em \u00e1guas mais agitadas. A objetiva pesa 331 gramas e tem flutuabilidade negativa. Est\u00e1 inclu\u00eddo um cord\u00e3o para evitar a perda debaixo de \u00e1gua e a objetiva pode ser fixada no Lens Caddy (SL091) quando n\u00e3o estiver a ser utilizada.<br \/>\nO para-sol rotativo da lente evita o brilho indesejado da ilumina\u00e7\u00e3o externa ou da luz solar e protege a lente da c\u00fapula contra choques e desgaste.<\/p>\n<p><strong>Especifica\u00e7\u00f5es<\/strong><\/p>\n<p>- 3x mais perto e campo de vis\u00e3o 43% mais amplo<br \/>\n- O design \u00f3tico corrige a distor\u00e7\u00e3o em barril e melhora a nitidez de ponta a ponta<br \/>\n- Convers\u00e3o de grande angular de 0,7x<br \/>\n- \u00d3tica totalmente multi-revestida para uma transmiss\u00e3o m\u00e1xima da luz<br \/>\n- Adapta-se a todas as c\u00e2maras SeaLife da s\u00e9rie Micro e ReefMaster RM-4K<br \/>\n- Lente facilmente fixada\/retirada debaixo de \u00e1gua<br \/>\n- Pode ser fixado no suporte de lentes SeaLife \"Lens Caddy\" (item SL091)<br \/>\n- \u00d3tica de precis\u00e3o de 4 elementos de alto desempenho (vidro \u00f3tico interno)<br \/>\n- Lente de policarbonato com revestimento r\u00edgido resistente a riscos<br \/>\n- Inclui tampa da lente com c\u00fapula em neoprene, tampa da lente traseira e bolsa de prote\u00e7\u00e3o<br \/>\n- \u00c0 prova de \u00e1gua at\u00e9 60 metros (200 p\u00e9s)<\/p>","protected":false},"excerpt":{"rendered":"<p>Micro Wide Angle Dome Lens Product Nr. SL052 De Micro Wide Angle Dome Lens voor Micro-serie en ReefMaster RM-4K onderwatercamera&#8217;s vergroot het [&hellip;]<\/p>\n","protected":false},"featured_media":2838,"comment_status":"open","ping_status":"closed","template":"","meta":{"_acf_changed":false},"product_brand":[],"product_cat":[171],"product_tag":[251,152,282,146,400,168,252,377,378,379,237,380,170],"class_list":{"0":"post-2547","1":"product","2":"type-product","3":"status-publish","4":"has-post-thumbnail","6":"product_cat-lenzen","7":"product_tag-accessoires","8":"product_tag-camera","9":"product_tag-diving","10":"product_tag-fotografie","11":"product_tag-lenses","12":"product_tag-onderwater","13":"product_tag-onderwaterwereld","14":"product_tag-photography","15":"product_tag-sea-dragon","16":"product_tag-sealife","17":"product_tag-underwater","18":"product_tag-universal","19":"product_tag-wide-angle","20":"product_shipping_class-pakket","22":"first","23":"instock","24":"shipping-taxable","25":"product-type-simple"},"acf":[],"_links":{"self":[{"href":"https:\/\/sealife-cameras.eu\/pt\/wp-json\/wp\/v2\/product\/2547","targetHints":{"allow":["GET"]}}],"collection":[{"href":"https:\/\/sealife-cameras.eu\/pt\/wp-json\/wp\/v2\/product"}],"about":[{"href":"https:\/\/sealife-cameras.eu\/pt\/wp-json\/wp\/v2\/types\/product"}],"replies":[{"embeddable":true,"href":"https:\/\/sealife-cameras.eu\/pt\/wp-json\/wp\/v2\/comments?post=2547"}],"wp:featuredmedia":[{"embeddable":true,"href":"https:\/\/sealife-cameras.eu\/pt\/wp-json\/wp\/v2\/media\/2838"}],"wp:attachment":[{"href":"https:\/\/sealife-cameras.eu\/pt\/wp-json\/wp\/v2\/media?parent=2547"}],"wp:term":[{"taxonomy":"product_brand","embeddable":true,"href":"https:\/\/sealife-cameras.eu\/pt\/wp-json\/wp\/v2\/product_brand?post=2547"},{"taxonomy":"product_cat","embeddable":true,"href":"https:\/\/sealife-cameras.eu\/pt\/wp-json\/wp\/v2\/product_cat?post=2547"},{"taxonomy":"product_tag","embeddable":true,"href":"https:\/\/sealife-cameras.eu\/pt\/wp-json\/wp\/v2\/product_tag?post=2547"}],"curies":[{"name":"wp","href":"https:\/\/api.w.org\/{rel}","templated":true}]}}