{"id":2582,"date":"2024-05-13T09:27:56","date_gmt":"2024-05-13T07:27:56","guid":{"rendered":"https:\/\/modest-cartwright.45-82-188-209.plesk.page\/?post_type=product&#038;p=2582"},"modified":"2024-08-20T12:42:42","modified_gmt":"2024-08-20T10:42:42","slug":"flex-connect-ultra-dual-tray","status":"publish","type":"product","link":"https:\/\/sealife-cameras.eu\/pt\/produto\/flex-connect-ultra-dual-tray\/","title":{"rendered":"Flex-Connect\u00ae Ultra Dual Tray"},"content":{"rendered":"<p>Tabuleiro duplo Flex-Connect Ultra<br \/>\nN.\u00ba do produto: SL9908<\/p>\n<p>O tabuleiro duplo em forma de arco \u00e9 ideal para a SeaLife SportDiver e outras caixas de c\u00e2mara subaqu\u00e1tica largas. Monte dois estrobosc\u00f3pios ou luzes na sua c\u00e2mara subaqu\u00e1tica para duplicar o brilho e reduzir as sombras. O tabuleiro duplo pode ser colocado com pegas e luzes atr\u00e1s da caixa ou \u00e0 frente da caixa. Segurar a c\u00e2mara com duas pegas aumenta a estabilidade. Constru\u00e7\u00e3o robusta em policarbonato para uma resist\u00eancia e rigidez fi\u00e1veis. Pode ser montado em qualquer c\u00e2mara utilizando um parafuso de trip\u00e9 padr\u00e3o de \u00bc-20. Duas roscas de trip\u00e9 f\u00eamea de \u00bc-20 est\u00e3o localizadas sob o tabuleiro para adicionar uma base para objetiva ou outros acess\u00f3rios.<\/p>","protected":false},"excerpt":{"rendered":"<p>Flex-Connect Ultra Dual Tray Product nr: SL9908 De boogvormige Dual Tray biedt een ideale pasvorm voor de SeaLife SportDiver en andere brede [&hellip;]<\/p>\n","protected":false},"featured_media":2841,"comment_status":"open","ping_status":"closed","template":"","meta":{"_acf_changed":false},"product_brand":[],"product_cat":[406],"product_tag":[251,282,407,146,168,252,377,379,408,237,380],"class_list":{"0":"post-2582","1":"product","2":"type-product","3":"status-publish","4":"has-post-thumbnail","6":"product_cat-flex-connect-accessoires","7":"product_tag-accessoires","8":"product_tag-diving","9":"product_tag-flex-connect","10":"product_tag-fotografie","11":"product_tag-onderwater","12":"product_tag-onderwaterwereld","13":"product_tag-photography","14":"product_tag-sealife","15":"product_tag-tray","16":"product_tag-underwater","17":"product_tag-universal","18":"product_shipping_class-pakket","20":"first","21":"instock","22":"shipping-taxable","23":"product-type-simple"},"acf":[],"_links":{"self":[{"href":"https:\/\/sealife-cameras.eu\/pt\/wp-json\/wp\/v2\/product\/2582","targetHints":{"allow":["GET"]}}],"collection":[{"href":"https:\/\/sealife-cameras.eu\/pt\/wp-json\/wp\/v2\/product"}],"about":[{"href":"https:\/\/sealife-cameras.eu\/pt\/wp-json\/wp\/v2\/types\/product"}],"replies":[{"embeddable":true,"href":"https:\/\/sealife-cameras.eu\/pt\/wp-json\/wp\/v2\/comments?post=2582"}],"wp:featuredmedia":[{"embeddable":true,"href":"https:\/\/sealife-cameras.eu\/pt\/wp-json\/wp\/v2\/media\/2841"}],"wp:attachment":[{"href":"https:\/\/sealife-cameras.eu\/pt\/wp-json\/wp\/v2\/media?parent=2582"}],"wp:term":[{"taxonomy":"product_brand","embeddable":true,"href":"https:\/\/sealife-cameras.eu\/pt\/wp-json\/wp\/v2\/product_brand?post=2582"},{"taxonomy":"product_cat","embeddable":true,"href":"https:\/\/sealife-cameras.eu\/pt\/wp-json\/wp\/v2\/product_cat?post=2582"},{"taxonomy":"product_tag","embeddable":true,"href":"https:\/\/sealife-cameras.eu\/pt\/wp-json\/wp\/v2\/product_tag?post=2582"}],"curies":[{"name":"wp","href":"https:\/\/api.w.org\/{rel}","templated":true}]}}