{"id":2597,"date":"2024-05-13T09:28:20","date_gmt":"2024-05-13T07:28:20","guid":{"rendered":"https:\/\/modest-cartwright.45-82-188-209.plesk.page\/?post_type=product&#038;p=2597"},"modified":"2025-01-10T09:12:05","modified_gmt":"2025-01-10T08:12:05","slug":"sealife-sportdiver-ultra-2500-set","status":"publish","type":"product","link":"https:\/\/sealife-cameras.eu\/pt\/produto\/sealife-sportdiver-ultra-2500-set\/","title":{"rendered":"Conjunto Sealife SportDiver Ultra 2500"},"content":{"rendered":"<p>Conjunto SportDiver Ultra 2500<br \/>\nN.\u00ba do produto SL406<\/p>\n<p>O conjunto SeaLife SportDiver Ultra Pro 2500 \u00e9 uma caixa subaqu\u00e1tica compacta e leve para smartphones com a potente luz de foto-v\u00eddeo Sea Dragon 2500, que real\u00e7a as cores. A caixa SportDiver Ultra permite que os mergulhadores tirem fotografias e fa\u00e7am v\u00eddeos com os seus smartphones at\u00e9 uma profundidade de 40 metros. A SportDiver Ultra pode acomodar a maioria dos modelos Android, incluindo todos os modelos maiores da s\u00e9rie S Ultra da Samsung e a gama Pixel da Google, bem como a maioria dos Iphones. Consulte o nosso guia de compatibilidade e ajuste do SportDiver: <a href=\"https:\/\/www.sealife-cameras.com\/sportdiver-compatibility\/\">https:\/\/www.sealife-cameras.com\/sportdiver-compatibility\/<\/a> para ver se o seu telem\u00f3vel cabe l\u00e1 dentro. A aplica\u00e7\u00e3o SportDiver gratuita est\u00e1 dispon\u00edvel na App Store ou na Play Store e funciona com o sistema operativo da gera\u00e7\u00e3o atual e da anterior.<\/p>\n<p>A caixa robusta \u00e9 feita de policarbonato, a\u00e7o inoxid\u00e1vel, alum\u00ednio e vidro de qualidade \u00f3tica. A caixa do SportDiver Ultra \u00e9 \"resistente\", mas n\u00e3o \u00e9 pesada. Com um peso de 808 gramas, \u00e9 leve para viagens e oferece uma flutuabilidade quase neutra na \u00e1gua, dependendo do modelo de smartphone utilizado. O Sea Dragon 2500 adiciona 623 gramas, completo com bateria, pega e tabuleiro. Pode ser facilmente montado ou retirado, consoante as necessidades de ilumina\u00e7\u00e3o.<\/p>\n<p>F\u00e1cil de segurar e utilizar, a SportDiver Ultra oferece uma grande alavanca do obturador e bot\u00f5es de controlo traseiros para uma utiliza\u00e7\u00e3o f\u00e1cil, mesmo com luvas de mergulho. Os praticantes de snorkelling e os mergulhadores podem ser mais criativos com as suas fotografias ou grava\u00e7\u00f5es de v\u00eddeo utilizando as defini\u00e7\u00f5es avan\u00e7adas da c\u00e2mara*. Ajuste o zoom, a exposi\u00e7\u00e3o (EV), a focagem autom\u00e1tica\/manual, o equil\u00edbrio de brancos, a tonalidade, a sele\u00e7\u00e3o da objetiva, o modo RAW+JPEG e a estabiliza\u00e7\u00e3o de v\u00eddeo (nos modelos de telem\u00f3vel dispon\u00edveis)*.<\/p>\n<p>Luz brilhante para cores deslumbrantes<br \/>\nO Sea Dragon 2500 utiliza a tecnologia COB LED de painel plano para imitar com exatid\u00e3o a luz solar natural, real\u00e7ando cores deslumbrantes em fotografias e v\u00eddeos subaqu\u00e1ticos. Com um \u00edndice de restitui\u00e7\u00e3o de cor de 90, o Sea Dragon 2500 resolve o problema das cores suaves nas fotografias e v\u00eddeos subaqu\u00e1ticos.<\/p>\n<p>A caixa SportDiver Ultra inclui a aplica\u00e7\u00e3o SportDiver gratuita; ao contr\u00e1rio de outras aplica\u00e7\u00f5es de caixa para smartphone, n\u00e3o existem compras ou an\u00fancios irritantes na aplica\u00e7\u00e3o. Pode alternar facilmente entre o modo de fotografia e de v\u00eddeo. A aplica\u00e7\u00e3o SportDiver utiliza a tecnologia da c\u00e2mara do seu telem\u00f3vel, que \u00e9 espec\u00edfica de cada modelo de telem\u00f3vel*. A aplica\u00e7\u00e3o \u00e9 compat\u00edvel com as vers\u00f5es actuais e anteriores do sistema operativo, sendo actualizada de acordo com as novas vers\u00f5es do sistema operativo.<\/p>\n<p>O modo de reprodu\u00e7\u00e3o da aplica\u00e7\u00e3o apresenta fotografias e v\u00eddeos em tamanho real com uma faixa vertical de miniaturas, facilitando a localiza\u00e7\u00e3o das imagens. Os v\u00eddeos s\u00e3o reproduzidos automaticamente quando seleccionados. Todos os ficheiros s\u00e3o tamb\u00e9m guardados no rolo de filmes do telem\u00f3vel. A caixa SportDiver Ultra liga-se automaticamente ao seu smartphone e \u00e0 aplica\u00e7\u00e3o SportDiver atrav\u00e9s da tecnologia sem fios Bluetooth\u00ae Low Energy (LE) 5. N\u00e3o h\u00e1 cabos ou bot\u00f5es que toquem no telem\u00f3vel e o consumo de energia \u00e9 extremamente baixo, tanto para o telem\u00f3vel como para a caixa, que \u00e9 alimentada por duas pilhas AAA que duram mais de 50 horas de utiliza\u00e7\u00e3o cont\u00ednua.<\/p>\n<p>Para obter melhores resultados de imagem, o SportDiver Ultra \u00e9 fornecido com um filtro de corre\u00e7\u00e3o de cor subaqu\u00e1tico amov\u00edvel, que restaura as cores subaqu\u00e1ticas naturais. O filtro vermelho pode ser facilmente colocado ou retirado debaixo de \u00e1gua e possui um cord\u00e3o de seguran\u00e7a para evitar a sua perda.<\/p>\n<p>A caixa SportDiver Ultra possui sete suportes de trip\u00e9 1\/4-20 que podem ser montados em qualquer l\u00e2mpada com rosca de trip\u00e9 padr\u00e3o, como a gama de l\u00e2mpadas de foto\/v\u00eddeo subaqu\u00e1ticas Sea Dragon da SeaLife.<\/p>\n<p>Para seguran\u00e7a e prote\u00e7\u00e3o do telefone, o SportDiver Ultra tem uma mola resistente e abas de borracha que mant\u00eam o smartphone firmemente no lugar e fornecem prote\u00e7\u00e3o contra choques. O SportDiver Ultra possui \"Alarmes duplos de fugas\", incluindo um alarme interno de humidade e um alarme de press\u00e3o de v\u00e1cuo que avisa o mergulhador com alertas no ecr\u00e3, sinais de \u00e1udio e LED no caso improv\u00e1vel de a veda\u00e7\u00e3o \u00e0 prova de \u00e1gua ser comprometida e haver perda de press\u00e3o na caixa ou ser detectada humidade. A porta do SportDiver Ultra \u00e9 selada com um O-ring de TPE e um robusto fecho de cam-lock que tranca a porta \u00e0 prova de \u00e1gua de forma f\u00e1cil e segura. Para evitar o embaciamento do interior devido \u00e0 humidade residual, o SportDiver Ultra utiliza a c\u00e1psula anti-embaciamento \"Moisture Muncher\" que evita o embaciamento e a condensa\u00e7\u00e3o interna.<\/p>\n<p>*Importante: Algumas defini\u00e7\u00f5es podem n\u00e3o estar dispon\u00edveis consoante a marca\/modelo do telem\u00f3vel. Dependendo das defini\u00e7\u00f5es em conflito, as defini\u00e7\u00f5es podem estar bloqueadas ou inacess\u00edveis. Por exemplo, a defini\u00e7\u00e3o Retrato (desfocagem de fundo) s\u00f3 est\u00e1 dispon\u00edvel em iPhones com v\u00e1rias lentes. A defini\u00e7\u00e3o de sele\u00e7\u00e3o de lentes pode n\u00e3o incluir todas as lentes de telem\u00f3vel dispon\u00edveis; a lente Telefoto n\u00e3o est\u00e1 dispon\u00edvel para telem\u00f3veis Android. Verifique a App Store e a Play Store para obter actualiza\u00e7\u00f5es da aplica\u00e7\u00e3o SportDiver.<\/p>","protected":false},"excerpt":{"rendered":"<p>SportDiver Ultra 2500 Set Product Nr. SL406 De SeaLife SportDiver Ultra Pro 2500 Set is een compacte en lichtgewicht onderwaterbehuizing voor smartphones [&hellip;]<\/p>\n","protected":false},"featured_media":2780,"comment_status":"open","ping_status":"closed","template":"","meta":{"_acf_changed":false},"product_brand":[],"product_cat":[387],"product_tag":[152,146,168,252,377,378,439,379,454,459,461,460,237,380],"class_list":{"0":"post-2597","1":"product","2":"type-product","3":"status-publish","4":"has-post-thumbnail","6":"product_cat-cameras-en-behuizing","7":"product_tag-camera","8":"product_tag-fotografie","9":"product_tag-onderwater","10":"product_tag-onderwaterwereld","11":"product_tag-photography","12":"product_tag-sea-dragon","13":"product_tag-sea-dragon-lampen","14":"product_tag-sealife","15":"product_tag-sportdiver","16":"product_tag-sportdiver-ultra","17":"product_tag-sportdiver-ultra-2500-set","18":"product_tag-ultra","19":"product_tag-underwater","20":"product_tag-universal","21":"product_shipping_class-pakket","23":"first","24":"instock","25":"shipping-taxable","26":"product-type-simple"},"acf":[],"_links":{"self":[{"href":"https:\/\/sealife-cameras.eu\/pt\/wp-json\/wp\/v2\/product\/2597","targetHints":{"allow":["GET"]}}],"collection":[{"href":"https:\/\/sealife-cameras.eu\/pt\/wp-json\/wp\/v2\/product"}],"about":[{"href":"https:\/\/sealife-cameras.eu\/pt\/wp-json\/wp\/v2\/types\/product"}],"replies":[{"embeddable":true,"href":"https:\/\/sealife-cameras.eu\/pt\/wp-json\/wp\/v2\/comments?post=2597"}],"wp:featuredmedia":[{"embeddable":true,"href":"https:\/\/sealife-cameras.eu\/pt\/wp-json\/wp\/v2\/media\/2780"}],"wp:attachment":[{"href":"https:\/\/sealife-cameras.eu\/pt\/wp-json\/wp\/v2\/media?parent=2597"}],"wp:term":[{"taxonomy":"product_brand","embeddable":true,"href":"https:\/\/sealife-cameras.eu\/pt\/wp-json\/wp\/v2\/product_brand?post=2597"},{"taxonomy":"product_cat","embeddable":true,"href":"https:\/\/sealife-cameras.eu\/pt\/wp-json\/wp\/v2\/product_cat?post=2597"},{"taxonomy":"product_tag","embeddable":true,"href":"https:\/\/sealife-cameras.eu\/pt\/wp-json\/wp\/v2\/product_tag?post=2597"}],"curies":[{"name":"wp","href":"https:\/\/api.w.org\/{rel}","templated":true}]}}