{"id":2811,"date":"2024-06-28T12:54:51","date_gmt":"2024-06-28T10:54:51","guid":{"rendered":"https:\/\/sealife-cameras.eu\/?post_type=product&#038;p=2811"},"modified":"2024-08-20T12:42:41","modified_gmt":"2024-08-20T10:42:41","slug":"sealife-large-underwater-retractor","status":"publish","type":"product","link":"https:\/\/sealife-cameras.eu\/pt\/produto\/sealife-large-underwater-retractor\/","title":{"rendered":"Retractor de engrenagem grande SeaLife"},"content":{"rendered":"<p>Retractor de engrenagem grande Sealife<br \/>\nN.\u00ba do produto SL926<\/p>\n<p>O SeaLife Large Gear Retractor foi concebido para c\u00e2maras e caixas de tamanho m\u00e9dio, at\u00e9 ao tamanho das c\u00e2maras SeaLife SportDiver ou DC ou modelos semelhantes. O retractor grande tamb\u00e9m \u00e9 perfeito para luzes de mergulho manuais de maiores dimens\u00f5es. O retractor tem um grande clipe de press\u00e3o em a\u00e7o inoxid\u00e1vel 316 que pode ser fixado ao seu BCD ou colete. O retractor tamb\u00e9m tem uma fun\u00e7\u00e3o de liberta\u00e7\u00e3o r\u00e1pida que lhe permite retir\u00e1-lo rapidamente do dispositivo ligado. O retractor de grandes dimens\u00f5es estende-se at\u00e9 107 cm e tem uma for\u00e7a de retra\u00e7\u00e3o de 340 g. O cabo de retra\u00e7\u00e3o tem uma resist\u00eancia \u00e0 rutura de 36 kg. O sistema de retra\u00e7\u00e3o limpa-se sozinho; a \u00fanica manuten\u00e7\u00e3o necess\u00e1ria \u00e9 uma lavagem completa em \u00e1gua doce.<\/p>","protected":false},"excerpt":{"rendered":"<p>Sealife Large Gear Retractor Product nr. SL926 De SeaLife Large Gear Retractor is ontworpen voor middelgrote camera&#8217;s en behuizingen tot de grootte [&hellip;]<\/p>\n","protected":false},"featured_media":2812,"comment_status":"open","ping_status":"closed","template":"","meta":{"_acf_changed":false},"product_brand":[],"product_cat":[385],"product_tag":[251,282,146,464,168,252,377,463,379,237,380],"class_list":{"0":"post-2811","1":"product","2":"type-product","3":"status-publish","4":"has-post-thumbnail","6":"product_cat-overige-accessoires","7":"product_tag-accessoires","8":"product_tag-diving","9":"product_tag-fotografie","10":"product_tag-gear-retractor","11":"product_tag-onderwater","12":"product_tag-onderwaterwereld","13":"product_tag-photography","14":"product_tag-retractor","15":"product_tag-sealife","16":"product_tag-underwater","17":"product_tag-universal","18":"product_shipping_class-pakket","20":"first","21":"instock","22":"shipping-taxable","23":"product-type-simple"},"acf":[],"_links":{"self":[{"href":"https:\/\/sealife-cameras.eu\/pt\/wp-json\/wp\/v2\/product\/2811","targetHints":{"allow":["GET"]}}],"collection":[{"href":"https:\/\/sealife-cameras.eu\/pt\/wp-json\/wp\/v2\/product"}],"about":[{"href":"https:\/\/sealife-cameras.eu\/pt\/wp-json\/wp\/v2\/types\/product"}],"replies":[{"embeddable":true,"href":"https:\/\/sealife-cameras.eu\/pt\/wp-json\/wp\/v2\/comments?post=2811"}],"wp:featuredmedia":[{"embeddable":true,"href":"https:\/\/sealife-cameras.eu\/pt\/wp-json\/wp\/v2\/media\/2812"}],"wp:attachment":[{"href":"https:\/\/sealife-cameras.eu\/pt\/wp-json\/wp\/v2\/media?parent=2811"}],"wp:term":[{"taxonomy":"product_brand","embeddable":true,"href":"https:\/\/sealife-cameras.eu\/pt\/wp-json\/wp\/v2\/product_brand?post=2811"},{"taxonomy":"product_cat","embeddable":true,"href":"https:\/\/sealife-cameras.eu\/pt\/wp-json\/wp\/v2\/product_cat?post=2811"},{"taxonomy":"product_tag","embeddable":true,"href":"https:\/\/sealife-cameras.eu\/pt\/wp-json\/wp\/v2\/product_tag?post=2811"}],"curies":[{"name":"wp","href":"https:\/\/api.w.org\/{rel}","templated":true}]}}