{"id":3292,"date":"2025-04-02T13:54:35","date_gmt":"2025-04-02T11:54:35","guid":{"rendered":"https:\/\/sealife-cameras.eu\/?post_type=product&#038;p=3292"},"modified":"2025-08-07T12:36:16","modified_gmt":"2025-08-07T10:36:16","slug":"micro-3-0-met-bijna-gratis-sea-dragon-2300-lamp","status":"publish","type":"product","link":"https:\/\/sealife-cameras.eu\/pt\/produto\/micro-3-0-met-bijna-gratis-sea-dragon-2300-lamp\/","title":{"rendered":"Micro 3.0 com l\u00e2mpada Sea Dragon 2300 (quase) gratuita"},"content":{"rendered":"<p><em>Micro 3.0 com l\u00e2mpada Sea Dragon 2300 (quase) gratuita<\/em><br \/>\n<em>N.\u00ba do produto SL556<\/em><\/p>\n<p>Por um per\u00edodo limitado, a SeaLife est\u00e1 a oferecer o Micro 3.0 Camera &amp; Light Limited Edition Gift Set, que inclui a nova Sea Dragon 2300F Photo Video Light. A nova l\u00e2mpada tem uma restitui\u00e7\u00e3o de cor excecional de 80 (CRI) e uma temperatura de cor de 5000K (Kelvin), com um longo tempo de funcionamento de 80 minutos \u00e0 pot\u00eancia m\u00e1xima. A c\u00e2mara e a l\u00e2mpada est\u00e3o pr\u00e9-montadas e podem ser utilizadas quase imediatamente ap\u00f3s o carregamento.<\/p>\n<p>A c\u00e2mara subaqu\u00e1tica Micro 3.0, a mais recente e terceira gera\u00e7\u00e3o da popular s\u00e9rie de c\u00e2maras Micro permanentemente seladas. A c\u00e2mara \u00e9 completamente selada \u00e0 prova de \u00e1gua. N\u00e3o h\u00e1 v\u00e1lvulas, tampas ou vedantes com an\u00e9is em O para lubrificar ou manter, pelo que n\u00e3o h\u00e1 preocupa\u00e7\u00f5es com poss\u00edveis danos causados pela \u00e1gua ou inunda\u00e7\u00e3o da c\u00e2mara. Tal como as suas antecessoras, a Micro 3.0 tem um design ergon\u00f3mico, s\u00f3lido, mas compacto, com controlos e menus f\u00e1ceis de utilizar.<\/p>\n<p>O kit de ilumina\u00e7\u00e3o Sea Dragon 2300F oferece uma temperatura de cor muito favor\u00e1vel e uma reprodu\u00e7\u00e3o de cores debaixo de \u00e1gua. Concebido para c\u00e2maras de a\u00e7\u00e3o, smartphones e c\u00e2maras digitais compactas que necessitam de uma boa fonte de luz para produzir fotografias e v\u00eddeos coloridos debaixo de \u00e1gua. Especialmente \u00fatil para c\u00e2maras de a\u00e7\u00e3o, o Sea Dragon 2300F inclui o Punho Flex-Connect, o Micro Tray e um suporte para c\u00e2maras de a\u00e7\u00e3o. A l\u00e2mpada tem um impressionante CRI (Colour Rendering Index) de 80 com uma temperatura de cor de 5000K, o que a torna ideal para fotografia e v\u00eddeo subaqu\u00e1ticos. Um longo tempo de funcionamento de 80 minutos na pot\u00eancia m\u00e1xima permite-lhe efetuar v\u00e1rios mergulhos sem recarregar a bateria<\/p>","protected":false},"excerpt":{"rendered":"<p>Micro 3.0 met (bijna) gratis Sea Dragon 2300 lamp Product nr. SL556 Voor een beperkte tijd biedt SeaLife de Micro 3.0 Camera [&hellip;]<\/p>\n","protected":false},"featured_media":3485,"comment_status":"open","ping_status":"closed","template":"","meta":{"_acf_changed":false},"product_brand":[],"product_cat":[387],"product_tag":[],"class_list":{"0":"post-3292","1":"product","2":"type-product","3":"status-publish","4":"has-post-thumbnail","6":"product_cat-cameras-en-behuizing","8":"first","9":"instock","10":"featured","11":"shipping-taxable","12":"product-type-simple"},"acf":[],"_links":{"self":[{"href":"https:\/\/sealife-cameras.eu\/pt\/wp-json\/wp\/v2\/product\/3292","targetHints":{"allow":["GET"]}}],"collection":[{"href":"https:\/\/sealife-cameras.eu\/pt\/wp-json\/wp\/v2\/product"}],"about":[{"href":"https:\/\/sealife-cameras.eu\/pt\/wp-json\/wp\/v2\/types\/product"}],"replies":[{"embeddable":true,"href":"https:\/\/sealife-cameras.eu\/pt\/wp-json\/wp\/v2\/comments?post=3292"}],"wp:featuredmedia":[{"embeddable":true,"href":"https:\/\/sealife-cameras.eu\/pt\/wp-json\/wp\/v2\/media\/3485"}],"wp:attachment":[{"href":"https:\/\/sealife-cameras.eu\/pt\/wp-json\/wp\/v2\/media?parent=3292"}],"wp:term":[{"taxonomy":"product_brand","embeddable":true,"href":"https:\/\/sealife-cameras.eu\/pt\/wp-json\/wp\/v2\/product_brand?post=3292"},{"taxonomy":"product_cat","embeddable":true,"href":"https:\/\/sealife-cameras.eu\/pt\/wp-json\/wp\/v2\/product_cat?post=3292"},{"taxonomy":"product_tag","embeddable":true,"href":"https:\/\/sealife-cameras.eu\/pt\/wp-json\/wp\/v2\/product_tag?post=3292"}],"curies":[{"name":"wp","href":"https:\/\/api.w.org\/{rel}","templated":true}]}}